{"id":3584,"date":"2025-10-09T00:00:00","date_gmt":"2025-10-08T22:00:00","guid":{"rendered":"https:\/\/yotavis.ch\/product\/sdg6052x\/"},"modified":"2026-04-24T13:27:29","modified_gmt":"2026-04-24T11:27:29","slug":"sdg6052x","status":"publish","type":"product","link":"https:\/\/yotavis.ch\/de\/produkt\/sdg6052x\/","title":{"rendered":"SDG6052X"},"content":{"rendered":"<p>Der SDG6052X von Siglent ist ein 500MHz Funktions-\/Arbitrary-Wellenformgenerator mit zwei Kan\u00e4len und einer Abtastrate von 2,4GSa\/s. Er bietet eine vertikale Aufl\u00f6sung von 16 Bit und unterst\u00fctzt Wellenforml\u00e4ngen von 2 bis 20 Millionen Punkten. Das Ger\u00e4t verf\u00fcgt \u00fcber die EasyPulse- und TrueArb-Technologie, um die M\u00f6glichkeiten zur Erzeugung von Wellenformen zu verbessern. Es hat eine maximale Amplitude von 10 Volt und unterst\u00fctzt Sweep- und Burst-Funktionen. Die Abtastrate ist mit 300 MS\/s und einer Speichertiefe von 20 Mpts angegeben. Die minimale \u00dcbergangszeit betr\u00e4gt 1 Nanosekunde, und die minimale Impulsbreite betr\u00e4gt 3,3 Nanosekunden. Dieses Modell wurde entwickelt, um eine pr\u00e4zise und flexible Wellenformausgabe f\u00fcr verschiedene Pr\u00fcf- und Messanwendungen zu erm\u00f6glichen.<\/p>","protected":false},"excerpt":{"rendered":"<p>500MHz; 2 Kan\u00e4le; 2,4GSa\/s; 16bit; Arb-Wellenforml\u00e4nge: 2~20Mpts; Funktions-\/Arbitr\u00e4rwellenform-Ausgang; EasyPulse und TrueArb-Technologie<\/p>","protected":false},"featured_media":4939,"comment_status":"closed","ping_status":"closed","template":"","meta":{"_acf_changed":false,"slim_seo":{"title":"SDG6052X - YOTAVIS AG","description":"500MHz; 2 Kan\u00e4le; 2,4GSa\/s; 16bit; Arb-Wellenforml\u00e4nge: 2~20Mpts; Funktions-\/Arbitr\u00e4rwellenform-Ausgang; EasyPulse und TrueArb-Technologie"}},"product_brand":[506],"product_cat":[1189,541,513],"product_tag":[],"class_list":{"0":"post-3584","1":"product","2":"type-product","3":"status-publish","4":"has-post-thumbnail","6":"product_brand-siglent","7":"product_cat-afg","8":"product_cat-awg","9":"product_cat-generator","10":"pa_amplitude-v-106","11":"pa_burst-yes","12":"pa_channels-350","13":"pa_frequency-mhz-139","14":"pa_memory-mpts-133","15":"pa_pulse-width-min-ns-3-3","16":"pa_sampling-rate-ms-s-127","17":"pa_sweep-yes","18":"pa_transition-time-min-ns-137","19":"pa_vertical-resolution-bits-125","21":"first","22":"instock","23":"taxable","24":"shipping-taxable","25":"purchasable","26":"product-type-simple"},"acf":[],"_links":{"self":[{"href":"https:\/\/yotavis.ch\/de\/wp-json\/wp\/v2\/product\/3584","targetHints":{"allow":["GET"]}}],"collection":[{"href":"https:\/\/yotavis.ch\/de\/wp-json\/wp\/v2\/product"}],"about":[{"href":"https:\/\/yotavis.ch\/de\/wp-json\/wp\/v2\/types\/product"}],"replies":[{"embeddable":true,"href":"https:\/\/yotavis.ch\/de\/wp-json\/wp\/v2\/comments?post=3584"}],"wp:featuredmedia":[{"embeddable":true,"href":"https:\/\/yotavis.ch\/de\/wp-json\/wp\/v2\/media\/4939"}],"wp:attachment":[{"href":"https:\/\/yotavis.ch\/de\/wp-json\/wp\/v2\/media?parent=3584"}],"wp:term":[{"taxonomy":"product_brand","embeddable":true,"href":"https:\/\/yotavis.ch\/de\/wp-json\/wp\/v2\/product_brand?post=3584"},{"taxonomy":"product_cat","embeddable":true,"href":"https:\/\/yotavis.ch\/de\/wp-json\/wp\/v2\/product_cat?post=3584"},{"taxonomy":"product_tag","embeddable":true,"href":"https:\/\/yotavis.ch\/de\/wp-json\/wp\/v2\/product_tag?post=3584"}],"curies":[{"name":"wp","href":"https:\/\/api.w.org\/{rel}","templated":true}]}}