{"id":3585,"date":"2025-10-09T00:00:00","date_gmt":"2025-10-08T22:00:00","guid":{"rendered":"https:\/\/yotavis.ch\/product\/spd3303c\/"},"modified":"2026-04-24T13:27:30","modified_gmt":"2026-04-24T11:27:30","slug":"spd3303c","status":"publish","type":"product","link":"https:\/\/yotavis.ch\/de\/produkt\/spd3303c\/","title":{"rendered":"SPD3303C"},"content":{"rendered":"<p>Das SPD3303C von Siglent verf\u00fcgt \u00fcber drei unabh\u00e4ngig voneinander steuerbare Ausg\u00e4nge, darunter zwei Ausg\u00e4nge mit je 30V\/3A und ein schaltbarer Ausgang mit 2,5V, 3,3V oder 5V bei 3A. Dieses Pr\u00e4zisionsnetzteil ist programmierbar und erm\u00f6glicht einen vielseitigen Einsatz in verschiedenen Anwendungen. Es liefert eine maximale Ausgangsleistung von 220 Watt, mit einer Spannungskapazit\u00e4t von bis zu 32 Volt und einer Strombegrenzung von 3,2 Ampere. Das Ger\u00e4t unterst\u00fctzt die Fernbedienungsfunktion, so dass der Benutzer es bequem und effizient aus der Ferne bedienen kann. Mit seinen drei Ausgangskan\u00e4len ist der SPD3303C f\u00fcr ein zuverl\u00e4ssiges und flexibles Power-Management ausgelegt. Seine Konfiguration unterst\u00fctzt mehrere Spannungs- und Stromeinstellungen, wodurch er sich f\u00fcr Test- und Entwicklungsumgebungen eignet, die eine pr\u00e4zise Leistungsabgabe erfordern. Die Kombination aus programmierbaren Funktionen und unabh\u00e4ngigen Ausg\u00e4ngen macht dieses Netzteil anpassungsf\u00e4hig an komplexe Setups, die unterschiedliche Stromquellen erfordern.<\/p>","protected":false},"excerpt":{"rendered":"<p>Dreifach-Pr\u00e4zisionsleistung mit unabh\u00e4ngig steuerbarem Ausgang: 30V\/3A X2, umschaltbar 2,5V\/3,3V\/5V\/3A X1; programmierbar<\/p>","protected":false},"featured_media":4940,"comment_status":"closed","ping_status":"closed","template":"","meta":{"_acf_changed":false,"slim_seo":{"title":"SPD3303C - YOTAVIS AG","description":"Dreifach-Pr\u00e4zisionsleistung mit unabh\u00e4ngig steuerbarem Ausgang: 30V\/3A X2, umschaltbar 2,5V\/3,3V\/5V\/3A X1; programmierbar"}},"product_brand":[506],"product_cat":[516,515],"product_tag":[],"class_list":{"0":"post-3585","1":"product","2":"type-product","3":"status-publish","4":"has-post-thumbnail","6":"product_brand-siglent","7":"product_cat-dc-source-en","8":"product_cat-power-en","9":"pa_current-a-3-2","10":"pa_output-number-141","11":"pa_power-w-387","12":"pa_remote-control-yes","13":"pa_voltage-v-140","15":"first","16":"instock","17":"taxable","18":"shipping-taxable","19":"purchasable","20":"product-type-simple"},"acf":[],"_links":{"self":[{"href":"https:\/\/yotavis.ch\/de\/wp-json\/wp\/v2\/product\/3585","targetHints":{"allow":["GET"]}}],"collection":[{"href":"https:\/\/yotavis.ch\/de\/wp-json\/wp\/v2\/product"}],"about":[{"href":"https:\/\/yotavis.ch\/de\/wp-json\/wp\/v2\/types\/product"}],"replies":[{"embeddable":true,"href":"https:\/\/yotavis.ch\/de\/wp-json\/wp\/v2\/comments?post=3585"}],"wp:featuredmedia":[{"embeddable":true,"href":"https:\/\/yotavis.ch\/de\/wp-json\/wp\/v2\/media\/4940"}],"wp:attachment":[{"href":"https:\/\/yotavis.ch\/de\/wp-json\/wp\/v2\/media?parent=3585"}],"wp:term":[{"taxonomy":"product_brand","embeddable":true,"href":"https:\/\/yotavis.ch\/de\/wp-json\/wp\/v2\/product_brand?post=3585"},{"taxonomy":"product_cat","embeddable":true,"href":"https:\/\/yotavis.ch\/de\/wp-json\/wp\/v2\/product_cat?post=3585"},{"taxonomy":"product_tag","embeddable":true,"href":"https:\/\/yotavis.ch\/de\/wp-json\/wp\/v2\/product_tag?post=3585"}],"curies":[{"name":"wp","href":"https:\/\/api.w.org\/{rel}","templated":true}]}}