{"id":3586,"date":"2025-10-09T00:00:00","date_gmt":"2025-10-08T22:00:00","guid":{"rendered":"https:\/\/yotavis.ch\/product\/spd3303x-e\/"},"modified":"2026-04-24T13:27:30","modified_gmt":"2026-04-24T11:27:30","slug":"spd3303x-e","status":"publish","type":"product","link":"https:\/\/yotavis.ch\/de\/produkt\/spd3303x-e\/","title":{"rendered":"SPD3303X-E"},"content":{"rendered":"<p>Der SPD3303X-E von Siglent verf\u00fcgt \u00fcber drei unabh\u00e4ngig voneinander steuerbare Leistungsausg\u00e4nge, darunter zwei Ausg\u00e4nge mit je 30V\/3A und ein schaltbarer Ausgang mit 2,5V, 3,3V oder 5V bei 3A. Das Ger\u00e4t unterst\u00fctzt den programmierbaren Betrieb und erm\u00f6glicht so eine pr\u00e4zise Steuerung der Leistungsabgabe. Es hat eine maximale Spannung von 32V und einen maximalen Strom von 3,2A, mit einer Gesamtleistung von 220 Watt. Das Netzteil verf\u00fcgt \u00fcber drei Ausg\u00e4nge, die einen vielseitigen Einsatz in verschiedenen Anwendungen erm\u00f6glichen. Es wird eine Fernsteuerungsfunktion unterst\u00fctzt, die den Betrieb aus der Ferne erleichtert. Dieses Modell ist so konzipiert, dass es mit seinen zahlreichen Ausgangsoptionen und programmierbaren Funktionen ein zuverl\u00e4ssiges und flexibles Energiemanagement erm\u00f6glicht.<\/p>","protected":false},"excerpt":{"rendered":"<p>Lan-Pr\u00e4zisions-Drei-Wege-Ausgang, unabh\u00e4ngig steuerbar: 30V\/3A X2, umschaltbar 2,5V\/3,3V\/5V\/3A X1; Programmierbar<\/p>","protected":false},"featured_media":4950,"comment_status":"closed","ping_status":"closed","template":"","meta":{"_acf_changed":false,"slim_seo":{"title":"SPD3303X-E - YOTAVIS AG","description":"Lan-Pr\u00e4zisions-Drei-Wege-Ausgang, unabh\u00e4ngig steuerbar: 30V\/3A X2, umschaltbar 2,5V\/3,3V\/5V\/3A X1; Programmierbar"}},"product_brand":[506],"product_cat":[516,515],"product_tag":[],"class_list":{"0":"post-3586","1":"product","2":"type-product","3":"status-publish","4":"has-post-thumbnail","6":"product_brand-siglent","7":"product_cat-dc-source-en","8":"product_cat-power-en","9":"pa_current-a-3-2","10":"pa_output-number-141","11":"pa_power-w-387","12":"pa_remote-control-yes","13":"pa_voltage-v-140","15":"first","16":"instock","17":"taxable","18":"shipping-taxable","19":"purchasable","20":"product-type-simple"},"acf":[],"_links":{"self":[{"href":"https:\/\/yotavis.ch\/de\/wp-json\/wp\/v2\/product\/3586","targetHints":{"allow":["GET"]}}],"collection":[{"href":"https:\/\/yotavis.ch\/de\/wp-json\/wp\/v2\/product"}],"about":[{"href":"https:\/\/yotavis.ch\/de\/wp-json\/wp\/v2\/types\/product"}],"replies":[{"embeddable":true,"href":"https:\/\/yotavis.ch\/de\/wp-json\/wp\/v2\/comments?post=3586"}],"wp:featuredmedia":[{"embeddable":true,"href":"https:\/\/yotavis.ch\/de\/wp-json\/wp\/v2\/media\/4950"}],"wp:attachment":[{"href":"https:\/\/yotavis.ch\/de\/wp-json\/wp\/v2\/media?parent=3586"}],"wp:term":[{"taxonomy":"product_brand","embeddable":true,"href":"https:\/\/yotavis.ch\/de\/wp-json\/wp\/v2\/product_brand?post=3586"},{"taxonomy":"product_cat","embeddable":true,"href":"https:\/\/yotavis.ch\/de\/wp-json\/wp\/v2\/product_cat?post=3586"},{"taxonomy":"product_tag","embeddable":true,"href":"https:\/\/yotavis.ch\/de\/wp-json\/wp\/v2\/product_tag?post=3586"}],"curies":[{"name":"wp","href":"https:\/\/api.w.org\/{rel}","templated":true}]}}