{"id":3587,"date":"2025-10-09T00:00:00","date_gmt":"2025-10-08T22:00:00","guid":{"rendered":"https:\/\/yotavis.ch\/product\/spd3303x\/"},"modified":"2026-04-24T13:27:31","modified_gmt":"2026-04-24T11:27:31","slug":"spd3303x","status":"publish","type":"product","link":"https:\/\/yotavis.ch\/de\/produkt\/spd3303x\/","title":{"rendered":"SPD3303X"},"content":{"rendered":"<p>Das SPD3303X von Siglent verf\u00fcgt \u00fcber drei unabh\u00e4ngig voneinander steuerbare Ausg\u00e4nge, darunter zwei Ausg\u00e4nge mit 30V\/3A und ein schaltbarer Ausgang mit 2,5V, 3,3V oder 5V bei 3A. Dieses Netzteil ist programmierbar und erm\u00f6glicht eine pr\u00e4zise Steuerung seiner Funktionen. Es liefert eine maximale Ausgangsleistung von 220 Watt und unterst\u00fctzt eine Spannung von bis zu 32 Volt bei einer Stromkapazit\u00e4t von 3,2 Ampere. Das Ger\u00e4t ist mit einer Fernbedienung ausgestattet, die den Betrieb aus der Ferne erm\u00f6glicht. Mit drei Ausgangskan\u00e4len kann der Benutzer mehrere Leistungsanforderungen gleichzeitig bew\u00e4ltigen. Durch die Kombination dieser Merkmale eignet sich das SPD3303X f\u00fcr Anwendungen, die ein vielseitiges und zuverl\u00e4ssiges Power-Management erfordern.<\/p>","protected":false},"excerpt":{"rendered":"<p>Lan-Pr\u00e4zisions-Drei-Wege-Ausgang, unabh\u00e4ngig steuerbar: 30V\/3A X2, umschaltbar 2,5V\/3,3V\/5V\/3A X1; Programmierbar<\/p>","protected":false},"featured_media":4950,"comment_status":"closed","ping_status":"closed","template":"","meta":{"_acf_changed":false,"slim_seo":{"title":"SPD3303X - YOTAVIS AG","description":"Lan-Pr\u00e4zisions-Drei-Wege-Ausgang, unabh\u00e4ngig steuerbar: 30V\/3A X2, umschaltbar 2,5V\/3,3V\/5V\/3A X1; Programmierbar"}},"product_brand":[506],"product_cat":[516,515],"product_tag":[],"class_list":{"0":"post-3587","1":"product","2":"type-product","3":"status-publish","4":"has-post-thumbnail","6":"product_brand-siglent","7":"product_cat-dc-source-en","8":"product_cat-power-en","9":"pa_current-a-3-2","10":"pa_output-number-141","11":"pa_power-w-387","12":"pa_remote-control-yes","13":"pa_voltage-v-140","15":"first","16":"instock","17":"taxable","18":"shipping-taxable","19":"purchasable","20":"product-type-simple"},"acf":[],"_links":{"self":[{"href":"https:\/\/yotavis.ch\/de\/wp-json\/wp\/v2\/product\/3587","targetHints":{"allow":["GET"]}}],"collection":[{"href":"https:\/\/yotavis.ch\/de\/wp-json\/wp\/v2\/product"}],"about":[{"href":"https:\/\/yotavis.ch\/de\/wp-json\/wp\/v2\/types\/product"}],"replies":[{"embeddable":true,"href":"https:\/\/yotavis.ch\/de\/wp-json\/wp\/v2\/comments?post=3587"}],"wp:featuredmedia":[{"embeddable":true,"href":"https:\/\/yotavis.ch\/de\/wp-json\/wp\/v2\/media\/4950"}],"wp:attachment":[{"href":"https:\/\/yotavis.ch\/de\/wp-json\/wp\/v2\/media?parent=3587"}],"wp:term":[{"taxonomy":"product_brand","embeddable":true,"href":"https:\/\/yotavis.ch\/de\/wp-json\/wp\/v2\/product_brand?post=3587"},{"taxonomy":"product_cat","embeddable":true,"href":"https:\/\/yotavis.ch\/de\/wp-json\/wp\/v2\/product_cat?post=3587"},{"taxonomy":"product_tag","embeddable":true,"href":"https:\/\/yotavis.ch\/de\/wp-json\/wp\/v2\/product_tag?post=3587"}],"curies":[{"name":"wp","href":"https:\/\/api.w.org\/{rel}","templated":true}]}}