{"id":3589,"date":"2025-10-09T00:00:00","date_gmt":"2025-10-08T22:00:00","guid":{"rendered":"https:\/\/yotavis.ch\/product\/spd1305x\/"},"modified":"2026-04-24T13:27:31","modified_gmt":"2026-04-24T11:27:31","slug":"spd1305x","status":"publish","type":"product","link":"https:\/\/yotavis.ch\/de\/produkt\/spd1305x\/","title":{"rendered":"SPD1305X"},"content":{"rendered":"<p>Der SPD1305X von Siglent verf\u00fcgt \u00fcber einen hochpr\u00e4zisen programmierbaren Spannungsausgang mit einem Maximum von 30 V und 5 A, der eine Gesamtleistung von bis zu 150 W liefert. Er bietet eine 5-stellige Spannungsanzeige und eine 4-stellige Stromanzeige mit einer Mindestaufl\u00f6sung von 1 mV bzw. 1 mA. Das Ger\u00e4t unterst\u00fctzt sowohl Zweidraht- als auch Vierdraht-Ausgangsmodi, was seine Vielseitigkeit in verschiedenen Anwendungen erh\u00f6ht. Er hat eine Nennleistung von 128 W, eine Nennspannung von 16 V und einen Nennstrom von 8 A. Das SPD1305X verf\u00fcgt \u00fcber einen Ausgangskanal und unterst\u00fctzt eine Fernsteuerungsfunktion, die eine bequeme Bedienung aus der Ferne erm\u00f6glicht. Dank dieser Kombination von Merkmalen eignet sich das Ger\u00e4t f\u00fcr die pr\u00e4zise Programmierung von Spannung und Strom in kontrollierten Umgebungen.<\/p>","protected":false},"excerpt":{"rendered":"<p>Einpfadiger, hochpr\u00e4ziser, programmierbarer Spannungsausgang\uff1a30 V\/5 A\uff0cGesamtleistung bis zu 150 W\uff1b5-stellige Spannungs-, 4-stellige Stromanzeige, Mindestaufl\u00f6sung: 1 mV\/1 mA \uff1bZwei-Draht-Ausgangsmodus, 4-Draht<\/p>","protected":false},"featured_media":5011,"comment_status":"closed","ping_status":"closed","template":"","meta":{"_acf_changed":false,"slim_seo":{"title":"SPD1305X - YOTAVIS AG","description":"Single path high-precision programmable voltage output\uff1a30 V\/5 A\uff0ctotal power up to 150 W\uff1b5 digit Voltage, 4 digit Current Display, Minimum Resolution: 1 mV\/1 mA"}},"product_brand":[506],"product_cat":[516,515],"product_tag":[],"class_list":{"0":"post-3589","1":"product","2":"type-product","3":"status-publish","4":"has-post-thumbnail","6":"product_brand-siglent","7":"product_cat-dc-source-en","8":"product_cat-power-en","9":"pa_current-a-394","10":"pa_output-number-146","11":"pa_power-w-393","12":"pa_remote-control-yes","13":"pa_voltage-v-147","15":"first","16":"instock","17":"taxable","18":"shipping-taxable","19":"purchasable","20":"product-type-simple"},"acf":[],"_links":{"self":[{"href":"https:\/\/yotavis.ch\/de\/wp-json\/wp\/v2\/product\/3589","targetHints":{"allow":["GET"]}}],"collection":[{"href":"https:\/\/yotavis.ch\/de\/wp-json\/wp\/v2\/product"}],"about":[{"href":"https:\/\/yotavis.ch\/de\/wp-json\/wp\/v2\/types\/product"}],"replies":[{"embeddable":true,"href":"https:\/\/yotavis.ch\/de\/wp-json\/wp\/v2\/comments?post=3589"}],"wp:featuredmedia":[{"embeddable":true,"href":"https:\/\/yotavis.ch\/de\/wp-json\/wp\/v2\/media\/5011"}],"wp:attachment":[{"href":"https:\/\/yotavis.ch\/de\/wp-json\/wp\/v2\/media?parent=3589"}],"wp:term":[{"taxonomy":"product_brand","embeddable":true,"href":"https:\/\/yotavis.ch\/de\/wp-json\/wp\/v2\/product_brand?post=3589"},{"taxonomy":"product_cat","embeddable":true,"href":"https:\/\/yotavis.ch\/de\/wp-json\/wp\/v2\/product_cat?post=3589"},{"taxonomy":"product_tag","embeddable":true,"href":"https:\/\/yotavis.ch\/de\/wp-json\/wp\/v2\/product_tag?post=3589"}],"curies":[{"name":"wp","href":"https:\/\/api.w.org\/{rel}","templated":true}]}}