{"id":3590,"date":"2025-10-09T00:00:00","date_gmt":"2025-10-08T22:00:00","guid":{"rendered":"https:\/\/yotavis.ch\/product\/spd4323x\/"},"modified":"2026-04-24T13:27:32","modified_gmt":"2026-04-24T11:27:32","slug":"spd4323x","status":"publish","type":"product","link":"https:\/\/yotavis.ch\/de\/produkt\/spd4323x\/","title":{"rendered":"SPD4323X"},"content":{"rendered":"<p>Das SPD4323X von Siglent ist ein lineares programmierbares 4-Kanal-DC-Netzteil mit einer Gesamtausgangsleistung von 240 W. Es verf\u00fcgt \u00fcber eine Aufl\u00f6sung von 1mV und 1mA, was eine pr\u00e4zise Einstellung von Spannung und Strom erm\u00f6glicht. Die maximalen Spannungs- und Stromwerte f\u00fcr die Kan\u00e4le 1 und 4 betragen 6 V und 3,2 A, w\u00e4hrend die Kan\u00e4le 2 und 3 jeweils bis zu 32 V und 3,2 A liefern k\u00f6nnen. Dieses Netzteil unterst\u00fctzt die Fernsteuerungsfunktionalit\u00e4t und erm\u00f6glicht den Betrieb aus der Ferne. Jeder Kanal ist f\u00fcr eine stabile und genaue Leistungsabgabe ausgelegt und eignet sich f\u00fcr verschiedene Test- und Entwicklungsanwendungen. Die maximale Spannung des Ger\u00e4ts betr\u00e4gt 32 V und der maximale Strom 3,2 A, gleichm\u00e4\u00dfig \u00fcber alle Kan\u00e4le. Mit vier Ausg\u00e4ngen bietet es Flexibilit\u00e4t f\u00fcr die gleichzeitige Versorgung mehrerer Ger\u00e4te oder Schaltungen.<\/p>","protected":false},"excerpt":{"rendered":"<p>4 CH DC linear programmierbare Stromversorgung; Gesamtausgangsleistung 240W; Aufl\u00f6sung 1mV\/1mA; CH1,CH2,CH3,CH4 max. Spannung\/Strom: 6V\/3.2A, 32V\/3.2A, 32V\/3.2A, 6V\/3.2A<\/p>","protected":false},"featured_media":5012,"comment_status":"closed","ping_status":"closed","template":"","meta":{"_acf_changed":false,"slim_seo":{"title":"SPD4323X - YOTAVIS AG","description":"4 CH DC linear programmable power supply; total output power 240W; resolution 1mV\/1mA; CH1,CH2,CH3,CH4 max. voltage\/current: 6V\/3.2A, 32V\/3.2A, 32V\/3.2A, 6V\/3.2"}},"product_brand":[506],"product_cat":[516,515],"product_tag":[],"class_list":{"0":"post-3590","1":"product","2":"type-product","3":"status-publish","4":"has-post-thumbnail","6":"product_brand-siglent","7":"product_cat-dc-source-en","8":"product_cat-power-en","9":"pa_current-a-3-2","10":"pa_output-number-148","11":"pa_power-w-395","12":"pa_remote-control-yes","13":"pa_voltage-v-140","15":"first","16":"instock","17":"taxable","18":"shipping-taxable","19":"purchasable","20":"product-type-simple"},"acf":[],"_links":{"self":[{"href":"https:\/\/yotavis.ch\/de\/wp-json\/wp\/v2\/product\/3590","targetHints":{"allow":["GET"]}}],"collection":[{"href":"https:\/\/yotavis.ch\/de\/wp-json\/wp\/v2\/product"}],"about":[{"href":"https:\/\/yotavis.ch\/de\/wp-json\/wp\/v2\/types\/product"}],"replies":[{"embeddable":true,"href":"https:\/\/yotavis.ch\/de\/wp-json\/wp\/v2\/comments?post=3590"}],"wp:featuredmedia":[{"embeddable":true,"href":"https:\/\/yotavis.ch\/de\/wp-json\/wp\/v2\/media\/5012"}],"wp:attachment":[{"href":"https:\/\/yotavis.ch\/de\/wp-json\/wp\/v2\/media?parent=3590"}],"wp:term":[{"taxonomy":"product_brand","embeddable":true,"href":"https:\/\/yotavis.ch\/de\/wp-json\/wp\/v2\/product_brand?post=3590"},{"taxonomy":"product_cat","embeddable":true,"href":"https:\/\/yotavis.ch\/de\/wp-json\/wp\/v2\/product_cat?post=3590"},{"taxonomy":"product_tag","embeddable":true,"href":"https:\/\/yotavis.ch\/de\/wp-json\/wp\/v2\/product_tag?post=3590"}],"curies":[{"name":"wp","href":"https:\/\/api.w.org\/{rel}","templated":true}]}}