{"id":3591,"date":"2025-10-09T00:00:00","date_gmt":"2025-10-08T22:00:00","guid":{"rendered":"https:\/\/yotavis.ch\/product\/spd4121x\/"},"modified":"2026-04-24T13:27:32","modified_gmt":"2026-04-24T11:27:32","slug":"spd4121x","status":"publish","type":"product","link":"https:\/\/yotavis.ch\/de\/produkt\/spd4121x\/","title":{"rendered":"SPD4121X"},"content":{"rendered":"<p>Das SPD4121X von Siglent ist ein 4-kanaliges, linear programmierbares DC-Netzteil mit einer Gesamtausgangsleistung von 285W. Es verf\u00fcgt \u00fcber eine Aufl\u00f6sung von 1mV und 1mA, was eine pr\u00e4zise Einstellung von Spannung und Strom erm\u00f6glicht. Die maximalen Spannungs- und Stromwerte sind f\u00fcr die vier Kan\u00e4le unterschiedlich: CH1 und CH4 k\u00f6nnen jeweils bis zu 15V und 1,5A liefern, w\u00e4hrend CH2 und CH3 jeweils bis zu 12V und 10A liefern. Diese Konfiguration unterst\u00fctzt eine breite Palette von Anwendungen, die gleichzeitig unterschiedliche Spannungs- und Stromst\u00e4rken erfordern. Das Ger\u00e4t unterst\u00fctzt eine Fernsteuerungsfunktion, die den Betrieb aus der Ferne erm\u00f6glicht und die Integration in automatisierte Systeme erleichtert. Mit einer Maximalspannung von 15 V und einem Maximalstrom von 10 A ist das Netzteil f\u00fcr den effizienten Umgang mit moderaten Leistungsanforderungen ausgelegt. Die vier Ausgangskan\u00e4le bieten Flexibilit\u00e4t bei der unabh\u00e4ngigen Versorgung mehrerer Ger\u00e4te oder Schaltkreise.<\/p>","protected":false},"excerpt":{"rendered":"<p>4 CH DC linear programmierbare Stromversorgung; Gesamtausgangsleistung 285W; Aufl\u00f6sung 1mV\/1mA; CH1,CH2,CH3,CH4 max. Spannung\/Strom: 15V\/1.5A, 12V\/10A, 12V\/10A, 15V\/1.5A<\/p>","protected":false},"featured_media":5019,"comment_status":"closed","ping_status":"closed","template":"","meta":{"_acf_changed":false,"slim_seo":{"title":"SPD4121X - YOTAVIS AG","description":"4 CH DC linear programmable power supply; total output power 285W; resolution 1mV\/1mA; CH1,CH2,CH3,CH4 max. voltage\/current: 15V\/1.5A, 12V\/10A, 12V\/10A, 15V\/1.5"}},"product_brand":[506],"product_cat":[516,515],"product_tag":[],"class_list":{"0":"post-3591","1":"product","2":"type-product","3":"status-publish","4":"has-post-thumbnail","6":"product_brand-siglent","7":"product_cat-dc-source-en","8":"product_cat-power-en","9":"pa_current-a-397","10":"pa_output-number-148","11":"pa_power-w-396","12":"pa_remote-control-yes","13":"pa_voltage-v-149","15":"first","16":"instock","17":"taxable","18":"shipping-taxable","19":"purchasable","20":"product-type-simple"},"acf":[],"_links":{"self":[{"href":"https:\/\/yotavis.ch\/de\/wp-json\/wp\/v2\/product\/3591","targetHints":{"allow":["GET"]}}],"collection":[{"href":"https:\/\/yotavis.ch\/de\/wp-json\/wp\/v2\/product"}],"about":[{"href":"https:\/\/yotavis.ch\/de\/wp-json\/wp\/v2\/types\/product"}],"replies":[{"embeddable":true,"href":"https:\/\/yotavis.ch\/de\/wp-json\/wp\/v2\/comments?post=3591"}],"wp:featuredmedia":[{"embeddable":true,"href":"https:\/\/yotavis.ch\/de\/wp-json\/wp\/v2\/media\/5019"}],"wp:attachment":[{"href":"https:\/\/yotavis.ch\/de\/wp-json\/wp\/v2\/media?parent=3591"}],"wp:term":[{"taxonomy":"product_brand","embeddable":true,"href":"https:\/\/yotavis.ch\/de\/wp-json\/wp\/v2\/product_brand?post=3591"},{"taxonomy":"product_cat","embeddable":true,"href":"https:\/\/yotavis.ch\/de\/wp-json\/wp\/v2\/product_cat?post=3591"},{"taxonomy":"product_tag","embeddable":true,"href":"https:\/\/yotavis.ch\/de\/wp-json\/wp\/v2\/product_tag?post=3591"}],"curies":[{"name":"wp","href":"https:\/\/api.w.org\/{rel}","templated":true}]}}