{"id":3592,"date":"2025-10-09T00:00:00","date_gmt":"2025-10-08T22:00:00","guid":{"rendered":"https:\/\/yotavis.ch\/product\/spd4306x\/"},"modified":"2026-04-24T13:27:32","modified_gmt":"2026-04-24T11:27:32","slug":"spd4306x","status":"publish","type":"product","link":"https:\/\/yotavis.ch\/de\/produkt\/spd4306x\/","title":{"rendered":"SPD4306X"},"content":{"rendered":"<p>Das SPD4306X von Siglent ist ein lineares programmierbares 4-Kanal-DC-Netzteil mit einer Gesamtausgangsleistung von 400W. Es verf\u00fcgt \u00fcber eine Aufl\u00f6sung von 1mV und 1mA, was eine pr\u00e4zise Steuerung der Spannungs- und Stromeinstellungen erm\u00f6glicht. Die maximalen Spannungs- und Stromwerte variieren je nach den vier Kan\u00e4len: CH1 unterst\u00fctzt bis zu 15V und 1,5A, CH2 und CH3 liefern jeweils bis zu 30V und 6A, w\u00e4hrend CH4 bis zu 15V und 1A bietet. Das Ger\u00e4t unterst\u00fctzt die Fernsteuerungsfunktionalit\u00e4t, die den Betrieb aus der Ferne erm\u00f6glicht. Mit einer maximalen Spannung von 30 V und einem maximalen Strom von 6 A eignet es sich f\u00fcr Anwendungen, die mehrere Spannungs- und Strompegel erfordern. Das Netzteil ist so konzipiert, dass es stabile und programmierbare Ausg\u00e4nge \u00fcber seine vier Kan\u00e4le liefert, was es vielseitig f\u00fcr verschiedene Test- und Entwicklungsszenarien macht.<\/p>","protected":false},"excerpt":{"rendered":"<p>4 CH DC linear programmierbare Stromversorgung; Gesamtausgangsleistung 400W; Aufl\u00f6sung 1mV\/1mA; CH1,CH2,CH3,CH4 max. Spannung\/Strom: 15V\/1.5A, 30V\/6A, 30V\/6A, 15V\/1A<\/p>","protected":false},"featured_media":5024,"comment_status":"closed","ping_status":"closed","template":"","meta":{"_acf_changed":false,"slim_seo":{"title":"SPD4306X - YOTAVIS AG","description":"4 CH DC linear programmierbare Stromversorgung; Gesamtausgangsleistung 400W; Aufl\u00f6sung 1mV\/1mA; CH1,CH2,CH3,CH4 max. Spannung\/Strom: 15V\/1.5A, 30V\/6A, 30V\/6A, 15V\/1A"}},"product_brand":[506],"product_cat":[516,515],"product_tag":[],"class_list":{"0":"post-3592","1":"product","2":"type-product","3":"status-publish","4":"has-post-thumbnail","6":"product_brand-siglent","7":"product_cat-dc-source-en","8":"product_cat-power-en","9":"pa_current-a-399","10":"pa_output-number-148","11":"pa_power-w-398","12":"pa_remote-control-yes","13":"pa_voltage-v-145","15":"first","16":"instock","17":"taxable","18":"shipping-taxable","19":"purchasable","20":"product-type-simple"},"acf":[],"_links":{"self":[{"href":"https:\/\/yotavis.ch\/de\/wp-json\/wp\/v2\/product\/3592","targetHints":{"allow":["GET"]}}],"collection":[{"href":"https:\/\/yotavis.ch\/de\/wp-json\/wp\/v2\/product"}],"about":[{"href":"https:\/\/yotavis.ch\/de\/wp-json\/wp\/v2\/types\/product"}],"replies":[{"embeddable":true,"href":"https:\/\/yotavis.ch\/de\/wp-json\/wp\/v2\/comments?post=3592"}],"wp:featuredmedia":[{"embeddable":true,"href":"https:\/\/yotavis.ch\/de\/wp-json\/wp\/v2\/media\/5024"}],"wp:attachment":[{"href":"https:\/\/yotavis.ch\/de\/wp-json\/wp\/v2\/media?parent=3592"}],"wp:term":[{"taxonomy":"product_brand","embeddable":true,"href":"https:\/\/yotavis.ch\/de\/wp-json\/wp\/v2\/product_brand?post=3592"},{"taxonomy":"product_cat","embeddable":true,"href":"https:\/\/yotavis.ch\/de\/wp-json\/wp\/v2\/product_cat?post=3592"},{"taxonomy":"product_tag","embeddable":true,"href":"https:\/\/yotavis.ch\/de\/wp-json\/wp\/v2\/product_tag?post=3592"}],"curies":[{"name":"wp","href":"https:\/\/api.w.org\/{rel}","templated":true}]}}