{"id":3597,"date":"2025-10-09T00:00:00","date_gmt":"2025-10-08T22:00:00","guid":{"rendered":"https:\/\/yotavis.ch\/product\/sps5043x\/"},"modified":"2026-04-24T13:27:34","modified_gmt":"2026-04-24T11:27:34","slug":"sps5043x","status":"publish","type":"product","link":"https:\/\/yotavis.ch\/de\/produkt\/sps5043x\/","title":{"rendered":"SPS5043X"},"content":{"rendered":"<p>Das Siglent SPS5043X ist ein einkanaliges Schaltnetzteil, das eine maximale Ausgangsleistung von 1080 Watt liefert. Es arbeitet mit einer Spannung von 40 Volt und kann einen Strom von bis zu 90 Ampere liefern. Dieses Modell verf\u00fcgt \u00fcber einen Ausgangskanal und unterst\u00fctzt die Fernbedienungsfunktion, die eine bequeme Bedienung aus der Ferne erm\u00f6glicht. Das Netzteil ist f\u00fcr hohe Strom- und Spannungsanforderungen ausgelegt und eignet sich daher f\u00fcr verschiedene Anwendungen, die eine stabile und zuverl\u00e4ssige Stromversorgung erfordern. Das Design konzentriert sich auf Effizienz und Pr\u00e4zision im Energiemanagement. Durch die M\u00f6glichkeit der Fernsteuerung wird die Verwendbarkeit in automatisierten oder komplexen Konfigurationen, bei denen ein direkter Zugriff nur begrenzt m\u00f6glich ist, verbessert. Insgesamt kombiniert das SPS5043X eine hohe Leistungskapazit\u00e4t mit benutzerfreundlichen Steuerungsoptionen.<\/p>","protected":false},"excerpt":{"rendered":"<p>40V\/90A\/1080W, Einkanal-Schaltnetzteil<\/p>","protected":false},"featured_media":5052,"comment_status":"closed","ping_status":"closed","template":"","meta":{"_acf_changed":false,"slim_seo":{"title":"SPS5043X - YOTAVIS AG","description":"40V\/90A\/1080W, Einkanal-Schaltnetzteil"}},"product_brand":[506],"product_cat":[516,515],"product_tag":[],"class_list":{"0":"post-3597","1":"product","2":"type-product","3":"status-publish","4":"has-post-thumbnail","6":"product_brand-siglent","7":"product_cat-dc-source-en","8":"product_cat-power-en","9":"pa_current-a-408","10":"pa_output-number-146","11":"pa_power-w-407","12":"pa_remote-control-yes","13":"pa_voltage-v-152","15":"first","16":"instock","17":"taxable","18":"shipping-taxable","19":"purchasable","20":"product-type-simple"},"acf":[],"_links":{"self":[{"href":"https:\/\/yotavis.ch\/de\/wp-json\/wp\/v2\/product\/3597","targetHints":{"allow":["GET"]}}],"collection":[{"href":"https:\/\/yotavis.ch\/de\/wp-json\/wp\/v2\/product"}],"about":[{"href":"https:\/\/yotavis.ch\/de\/wp-json\/wp\/v2\/types\/product"}],"replies":[{"embeddable":true,"href":"https:\/\/yotavis.ch\/de\/wp-json\/wp\/v2\/comments?post=3597"}],"wp:featuredmedia":[{"embeddable":true,"href":"https:\/\/yotavis.ch\/de\/wp-json\/wp\/v2\/media\/5052"}],"wp:attachment":[{"href":"https:\/\/yotavis.ch\/de\/wp-json\/wp\/v2\/media?parent=3597"}],"wp:term":[{"taxonomy":"product_brand","embeddable":true,"href":"https:\/\/yotavis.ch\/de\/wp-json\/wp\/v2\/product_brand?post=3597"},{"taxonomy":"product_cat","embeddable":true,"href":"https:\/\/yotavis.ch\/de\/wp-json\/wp\/v2\/product_cat?post=3597"},{"taxonomy":"product_tag","embeddable":true,"href":"https:\/\/yotavis.ch\/de\/wp-json\/wp\/v2\/product_tag?post=3597"}],"curies":[{"name":"wp","href":"https:\/\/api.w.org\/{rel}","templated":true}]}}