{"id":3598,"date":"2025-10-09T00:00:00","date_gmt":"2025-10-08T22:00:00","guid":{"rendered":"https:\/\/yotavis.ch\/product\/sps5044x\/"},"modified":"2026-04-24T13:27:35","modified_gmt":"2026-04-24T11:27:35","slug":"sps5044x","status":"publish","type":"product","link":"https:\/\/yotavis.ch\/de\/produkt\/sps5044x\/","title":{"rendered":"SPS5044X"},"content":{"rendered":"<p>Das Siglent SPS5044X ist ein Zweikanal-Schaltnetzteil, das eine maximale Ausgangsleistung von 720 Watt liefert, wobei jeder Kanal bis zu 40 Volt und 30 Ampere liefern kann. Diese Konfiguration erm\u00f6glicht zwei unabh\u00e4ngige Ausg\u00e4nge mit einer Leistung von jeweils 360 Watt und eignet sich damit f\u00fcr Anwendungen, die eine gleichzeitige Stromversorgung mehrerer Ger\u00e4te erfordern. Das Ger\u00e4t unterst\u00fctzt eine Fernsteuerungsfunktion, die es dem Benutzer erm\u00f6glicht, das Netzteil aus der Ferne zu bedienen und zu \u00fcberwachen, was besonders in automatisierten Testumgebungen oder in Einrichtungen mit begrenztem direktem Zugang n\u00fctzlich sein kann. Das Design des Netzteils konzentriert sich auf die Bereitstellung stabiler und zuverl\u00e4ssiger Spannungs- und Stromausg\u00e4nge und gew\u00e4hrleistet eine gleichbleibende Leistung \u00fcber den gesamten Betriebsbereich. Mit seinem Zweikanalausgang und seinen Fernsteuerungsm\u00f6glichkeiten bietet das SPS5044X Flexibilit\u00e4t f\u00fcr verschiedene Stromversorgungsanforderungen in Labor-, Industrie- oder Entwicklungsumgebungen.<\/p>","protected":false},"excerpt":{"rendered":"<p>40V\/30A\/360W*2, Schaltnetzteil mit zwei Kan\u00e4len<\/p>","protected":false},"featured_media":5059,"comment_status":"closed","ping_status":"closed","template":"","meta":{"_acf_changed":false,"slim_seo":{"title":"SPS5044X - YOTAVIS AG","description":"40V\/30A\/360W*2, Schaltnetzteil mit zwei Kan\u00e4len"}},"product_brand":[506],"product_cat":[516,515],"product_tag":[],"class_list":{"0":"post-3598","1":"product","2":"type-product","3":"status-publish","4":"has-post-thumbnail","6":"product_brand-siglent","7":"product_cat-dc-source-en","8":"product_cat-power-en","9":"pa_current-a-404","10":"pa_output-number-153","11":"pa_power-w-405","12":"pa_remote-control-yes","13":"pa_voltage-v-152","15":"first","16":"instock","17":"taxable","18":"shipping-taxable","19":"purchasable","20":"product-type-simple"},"acf":[],"_links":{"self":[{"href":"https:\/\/yotavis.ch\/de\/wp-json\/wp\/v2\/product\/3598","targetHints":{"allow":["GET"]}}],"collection":[{"href":"https:\/\/yotavis.ch\/de\/wp-json\/wp\/v2\/product"}],"about":[{"href":"https:\/\/yotavis.ch\/de\/wp-json\/wp\/v2\/types\/product"}],"replies":[{"embeddable":true,"href":"https:\/\/yotavis.ch\/de\/wp-json\/wp\/v2\/comments?post=3598"}],"wp:featuredmedia":[{"embeddable":true,"href":"https:\/\/yotavis.ch\/de\/wp-json\/wp\/v2\/media\/5059"}],"wp:attachment":[{"href":"https:\/\/yotavis.ch\/de\/wp-json\/wp\/v2\/media?parent=3598"}],"wp:term":[{"taxonomy":"product_brand","embeddable":true,"href":"https:\/\/yotavis.ch\/de\/wp-json\/wp\/v2\/product_brand?post=3598"},{"taxonomy":"product_cat","embeddable":true,"href":"https:\/\/yotavis.ch\/de\/wp-json\/wp\/v2\/product_cat?post=3598"},{"taxonomy":"product_tag","embeddable":true,"href":"https:\/\/yotavis.ch\/de\/wp-json\/wp\/v2\/product_tag?post=3598"}],"curies":[{"name":"wp","href":"https:\/\/api.w.org\/{rel}","templated":true}]}}