{"id":3600,"date":"2025-10-09T00:00:00","date_gmt":"2025-10-08T22:00:00","guid":{"rendered":"https:\/\/yotavis.ch\/product\/sps5051x\/"},"modified":"2026-04-24T13:27:35","modified_gmt":"2026-04-24T11:27:35","slug":"sps5051x","status":"publish","type":"product","link":"https:\/\/yotavis.ch\/de\/produkt\/sps5051x\/","title":{"rendered":"SPS5051X"},"content":{"rendered":"<p>Das Siglent SPS5051X ist ein einkanaliges Schaltnetzteil, das eine maximale Ausgangsspannung von 50 Volt und einen Strom von bis zu 10 Ampere liefert und eine Gesamtausgangsleistung von 180 Watt bereitstellt. Es verf\u00fcgt \u00fcber einen Ausgangskanal und unterst\u00fctzt eine Fernsteuerungsfunktion, die einen bequemen Betrieb aus der Ferne erm\u00f6glicht. Dieses Netzteil eignet sich f\u00fcr Anwendungen, die stabile und einstellbare Spannungs- und Stromeinstellungen innerhalb des angegebenen Bereichs erfordern. Das Design des Ger\u00e4ts konzentriert sich auf die Bereitstellung einer konsistenten Ausgangsleistung mit der Flexibilit\u00e4t einer Fernverwaltung. Seine Spezifikationen weisen auf eine robuste F\u00e4higkeit hin, moderate Leistungsanforderungen in verschiedenen elektronischen Test- und Entwicklungsszenarien zu bew\u00e4ltigen. Die Kombination aus Spannungs-, Strom- und Leistungswerten macht es zu einem vielseitigen Werkzeug f\u00fcr den Einsatz im Labor und in der Industrie.<\/p>","protected":false},"excerpt":{"rendered":"<p>50V\/10A\/180W, Einkanal-Schaltnetzteil<\/p>","protected":false},"featured_media":5064,"comment_status":"closed","ping_status":"closed","template":"","meta":{"_acf_changed":false,"slim_seo":{"title":"SPS5051X - YOTAVIS AG","description":"50V\/10A\/180W, Einkanal-Schaltnetzteil"}},"product_brand":[506],"product_cat":[516,515],"product_tag":[],"class_list":{"0":"post-3600","1":"product","2":"type-product","3":"status-publish","4":"has-post-thumbnail","6":"product_brand-siglent","7":"product_cat-dc-source-en","8":"product_cat-power-en","9":"pa_current-a-397","10":"pa_output-number-146","11":"pa_power-w-409","12":"pa_remote-control-yes","13":"pa_voltage-v-154","15":"first","16":"instock","17":"taxable","18":"shipping-taxable","19":"purchasable","20":"product-type-simple"},"acf":[],"_links":{"self":[{"href":"https:\/\/yotavis.ch\/de\/wp-json\/wp\/v2\/product\/3600","targetHints":{"allow":["GET"]}}],"collection":[{"href":"https:\/\/yotavis.ch\/de\/wp-json\/wp\/v2\/product"}],"about":[{"href":"https:\/\/yotavis.ch\/de\/wp-json\/wp\/v2\/types\/product"}],"replies":[{"embeddable":true,"href":"https:\/\/yotavis.ch\/de\/wp-json\/wp\/v2\/comments?post=3600"}],"wp:featuredmedia":[{"embeddable":true,"href":"https:\/\/yotavis.ch\/de\/wp-json\/wp\/v2\/media\/5064"}],"wp:attachment":[{"href":"https:\/\/yotavis.ch\/de\/wp-json\/wp\/v2\/media?parent=3600"}],"wp:term":[{"taxonomy":"product_brand","embeddable":true,"href":"https:\/\/yotavis.ch\/de\/wp-json\/wp\/v2\/product_brand?post=3600"},{"taxonomy":"product_cat","embeddable":true,"href":"https:\/\/yotavis.ch\/de\/wp-json\/wp\/v2\/product_cat?post=3600"},{"taxonomy":"product_tag","embeddable":true,"href":"https:\/\/yotavis.ch\/de\/wp-json\/wp\/v2\/product_tag?post=3600"}],"curies":[{"name":"wp","href":"https:\/\/api.w.org\/{rel}","templated":true}]}}