{"id":3601,"date":"2025-10-09T00:00:00","date_gmt":"2025-10-08T22:00:00","guid":{"rendered":"https:\/\/yotavis.ch\/product\/sps5081x\/"},"modified":"2026-04-24T13:27:38","modified_gmt":"2026-04-24T11:27:38","slug":"sps5081x","status":"publish","type":"product","link":"https:\/\/yotavis.ch\/de\/produkt\/sps5081x\/","title":{"rendered":"SPS5081X"},"content":{"rendered":"<p>Das Siglent SPS5081X ist ein einkanaliges Schaltnetzteil, das eine maximale Ausgangsleistung von 360 Watt liefert. Es arbeitet mit einer Spannung von 80 Volt und kann einen Strom von bis zu 15 Ampere liefern. Dieses Modell verf\u00fcgt \u00fcber einen Ausgangskanal und eignet sich daher f\u00fcr Anwendungen, die nur eine einzige Stromquelle ben\u00f6tigen. Das Netzteil unterst\u00fctzt die Fernsteuerungsfunktionalit\u00e4t und erm\u00f6glicht so eine komfortable Bedienung und Integration in automatisierte Systeme. Das Design konzentriert sich auf die Bereitstellung einer stabilen und zuverl\u00e4ssigen Stromversorgung innerhalb der angegebenen Spannungs- und Stromgrenzen. Die Kombination dieser Spezifikationen stellt sicher, dass das SPS5081X die Anforderungen verschiedener elektronischer Test- und Entwicklungsumgebungen erf\u00fcllen kann.<\/p>","protected":false},"excerpt":{"rendered":"<p>80V\/15A\/360W, Einkanal-Schaltnetzteil<\/p>","protected":false},"featured_media":5066,"comment_status":"closed","ping_status":"closed","template":"","meta":{"_acf_changed":false,"slim_seo":{"title":"SPS5081X - YOTAVIS AG","description":"80V\/15A\/360W, Einkanal-Schaltnetzteil"}},"product_brand":[506],"product_cat":[516,515],"product_tag":[],"class_list":{"0":"post-3601","1":"product","2":"type-product","3":"status-publish","4":"has-post-thumbnail","6":"product_brand-siglent","7":"product_cat-dc-source-en","8":"product_cat-power-en","9":"pa_current-a-410","10":"pa_output-number-146","11":"pa_power-w-403","12":"pa_remote-control-yes","13":"pa_voltage-v-155","15":"first","16":"instock","17":"taxable","18":"shipping-taxable","19":"purchasable","20":"product-type-simple"},"acf":[],"_links":{"self":[{"href":"https:\/\/yotavis.ch\/de\/wp-json\/wp\/v2\/product\/3601","targetHints":{"allow":["GET"]}}],"collection":[{"href":"https:\/\/yotavis.ch\/de\/wp-json\/wp\/v2\/product"}],"about":[{"href":"https:\/\/yotavis.ch\/de\/wp-json\/wp\/v2\/types\/product"}],"replies":[{"embeddable":true,"href":"https:\/\/yotavis.ch\/de\/wp-json\/wp\/v2\/comments?post=3601"}],"wp:featuredmedia":[{"embeddable":true,"href":"https:\/\/yotavis.ch\/de\/wp-json\/wp\/v2\/media\/5066"}],"wp:attachment":[{"href":"https:\/\/yotavis.ch\/de\/wp-json\/wp\/v2\/media?parent=3601"}],"wp:term":[{"taxonomy":"product_brand","embeddable":true,"href":"https:\/\/yotavis.ch\/de\/wp-json\/wp\/v2\/product_brand?post=3601"},{"taxonomy":"product_cat","embeddable":true,"href":"https:\/\/yotavis.ch\/de\/wp-json\/wp\/v2\/product_cat?post=3601"},{"taxonomy":"product_tag","embeddable":true,"href":"https:\/\/yotavis.ch\/de\/wp-json\/wp\/v2\/product_tag?post=3601"}],"curies":[{"name":"wp","href":"https:\/\/api.w.org\/{rel}","templated":true}]}}