{"id":3602,"date":"2025-10-09T00:00:00","date_gmt":"2025-10-08T22:00:00","guid":{"rendered":"https:\/\/yotavis.ch\/product\/sps5082x\/"},"modified":"2026-04-24T13:27:38","modified_gmt":"2026-04-24T11:27:38","slug":"sps5082x","status":"publish","type":"product","link":"https:\/\/yotavis.ch\/de\/produkt\/sps5082x\/","title":{"rendered":"SPS5082X"},"content":{"rendered":"<p>Das Siglent SPS5082X ist ein einkanaliges Schaltnetzteil, das eine maximale Ausgangsleistung von 720 Watt liefert. Es arbeitet mit einer Spannung von 80 Volt und kann einen Strom von bis zu 30 Ampere liefern. Dieses Netzteil verf\u00fcgt \u00fcber einen Ausgangskanal und eignet sich daher f\u00fcr Anwendungen, die eine einzelne, stabile Stromquelle ben\u00f6tigen. Es verf\u00fcgt \u00fcber eine Fernbedienungsfunktion, die es dem Benutzer erm\u00f6glicht, das Ger\u00e4t aus der Ferne zu bedienen, was zus\u00e4tzlichen Komfort und Flexibilit\u00e4t bietet. Das Design konzentriert sich auf die Bereitstellung einer konstanten Leistung innerhalb der angegebenen Spannungs- und Stromgrenzen. Der SPS5082X wurde entwickelt, um die Anforderungen verschiedener elektronischer Test- und Entwicklungsumgebungen zu erf\u00fcllen, in denen eine pr\u00e4zise Leistungsabgabe unerl\u00e4sslich ist. Seine Spezifikationen unterstreichen seine F\u00e4higkeit, gro\u00dfe Leistungslasten zu bew\u00e4ltigen und gleichzeitig die Kontrolle \u00fcber die Fernsteuerung zu behalten.<\/p>","protected":false},"excerpt":{"rendered":"<p>80V\/30A\/720W, Einkanal-Schaltnetzteil<\/p>","protected":false},"featured_media":5069,"comment_status":"closed","ping_status":"closed","template":"","meta":{"_acf_changed":false,"slim_seo":{"title":"SPS5082X - YOTAVIS AG","description":"80V\/30A\/720W, Einkanal-Schaltnetzteil"}},"product_brand":[506],"product_cat":[516,515],"product_tag":[],"class_list":{"0":"post-3602","1":"product","2":"type-product","3":"status-publish","4":"has-post-thumbnail","6":"product_brand-siglent","7":"product_cat-dc-source-en","8":"product_cat-power-en","9":"pa_current-a-404","10":"pa_output-number-146","11":"pa_power-w-405","12":"pa_remote-control-yes","13":"pa_voltage-v-155","15":"first","16":"instock","17":"taxable","18":"shipping-taxable","19":"purchasable","20":"product-type-simple"},"acf":[],"_links":{"self":[{"href":"https:\/\/yotavis.ch\/de\/wp-json\/wp\/v2\/product\/3602","targetHints":{"allow":["GET"]}}],"collection":[{"href":"https:\/\/yotavis.ch\/de\/wp-json\/wp\/v2\/product"}],"about":[{"href":"https:\/\/yotavis.ch\/de\/wp-json\/wp\/v2\/types\/product"}],"replies":[{"embeddable":true,"href":"https:\/\/yotavis.ch\/de\/wp-json\/wp\/v2\/comments?post=3602"}],"wp:featuredmedia":[{"embeddable":true,"href":"https:\/\/yotavis.ch\/de\/wp-json\/wp\/v2\/media\/5069"}],"wp:attachment":[{"href":"https:\/\/yotavis.ch\/de\/wp-json\/wp\/v2\/media?parent=3602"}],"wp:term":[{"taxonomy":"product_brand","embeddable":true,"href":"https:\/\/yotavis.ch\/de\/wp-json\/wp\/v2\/product_brand?post=3602"},{"taxonomy":"product_cat","embeddable":true,"href":"https:\/\/yotavis.ch\/de\/wp-json\/wp\/v2\/product_cat?post=3602"},{"taxonomy":"product_tag","embeddable":true,"href":"https:\/\/yotavis.ch\/de\/wp-json\/wp\/v2\/product_tag?post=3602"}],"curies":[{"name":"wp","href":"https:\/\/api.w.org\/{rel}","templated":true}]}}