{"id":3603,"date":"2025-10-09T00:00:00","date_gmt":"2025-10-08T22:00:00","guid":{"rendered":"https:\/\/yotavis.ch\/product\/sps5083x\/"},"modified":"2026-04-24T13:27:38","modified_gmt":"2026-04-24T11:27:38","slug":"sps5083x","status":"publish","type":"product","link":"https:\/\/yotavis.ch\/de\/produkt\/sps5083x\/","title":{"rendered":"SPS5083X"},"content":{"rendered":"<p>Das Siglent SPS5083X ist ein einkanaliges Schaltnetzteil, das eine maximale Ausgangsleistung von 1080 Watt liefert. Es arbeitet mit einer Spannung von 80 Volt und kann einen Strom von bis zu 45 Ampere liefern. Dieses Netzteil verf\u00fcgt \u00fcber einen Ausgangskanal und unterst\u00fctzt die Fernbedienungsfunktion, die eine bequeme Bedienung aus der Ferne erm\u00f6glicht. Das Ger\u00e4t ist mit seinen robusten Spannungs- und Stromspezifikationen f\u00fcr hohe Leistungsanforderungen ausgelegt. Sein Design konzentriert sich auf eine stabile und zuverl\u00e4ssige Stromversorgung f\u00fcr verschiedene Anwendungen. Die integrierte Fernsteuerung verbessert die Nutzbarkeit in automatisierten oder schwer zug\u00e4nglichen Umgebungen. Insgesamt vereint der SPS5083X hohe Spannungs- und Stromkapazit\u00e4ten sowie Fernsteuerungsm\u00f6glichkeiten in einer Einkanal-Konfiguration.<\/p>","protected":false},"excerpt":{"rendered":"<p>80V\/45A\/1080W, Einkanal-Schaltnetzteil<\/p>","protected":false},"featured_media":5073,"comment_status":"closed","ping_status":"closed","template":"","meta":{"_acf_changed":false,"slim_seo":{"title":"SPS5083X - YOTAVIS AG","description":"80V\/45A\/1080W, Einkanal-Schaltnetzteil"}},"product_brand":[506],"product_cat":[516,515],"product_tag":[],"class_list":{"0":"post-3603","1":"product","2":"type-product","3":"status-publish","4":"has-post-thumbnail","6":"product_brand-siglent","7":"product_cat-dc-source-en","8":"product_cat-power-en","9":"pa_current-a-411","10":"pa_output-number-146","11":"pa_power-w-407","12":"pa_remote-control-yes","13":"pa_voltage-v-155","15":"first","16":"instock","17":"taxable","18":"shipping-taxable","19":"purchasable","20":"product-type-simple"},"acf":[],"_links":{"self":[{"href":"https:\/\/yotavis.ch\/de\/wp-json\/wp\/v2\/product\/3603","targetHints":{"allow":["GET"]}}],"collection":[{"href":"https:\/\/yotavis.ch\/de\/wp-json\/wp\/v2\/product"}],"about":[{"href":"https:\/\/yotavis.ch\/de\/wp-json\/wp\/v2\/types\/product"}],"replies":[{"embeddable":true,"href":"https:\/\/yotavis.ch\/de\/wp-json\/wp\/v2\/comments?post=3603"}],"wp:featuredmedia":[{"embeddable":true,"href":"https:\/\/yotavis.ch\/de\/wp-json\/wp\/v2\/media\/5073"}],"wp:attachment":[{"href":"https:\/\/yotavis.ch\/de\/wp-json\/wp\/v2\/media?parent=3603"}],"wp:term":[{"taxonomy":"product_brand","embeddable":true,"href":"https:\/\/yotavis.ch\/de\/wp-json\/wp\/v2\/product_brand?post=3603"},{"taxonomy":"product_cat","embeddable":true,"href":"https:\/\/yotavis.ch\/de\/wp-json\/wp\/v2\/product_cat?post=3603"},{"taxonomy":"product_tag","embeddable":true,"href":"https:\/\/yotavis.ch\/de\/wp-json\/wp\/v2\/product_tag?post=3603"}],"curies":[{"name":"wp","href":"https:\/\/api.w.org\/{rel}","templated":true}]}}