{"id":3606,"date":"2025-10-09T00:00:00","date_gmt":"2025-10-08T22:00:00","guid":{"rendered":"https:\/\/yotavis.ch\/product\/sps5161x\/"},"modified":"2026-04-24T13:27:39","modified_gmt":"2026-04-24T11:27:39","slug":"sps5161x","status":"publish","type":"product","link":"https:\/\/yotavis.ch\/de\/produkt\/sps5161x\/","title":{"rendered":"SPS5161X"},"content":{"rendered":"<p>Das Siglent SPS5161X ist ein einkanaliges Schaltnetzteil, das eine maximale Ausgangsleistung von 360 Watt liefert. Es arbeitet mit einer Spannung von 160 Volt und kann einen Strom von bis zu 7,5 Ampere liefern. Dieses Netzteil ist fernbedienbar und erm\u00f6glicht so eine bequeme Bedienung aus der Ferne. Mit seinem einzigen Ausgangskanal ist es f\u00fcr Anwendungen geeignet, die eine stabile und zuverl\u00e4ssige Stromquelle erfordern. Das Ger\u00e4t ist so konstruiert, dass es die angegebenen Spannungs- und Stromparameter effizient handhabt und eine gleichbleibende Leistung gew\u00e4hrleistet. Sein Design konzentriert sich auf ein pr\u00e4zises Leistungsmanagement innerhalb der angegebenen elektrischen Grenzwerte. Die Kombination dieser Spezifikationen macht den SPS5161X zu einem vielseitigen Bauteil f\u00fcr verschiedene elektronische Aufbauten.<\/p>","protected":false},"excerpt":{"rendered":"<p>160V\/7.5A\/360W, Einkanal-Schaltnetzteil<\/p>","protected":false},"featured_media":5078,"comment_status":"closed","ping_status":"closed","template":"","meta":{"_acf_changed":false,"slim_seo":{"title":"SPS5161X - YOTAVIS AG","description":"160V\/7.5A\/360W, Einkanal-Schaltnetzteil"}},"product_brand":[506],"product_cat":[516,515],"product_tag":[],"class_list":{"0":"post-3606","1":"product","2":"type-product","3":"status-publish","4":"has-post-thumbnail","6":"product_brand-siglent","7":"product_cat-dc-source-en","8":"product_cat-power-en","9":"pa_current-a-7-5","10":"pa_output-number-146","11":"pa_power-w-403","12":"pa_remote-control-yes","13":"pa_voltage-v-156","15":"first","16":"instock","17":"taxable","18":"shipping-taxable","19":"purchasable","20":"product-type-simple"},"acf":[],"_links":{"self":[{"href":"https:\/\/yotavis.ch\/de\/wp-json\/wp\/v2\/product\/3606","targetHints":{"allow":["GET"]}}],"collection":[{"href":"https:\/\/yotavis.ch\/de\/wp-json\/wp\/v2\/product"}],"about":[{"href":"https:\/\/yotavis.ch\/de\/wp-json\/wp\/v2\/types\/product"}],"replies":[{"embeddable":true,"href":"https:\/\/yotavis.ch\/de\/wp-json\/wp\/v2\/comments?post=3606"}],"wp:featuredmedia":[{"embeddable":true,"href":"https:\/\/yotavis.ch\/de\/wp-json\/wp\/v2\/media\/5078"}],"wp:attachment":[{"href":"https:\/\/yotavis.ch\/de\/wp-json\/wp\/v2\/media?parent=3606"}],"wp:term":[{"taxonomy":"product_brand","embeddable":true,"href":"https:\/\/yotavis.ch\/de\/wp-json\/wp\/v2\/product_brand?post=3606"},{"taxonomy":"product_cat","embeddable":true,"href":"https:\/\/yotavis.ch\/de\/wp-json\/wp\/v2\/product_cat?post=3606"},{"taxonomy":"product_tag","embeddable":true,"href":"https:\/\/yotavis.ch\/de\/wp-json\/wp\/v2\/product_tag?post=3606"}],"curies":[{"name":"wp","href":"https:\/\/api.w.org\/{rel}","templated":true}]}}