{"id":3607,"date":"2025-10-09T00:00:00","date_gmt":"2025-10-08T22:00:00","guid":{"rendered":"https:\/\/yotavis.ch\/product\/sps5162x\/"},"modified":"2026-04-24T13:27:40","modified_gmt":"2026-04-24T11:27:40","slug":"sps5162x","status":"publish","type":"product","link":"https:\/\/yotavis.ch\/de\/produkt\/sps5162x\/","title":{"rendered":"SPS5162X"},"content":{"rendered":"<p>Das Siglent SPS5162X ist ein einkanaliges Schaltnetzteil, das eine maximale Ausgangsleistung von 720 Watt liefert. Es arbeitet mit einer Spannung von 160 Volt und kann einen Strom von bis zu 15 Ampere liefern. Dieses Netzteil verf\u00fcgt \u00fcber einen Ausgangskanal und eignet sich daher f\u00fcr Anwendungen, die eine einzelne, stabile Stromquelle ben\u00f6tigen. Das Ger\u00e4t unterst\u00fctzt Fernbedienungsfunktionen, so dass der Benutzer es bequem und flexibel aus der Ferne bedienen kann. Das Design konzentriert sich auf die Bereitstellung einer konstanten Leistung innerhalb der spezifizierten Spannungs- und Stromgrenzen. Der SPS5162X wurde f\u00fcr die Anforderungen verschiedener elektronischer Test- und Entwicklungsumgebungen entwickelt, in denen eine pr\u00e4zise Stromversorgung unerl\u00e4sslich ist.<\/p>","protected":false},"excerpt":{"rendered":"<p>160V\/15A\/720W, Einkanal-Schaltnetzteil<\/p>","protected":false},"featured_media":5079,"comment_status":"closed","ping_status":"closed","template":"","meta":{"_acf_changed":false,"slim_seo":{"title":"SPS5162X - YOTAVIS AG","description":"160V\/15A\/720W, Einkanal-Schaltnetzteil"}},"product_brand":[506],"product_cat":[516,515],"product_tag":[],"class_list":{"0":"post-3607","1":"product","2":"type-product","3":"status-publish","4":"has-post-thumbnail","6":"product_brand-siglent","7":"product_cat-dc-source-en","8":"product_cat-power-en","9":"pa_current-a-410","10":"pa_output-number-146","11":"pa_power-w-405","12":"pa_remote-control-yes","13":"pa_voltage-v-156","15":"first","16":"instock","17":"taxable","18":"shipping-taxable","19":"purchasable","20":"product-type-simple"},"acf":[],"_links":{"self":[{"href":"https:\/\/yotavis.ch\/de\/wp-json\/wp\/v2\/product\/3607","targetHints":{"allow":["GET"]}}],"collection":[{"href":"https:\/\/yotavis.ch\/de\/wp-json\/wp\/v2\/product"}],"about":[{"href":"https:\/\/yotavis.ch\/de\/wp-json\/wp\/v2\/types\/product"}],"replies":[{"embeddable":true,"href":"https:\/\/yotavis.ch\/de\/wp-json\/wp\/v2\/comments?post=3607"}],"wp:featuredmedia":[{"embeddable":true,"href":"https:\/\/yotavis.ch\/de\/wp-json\/wp\/v2\/media\/5079"}],"wp:attachment":[{"href":"https:\/\/yotavis.ch\/de\/wp-json\/wp\/v2\/media?parent=3607"}],"wp:term":[{"taxonomy":"product_brand","embeddable":true,"href":"https:\/\/yotavis.ch\/de\/wp-json\/wp\/v2\/product_brand?post=3607"},{"taxonomy":"product_cat","embeddable":true,"href":"https:\/\/yotavis.ch\/de\/wp-json\/wp\/v2\/product_cat?post=3607"},{"taxonomy":"product_tag","embeddable":true,"href":"https:\/\/yotavis.ch\/de\/wp-json\/wp\/v2\/product_tag?post=3607"}],"curies":[{"name":"wp","href":"https:\/\/api.w.org\/{rel}","templated":true}]}}