{"id":3611,"date":"2025-10-09T00:00:00","date_gmt":"2025-10-08T22:00:00","guid":{"rendered":"https:\/\/yotavis.ch\/product\/sdl1020x-e\/"},"modified":"2026-04-24T13:27:41","modified_gmt":"2026-04-24T11:27:41","slug":"sdl1020x-e","status":"publish","type":"product","link":"https:\/\/yotavis.ch\/de\/produkt\/sdl1020x-e\/","title":{"rendered":"SDL1020X-E"},"content":{"rendered":"<p>Der SDL1020X-E von Siglent liefert eine Ausgangsleistung von 200 W bei einer maximalen Spannung von 150 V und einer Stromkapazit\u00e4t von 30 A. Es verf\u00fcgt \u00fcber einen CC Dynamic Mode, der mit 25KHz arbeitet und einen Stromanstiegszeitbereich von 0,001 bis 2,5A pro Mikrosekunde unterst\u00fctzt. Das Ger\u00e4t verf\u00fcgt \u00fcber ein 3,5-Zoll-TFT-LCD f\u00fcr Anzeigezwecke und bietet mehrere Anschlussm\u00f6glichkeiten wie RS232-, USB-, LAN- und GPIB-Schnittstellen. Es verf\u00fcgt \u00fcber einen einzigen Ausgangskanal und unterst\u00fctzt Fernsteuerungsfunktionen, die einen flexiblen Betrieb erm\u00f6glichen. Die Messaufl\u00f6sung liegt bei 1mV pro 1mA und erm\u00f6glicht eine pr\u00e4zise Steuerung und \u00dcberwachung elektrischer Parameter. Dieses Modell ist so konzipiert, dass es mit seiner Kombination aus Leistung, Geschwindigkeit und Schnittstellenvielfalt verschiedene Pr\u00fcf- und Messanforderungen erf\u00fcllen kann.<\/p>","protected":false},"excerpt":{"rendered":"<p>200W\uff1bDC150V\/30A\uff0cCC Dynamic Mode 25KHz \uff1bcurrent rise time range 0.001-2.5A\/us; 1mV\/1mA;3.5&#8242; TFT-LCD; RS232\/USB\/LAN\/GPIB<\/p>","protected":false},"featured_media":5084,"comment_status":"closed","ping_status":"closed","template":"","meta":{"_acf_changed":false,"slim_seo":{"title":"SDL1020X-E - YOTAVIS AG","description":"200W\uff1bDC150V\/30A\uff0cCC Dynamischer Modus 25KHz \uff1bStromanstiegszeitbereich 0,001-2,5A\/us; 1mV\/1mA;3,5' TFT-LCD; RS232\/USB\/LAN\/GPIB"}},"product_brand":[506],"product_cat":[517,515],"product_tag":[],"class_list":{"0":"post-3611","1":"product","2":"type-product","3":"status-publish","4":"has-post-thumbnail","6":"product_brand-siglent","7":"product_cat-dc-load-en","8":"product_cat-power-en","9":"pa_current-a-404","10":"pa_output-number-146","11":"pa_power-w-414","12":"pa_remote-control-yes","13":"pa_voltage-v-150","15":"first","16":"instock","17":"taxable","18":"shipping-taxable","19":"purchasable","20":"product-type-simple"},"acf":[],"_links":{"self":[{"href":"https:\/\/yotavis.ch\/de\/wp-json\/wp\/v2\/product\/3611","targetHints":{"allow":["GET"]}}],"collection":[{"href":"https:\/\/yotavis.ch\/de\/wp-json\/wp\/v2\/product"}],"about":[{"href":"https:\/\/yotavis.ch\/de\/wp-json\/wp\/v2\/types\/product"}],"replies":[{"embeddable":true,"href":"https:\/\/yotavis.ch\/de\/wp-json\/wp\/v2\/comments?post=3611"}],"wp:featuredmedia":[{"embeddable":true,"href":"https:\/\/yotavis.ch\/de\/wp-json\/wp\/v2\/media\/5084"}],"wp:attachment":[{"href":"https:\/\/yotavis.ch\/de\/wp-json\/wp\/v2\/media?parent=3611"}],"wp:term":[{"taxonomy":"product_brand","embeddable":true,"href":"https:\/\/yotavis.ch\/de\/wp-json\/wp\/v2\/product_brand?post=3611"},{"taxonomy":"product_cat","embeddable":true,"href":"https:\/\/yotavis.ch\/de\/wp-json\/wp\/v2\/product_cat?post=3611"},{"taxonomy":"product_tag","embeddable":true,"href":"https:\/\/yotavis.ch\/de\/wp-json\/wp\/v2\/product_tag?post=3611"}],"curies":[{"name":"wp","href":"https:\/\/api.w.org\/{rel}","templated":true}]}}