{"id":3614,"date":"2025-10-09T00:00:00","date_gmt":"2025-10-08T22:00:00","guid":{"rendered":"https:\/\/yotavis.ch\/product\/sdl1030x\/"},"modified":"2026-04-24T13:27:42","modified_gmt":"2026-04-24T11:27:42","slug":"sdl1030x","status":"publish","type":"product","link":"https:\/\/yotavis.ch\/de\/produkt\/sdl1030x\/","title":{"rendered":"SDL1030X"},"content":{"rendered":"<p>Der SDL1030X von Siglent liefert eine Ausgangsleistung von 300 W bei einer maximalen Spannung von 150 V und einer Stromkapazit\u00e4t von 30 A. Er verf\u00fcgt \u00fcber einen dynamischen CC-Modus, der mit 25 KHz arbeitet und einen Stromanstiegszeitbereich von 0,001 bis 2,5 A pro Mikrosekunde unterst\u00fctzt. Das Ger\u00e4t bietet eine pr\u00e4zise Messaufl\u00f6sung mit 0,1mV- und 0,1mA-Schritten. Es ist mit einem 3,5-Zoll-TFT-LCD-Display zur \u00fcbersichtlichen Darstellung von Daten und Einstellungen ausgestattet. Zu den Anschlussm\u00f6glichkeiten geh\u00f6ren RS232-, USB-, LAN- und GPIB-Schnittstellen, die eine vielseitige Fernsteuerung und Integration in verschiedene Systeme erm\u00f6glichen. Das SDL1030X verf\u00fcgt \u00fcber einen einzigen Ausgangskanal und unterst\u00fctzt die Fernsteuerungsfunktionalit\u00e4t, was seine Verwendbarkeit in verschiedenen Anwendungen erh\u00f6ht.<\/p>","protected":false},"excerpt":{"rendered":"<p>300W\uff1bDC150V\/30A\uff0cCC Dynamic Mode 25KHz \uff1bcurrent rise time range 0.001-2.5A\/us; 0.1mV\/0.1mA;3.5&#8242; TFT-LCD; RS232\/USB\/LAN\/GPIB<\/p>","protected":false},"featured_media":5098,"comment_status":"closed","ping_status":"closed","template":"","meta":{"_acf_changed":false,"slim_seo":{"title":"SDL1030X - YOTAVIS AG","description":"300W\uff1bDC150V\/30A\uff0cCC Dynamischer Modus 25KHz \uff1bStromanstiegszeitbereich 0,001-2,5A\/us; 0,1mV\/0,1mA;3,5' TFT-LCD; RS232\/USB\/LAN\/GPIB"}},"product_brand":[506],"product_cat":[517,515],"product_tag":[],"class_list":{"0":"post-3614","1":"product","2":"type-product","3":"status-publish","4":"has-post-thumbnail","6":"product_brand-siglent","7":"product_cat-dc-load-en","8":"product_cat-power-en","9":"pa_current-a-404","10":"pa_output-number-146","11":"pa_power-w-416","12":"pa_remote-control-yes","13":"pa_voltage-v-150","15":"first","16":"instock","17":"taxable","18":"shipping-taxable","19":"purchasable","20":"product-type-simple"},"acf":[],"_links":{"self":[{"href":"https:\/\/yotavis.ch\/de\/wp-json\/wp\/v2\/product\/3614","targetHints":{"allow":["GET"]}}],"collection":[{"href":"https:\/\/yotavis.ch\/de\/wp-json\/wp\/v2\/product"}],"about":[{"href":"https:\/\/yotavis.ch\/de\/wp-json\/wp\/v2\/types\/product"}],"replies":[{"embeddable":true,"href":"https:\/\/yotavis.ch\/de\/wp-json\/wp\/v2\/comments?post=3614"}],"wp:featuredmedia":[{"embeddable":true,"href":"https:\/\/yotavis.ch\/de\/wp-json\/wp\/v2\/media\/5098"}],"wp:attachment":[{"href":"https:\/\/yotavis.ch\/de\/wp-json\/wp\/v2\/media?parent=3614"}],"wp:term":[{"taxonomy":"product_brand","embeddable":true,"href":"https:\/\/yotavis.ch\/de\/wp-json\/wp\/v2\/product_brand?post=3614"},{"taxonomy":"product_cat","embeddable":true,"href":"https:\/\/yotavis.ch\/de\/wp-json\/wp\/v2\/product_cat?post=3614"},{"taxonomy":"product_tag","embeddable":true,"href":"https:\/\/yotavis.ch\/de\/wp-json\/wp\/v2\/product_tag?post=3614"}],"curies":[{"name":"wp","href":"https:\/\/api.w.org\/{rel}","templated":true}]}}