{"id":3615,"date":"2025-10-09T00:00:00","date_gmt":"2025-10-08T22:00:00","guid":{"rendered":"https:\/\/yotavis.ch\/product\/sdm3045x\/"},"modified":"2026-04-24T13:27:43","modified_gmt":"2026-04-24T11:27:43","slug":"sdm3045x","status":"publish","type":"product","link":"https:\/\/yotavis.ch\/de\/produkt\/sdm3045x\/","title":{"rendered":"SDM3045X"},"content":{"rendered":"<p>Das SDM3045X von Siglent verf\u00fcgt \u00fcber ein 4\u00bd-stelliges Display und bietet eine Messgeschwindigkeit von 150 Messwerten pro Sekunde. Es ist mit einem 4,3-Zoll-TFT-LCD-Farbbildschirm mit einer Aufl\u00f6sung von 480 x 272 Pixeln ausgestattet, der eine klare und detaillierte visuelle Ausgabe bietet. Das Ger\u00e4t unterst\u00fctzt True-RMS-Messungen sowohl f\u00fcr Wechselspannung als auch f\u00fcr Wechselstrom und gew\u00e4hrleistet so genaue Messwerte unter wechselnden Signalbedingungen. Die maximale Gleichspannung, die es verarbeiten kann, betr\u00e4gt 1000 Volt, w\u00e4hrend die maximale Wechselspannung 750 Volt betr\u00e4gt. F\u00fcr Strommessungen ist der maximale Gleichstrom auf 7 Ampere ausgelegt. Au\u00dferdem kann der SDM3045X Widerst\u00e4nde bis zu 100 Megaohm messen. Das Ger\u00e4t verf\u00fcgt \u00fcber eine True-RMS-Funktion, die f\u00fcr pr\u00e4zise Wechselstrommessungen unerl\u00e4sslich ist. Dank dieser Kombination von Funktionen eignet sich das SDM3045X f\u00fcr eine Reihe von elektrischen Messaufgaben.<\/p>","protected":false},"excerpt":{"rendered":"<p>4\u00bd-stellig; 150rdgs \/ s Messgeschwindigkeit; 4,3 Zoll (480 * 272) Echtfarb-TFT-LCD-Display; True RMS AC Spannung und AC Strommessungen<\/p>","protected":false},"featured_media":5106,"comment_status":"closed","ping_status":"closed","template":"","meta":{"_acf_changed":false,"slim_seo":{"title":"SDM3045X - YOTAVIS AG","description":"4\u00bd-stellig; 150rdgs \/ s Messgeschwindigkeit; 4,3 Zoll (480 * 272) Echtfarb-TFT-LCD-Display; True RMS AC Spannung und AC Strommessungen"}},"product_brand":[506],"product_cat":[519,518],"product_tag":[],"class_list":{"0":"post-3615","1":"product","2":"type-product","3":"status-publish","4":"has-post-thumbnail","6":"product_brand-siglent","7":"product_cat-desktop-meters-en","8":"product_cat-meters","9":"pa_digits-4-5","10":"pa_imax-dc-a-160","11":"pa_resistance-max-m-162","12":"pa_true-rms-yes","13":"pa_vmax-ac-v-161","14":"pa_vmax-dc-v-159","16":"first","17":"instock","18":"taxable","19":"shipping-taxable","20":"purchasable","21":"product-type-simple"},"acf":[],"_links":{"self":[{"href":"https:\/\/yotavis.ch\/de\/wp-json\/wp\/v2\/product\/3615","targetHints":{"allow":["GET"]}}],"collection":[{"href":"https:\/\/yotavis.ch\/de\/wp-json\/wp\/v2\/product"}],"about":[{"href":"https:\/\/yotavis.ch\/de\/wp-json\/wp\/v2\/types\/product"}],"replies":[{"embeddable":true,"href":"https:\/\/yotavis.ch\/de\/wp-json\/wp\/v2\/comments?post=3615"}],"wp:featuredmedia":[{"embeddable":true,"href":"https:\/\/yotavis.ch\/de\/wp-json\/wp\/v2\/media\/5106"}],"wp:attachment":[{"href":"https:\/\/yotavis.ch\/de\/wp-json\/wp\/v2\/media?parent=3615"}],"wp:term":[{"taxonomy":"product_brand","embeddable":true,"href":"https:\/\/yotavis.ch\/de\/wp-json\/wp\/v2\/product_brand?post=3615"},{"taxonomy":"product_cat","embeddable":true,"href":"https:\/\/yotavis.ch\/de\/wp-json\/wp\/v2\/product_cat?post=3615"},{"taxonomy":"product_tag","embeddable":true,"href":"https:\/\/yotavis.ch\/de\/wp-json\/wp\/v2\/product_tag?post=3615"}],"curies":[{"name":"wp","href":"https:\/\/api.w.org\/{rel}","templated":true}]}}