{"id":3617,"date":"2025-10-09T00:00:00","date_gmt":"2025-10-08T22:00:00","guid":{"rendered":"https:\/\/yotavis.ch\/product\/sdm3055-sc\/"},"modified":"2026-04-24T13:27:43","modified_gmt":"2026-04-24T11:27:43","slug":"sdm3055-sc","status":"publish","type":"product","link":"https:\/\/yotavis.ch\/de\/produkt\/sdm3055-sc\/","title":{"rendered":"SDM3055-SC"},"content":{"rendered":"<p>Das SDM3055-SC von Siglent verf\u00fcgt \u00fcber ein 5,5-stelliges Display und unterst\u00fctzt eine maximale Gleichspannung von 1000 Volt sowie einen maximalen Gleichstrom von 7 Ampere. Es kann bis zu 750 Volt Wechselspannung verarbeiten und bietet einen Widerstandsmessbereich von bis zu 100 Megaohm. Dieses Modell verf\u00fcgt \u00fcber eine True-RMS-Messfunktion, die genaue Messwerte von Wechselstromsignalen gew\u00e4hrleistet. Das Ger\u00e4t ist mit einer Scannerkarte (SC1016) ausgestattet, die eine Scangeschwindigkeit von 50 Kan\u00e4len pro Sekunde erm\u00f6glicht, was effiziente Mehrkanalmessungen erleichtert. Dank dieser Spezifikationen eignet sich das SDM3055-SC f\u00fcr verschiedene elektrische Pr\u00fcf- und Messanwendungen, bei denen neben pr\u00e4zisen Widerstands- und Effektivwertmessungen auch hohe Spannungs- und Stromwerte erforderlich sind.<\/p>","protected":false},"excerpt":{"rendered":"<p>SDM3055+Scannerkarte \uff08SC1016\uff09<\/p>","protected":false},"featured_media":5115,"comment_status":"closed","ping_status":"closed","template":"","meta":{"_acf_changed":false,"slim_seo":{"title":"SDM3055-SC - YOTAVIS AG","description":"SDM3055+Scannerkarte \uff08SC1016\uff09"}},"product_brand":[506],"product_cat":[1191,519,518],"product_tag":[],"class_list":{"0":"post-3617","1":"product","2":"type-product","3":"status-publish","4":"has-post-thumbnail","6":"product_brand-siglent","7":"product_cat-datalogger","8":"product_cat-desktop-meters-en","9":"product_cat-meters","10":"pa_channels-419","11":"pa_digits-5-5","12":"pa_imax-dc-a-160","13":"pa_resistance-max-m-162","14":"pa_scan-speed-ch-s-420","15":"pa_true-rms-yes","16":"pa_vmax-ac-v-161","17":"pa_vmax-dc-v-159","19":"first","20":"instock","21":"taxable","22":"shipping-taxable","23":"purchasable","24":"product-type-simple"},"acf":[],"_links":{"self":[{"href":"https:\/\/yotavis.ch\/de\/wp-json\/wp\/v2\/product\/3617","targetHints":{"allow":["GET"]}}],"collection":[{"href":"https:\/\/yotavis.ch\/de\/wp-json\/wp\/v2\/product"}],"about":[{"href":"https:\/\/yotavis.ch\/de\/wp-json\/wp\/v2\/types\/product"}],"replies":[{"embeddable":true,"href":"https:\/\/yotavis.ch\/de\/wp-json\/wp\/v2\/comments?post=3617"}],"wp:featuredmedia":[{"embeddable":true,"href":"https:\/\/yotavis.ch\/de\/wp-json\/wp\/v2\/media\/5115"}],"wp:attachment":[{"href":"https:\/\/yotavis.ch\/de\/wp-json\/wp\/v2\/media?parent=3617"}],"wp:term":[{"taxonomy":"product_brand","embeddable":true,"href":"https:\/\/yotavis.ch\/de\/wp-json\/wp\/v2\/product_brand?post=3617"},{"taxonomy":"product_cat","embeddable":true,"href":"https:\/\/yotavis.ch\/de\/wp-json\/wp\/v2\/product_cat?post=3617"},{"taxonomy":"product_tag","embeddable":true,"href":"https:\/\/yotavis.ch\/de\/wp-json\/wp\/v2\/product_tag?post=3617"}],"curies":[{"name":"wp","href":"https:\/\/api.w.org\/{rel}","templated":true}]}}