{"id":3618,"date":"2025-10-09T00:00:00","date_gmt":"2025-10-08T22:00:00","guid":{"rendered":"https:\/\/yotavis.ch\/product\/sdm3065x\/"},"modified":"2026-04-24T13:27:43","modified_gmt":"2026-04-24T11:27:43","slug":"sdm3065x","status":"publish","type":"product","link":"https:\/\/yotavis.ch\/de\/produkt\/sdm3065x\/","title":{"rendered":"SDM3065X"},"content":{"rendered":"<p>Das SDM3065X von Siglent verf\u00fcgt \u00fcber eine 6\u00bd-stellige Aufl\u00f6sung und bietet eine Abtastgeschwindigkeit von 10.000 Messwerten pro Sekunde. Es ist mit einem 4,3-Zoll-TFT-LCD-Farbbildschirm mit einer Aufl\u00f6sung von 480 x 272 Pixeln ausgestattet, der eine klare und detaillierte visuelle Ausgabe bietet. Das Ger\u00e4t unterst\u00fctzt True RMS-Messungen sowohl f\u00fcr Wechselspannung als auch f\u00fcr Wechselstrom und gew\u00e4hrleistet so genaue Messwerte in verschiedenen elektrischen Anwendungen. Das Ger\u00e4t unterst\u00fctzt eine GPIB-Schnittstelle und ist mit einer Scannerkarte kompatibel, was eine erweiterte Konnektivit\u00e4t und Funktionalit\u00e4t erm\u00f6glicht. Es hat eine maximale Gleichspannung von 1000 Volt und einen maximalen Gleichstrom von 7 Ampere. Bei Wechselstrommessungen liegt die maximale Spannung bei 750 Volt. Das Ger\u00e4t kann Widerst\u00e4nde bis zu 100 Megaohm messen. Das Ger\u00e4t verf\u00fcgt \u00fcber eine True-RMS-Funktion, die die Pr\u00e4zision von Wechselstrommessungen erh\u00f6ht. Das SDM3065X wurde f\u00fcr die Anforderungen von Anwendern entwickelt, die eine hochaufl\u00f6sende und schnelle Datenerfassung bei elektrischen Pr\u00fcf- und Messaufgaben ben\u00f6tigen.<\/p>","protected":false},"excerpt":{"rendered":"<p>6\u00bd-stellig; 10000rdgs\/s Abtastgeschwindigkeit; 4,3 Zoll (480 * 272) Echtfarb-TFT-LCD-Bildschirm; Echteffektiv-Wechselspannungs- und Wechselstrommessungen; unterst\u00fctzt GPIB-Schnittstelle, Scanner-Karte<\/p>","protected":false},"featured_media":5117,"comment_status":"closed","ping_status":"closed","template":"","meta":{"_acf_changed":false,"slim_seo":{"title":"SDM3065X - YOTAVIS AG","description":"6\u00bd-digit; 10000rdgs\/s sampling speed; 4.3 inch (480 * 272) true color TFT-LCD screen display; True RMS AC voltage and AC current measurements; supports GPIB int"}},"product_brand":[506],"product_cat":[519,518],"product_tag":[],"class_list":{"0":"post-3618","1":"product","2":"type-product","3":"status-publish","4":"has-post-thumbnail","6":"product_brand-siglent","7":"product_cat-desktop-meters-en","8":"product_cat-meters","9":"pa_digits-6-5","10":"pa_imax-dc-a-160","11":"pa_resistance-max-m-162","12":"pa_true-rms-yes","13":"pa_vmax-ac-v-161","14":"pa_vmax-dc-v-159","16":"first","17":"instock","18":"taxable","19":"shipping-taxable","20":"purchasable","21":"product-type-simple"},"acf":[],"_links":{"self":[{"href":"https:\/\/yotavis.ch\/de\/wp-json\/wp\/v2\/product\/3618","targetHints":{"allow":["GET"]}}],"collection":[{"href":"https:\/\/yotavis.ch\/de\/wp-json\/wp\/v2\/product"}],"about":[{"href":"https:\/\/yotavis.ch\/de\/wp-json\/wp\/v2\/types\/product"}],"replies":[{"embeddable":true,"href":"https:\/\/yotavis.ch\/de\/wp-json\/wp\/v2\/comments?post=3618"}],"wp:featuredmedia":[{"embeddable":true,"href":"https:\/\/yotavis.ch\/de\/wp-json\/wp\/v2\/media\/5117"}],"wp:attachment":[{"href":"https:\/\/yotavis.ch\/de\/wp-json\/wp\/v2\/media?parent=3618"}],"wp:term":[{"taxonomy":"product_brand","embeddable":true,"href":"https:\/\/yotavis.ch\/de\/wp-json\/wp\/v2\/product_brand?post=3618"},{"taxonomy":"product_cat","embeddable":true,"href":"https:\/\/yotavis.ch\/de\/wp-json\/wp\/v2\/product_cat?post=3618"},{"taxonomy":"product_tag","embeddable":true,"href":"https:\/\/yotavis.ch\/de\/wp-json\/wp\/v2\/product_tag?post=3618"}],"curies":[{"name":"wp","href":"https:\/\/api.w.org\/{rel}","templated":true}]}}