{"id":3619,"date":"2025-10-09T00:00:00","date_gmt":"2025-10-08T22:00:00","guid":{"rendered":"https:\/\/yotavis.ch\/product\/sdm3065x-sc\/"},"modified":"2026-04-24T13:27:44","modified_gmt":"2026-04-24T11:27:44","slug":"sdm3065x-sc","status":"publish","type":"product","link":"https:\/\/yotavis.ch\/de\/produkt\/sdm3065x-sc\/","title":{"rendered":"SDM3065X-SC"},"content":{"rendered":"<p>Das SDM3065X-SC von Siglent verf\u00fcgt \u00fcber eine 6,5-stellige Aufl\u00f6sung und bietet pr\u00e4zise Messm\u00f6glichkeiten. Es unterst\u00fctzt eine maximale Gleichspannung von 1000 Volt und einen maximalen Gleichstrom von 7 Ampere, so dass es f\u00fcr eine Vielzahl von elektrischen Testszenarien geeignet ist. F\u00fcr Wechselstrommessungen kann es bis zu 750 Volt verarbeiten. Das Ger\u00e4t verf\u00fcgt \u00fcber eine Widerstandsmessfunktion mit einem Maximum von 100 Megaohm. Es ist mit True RMS-Funktionalit\u00e4t ausgestattet, die genaue Messungen von AC-Signalen unabh\u00e4ngig von der Wellenform gew\u00e4hrleistet. Die im SDM3065X-SC integrierte Scannerkarte SC1016 bietet eine Scangeschwindigkeit von 50 Kan\u00e4len pro Sekunde und erm\u00f6glicht so eine effiziente Mehrkanalpr\u00fcfung. Durch diese Kombination von Merkmalen eignet sich das SDM3065X-SC f\u00fcr detaillierte und vielf\u00e4ltige elektrische Messaufgaben.<\/p>","protected":false},"excerpt":{"rendered":"<p>SDM3065X+Scanner-Karte \uff08SC1016\uff09<\/p>","protected":false},"featured_media":5119,"comment_status":"closed","ping_status":"closed","template":"","meta":{"_acf_changed":false,"slim_seo":{"title":"SDM3065X-SC - YOTAVIS AG","description":"SDM3065X+Scanner-Karte \uff08SC1016\uff09"}},"product_brand":[506],"product_cat":[1191,519,518],"product_tag":[],"class_list":{"0":"post-3619","1":"product","2":"type-product","3":"status-publish","4":"has-post-thumbnail","6":"product_brand-siglent","7":"product_cat-datalogger","8":"product_cat-desktop-meters-en","9":"product_cat-meters","10":"pa_channels-419","11":"pa_digits-6-5","12":"pa_imax-dc-a-160","13":"pa_resistance-max-m-162","14":"pa_scan-speed-ch-s-420","15":"pa_true-rms-yes","16":"pa_vmax-ac-v-161","17":"pa_vmax-dc-v-159","19":"first","20":"instock","21":"taxable","22":"shipping-taxable","23":"purchasable","24":"product-type-simple"},"acf":[],"_links":{"self":[{"href":"https:\/\/yotavis.ch\/de\/wp-json\/wp\/v2\/product\/3619","targetHints":{"allow":["GET"]}}],"collection":[{"href":"https:\/\/yotavis.ch\/de\/wp-json\/wp\/v2\/product"}],"about":[{"href":"https:\/\/yotavis.ch\/de\/wp-json\/wp\/v2\/types\/product"}],"replies":[{"embeddable":true,"href":"https:\/\/yotavis.ch\/de\/wp-json\/wp\/v2\/comments?post=3619"}],"wp:featuredmedia":[{"embeddable":true,"href":"https:\/\/yotavis.ch\/de\/wp-json\/wp\/v2\/media\/5119"}],"wp:attachment":[{"href":"https:\/\/yotavis.ch\/de\/wp-json\/wp\/v2\/media?parent=3619"}],"wp:term":[{"taxonomy":"product_brand","embeddable":true,"href":"https:\/\/yotavis.ch\/de\/wp-json\/wp\/v2\/product_brand?post=3619"},{"taxonomy":"product_cat","embeddable":true,"href":"https:\/\/yotavis.ch\/de\/wp-json\/wp\/v2\/product_cat?post=3619"},{"taxonomy":"product_tag","embeddable":true,"href":"https:\/\/yotavis.ch\/de\/wp-json\/wp\/v2\/product_tag?post=3619"}],"curies":[{"name":"wp","href":"https:\/\/api.w.org\/{rel}","templated":true}]}}