{"id":3620,"date":"2025-10-09T00:00:00","date_gmt":"2025-10-08T22:00:00","guid":{"rendered":"https:\/\/yotavis.ch\/product\/sdm4055a\/"},"modified":"2026-04-24T13:27:44","modified_gmt":"2026-04-24T11:27:44","slug":"sdm4055a","status":"publish","type":"product","link":"https:\/\/yotavis.ch\/de\/produkt\/sdm4055a\/","title":{"rendered":"SDM4055A"},"content":{"rendered":"<p>Das SDM4055A von Siglent verf\u00fcgt \u00fcber eine 5\u00bd-stellige Aufl\u00f6sung und bietet eine Messgeschwindigkeit von 4800 Messwerten pro Sekunde. Es ist mit einem 5-Zoll-TFT-LCD-Farbbildschirm mit einer Aufl\u00f6sung von 800 x 480 Pixeln ausgestattet, der eine klare und detaillierte visuelle Ausgabe bietet. Das Ger\u00e4t unterst\u00fctzt True-RMS-Messungen sowohl f\u00fcr Wechselspannung als auch f\u00fcr Wechselstrom und gew\u00e4hrleistet so genaue Messwerte in verschiedenen elektrischen Umgebungen. Die maximale Gleichspannung betr\u00e4gt 1000 Volt, w\u00e4hrend die maximale Wechselspannung 750 Volt betr\u00e4gt. F\u00fcr Strommessungen ist der maximale Gleichstrom auf 7 Ampere ausgelegt. Au\u00dferdem kann das SDM4055A Widerst\u00e4nde bis zu 100 Megaohm messen. Das Ger\u00e4t verf\u00fcgt \u00fcber eine True-RMS-Funktion, die f\u00fcr pr\u00e4zise Wechselstrommessungen unerl\u00e4sslich ist. Dank dieser Kombination von Funktionen eignet sich das SDM4055A f\u00fcr detaillierte elektrische Pr\u00fcfungen und Analysen.<\/p>","protected":false},"excerpt":{"rendered":"<p>5\u00bd-stellig; 4800rdgs \/ s Messgeschwindigkeit; 5 Zoll (800 * 480) Echtfarb-TFT-LCD-Display; True RMS AC Spannung und AC Strommessungen<\/p>","protected":false},"featured_media":5128,"comment_status":"closed","ping_status":"closed","template":"","meta":{"_acf_changed":false,"slim_seo":{"title":"SDM4055A - YOTAVIS AG","description":"5\u00bd-stellig; 4800rdgs \/ s Messgeschwindigkeit; 5 Zoll (800 * 480) Echtfarb-TFT-LCD-Display; True RMS AC Spannung und AC Strommessungen"}},"product_brand":[506],"product_cat":[519,518],"product_tag":[],"class_list":{"0":"post-3620","1":"product","2":"type-product","3":"status-publish","4":"has-post-thumbnail","6":"product_brand-siglent","7":"product_cat-desktop-meters-en","8":"product_cat-meters","9":"pa_digits-5-5","10":"pa_imax-dc-a-160","11":"pa_resistance-max-m-162","12":"pa_true-rms-yes","13":"pa_vmax-ac-v-161","14":"pa_vmax-dc-v-159","16":"first","17":"instock","18":"taxable","19":"shipping-taxable","20":"purchasable","21":"product-type-simple"},"acf":[],"_links":{"self":[{"href":"https:\/\/yotavis.ch\/de\/wp-json\/wp\/v2\/product\/3620","targetHints":{"allow":["GET"]}}],"collection":[{"href":"https:\/\/yotavis.ch\/de\/wp-json\/wp\/v2\/product"}],"about":[{"href":"https:\/\/yotavis.ch\/de\/wp-json\/wp\/v2\/types\/product"}],"replies":[{"embeddable":true,"href":"https:\/\/yotavis.ch\/de\/wp-json\/wp\/v2\/comments?post=3620"}],"wp:featuredmedia":[{"embeddable":true,"href":"https:\/\/yotavis.ch\/de\/wp-json\/wp\/v2\/media\/5128"}],"wp:attachment":[{"href":"https:\/\/yotavis.ch\/de\/wp-json\/wp\/v2\/media?parent=3620"}],"wp:term":[{"taxonomy":"product_brand","embeddable":true,"href":"https:\/\/yotavis.ch\/de\/wp-json\/wp\/v2\/product_brand?post=3620"},{"taxonomy":"product_cat","embeddable":true,"href":"https:\/\/yotavis.ch\/de\/wp-json\/wp\/v2\/product_cat?post=3620"},{"taxonomy":"product_tag","embeddable":true,"href":"https:\/\/yotavis.ch\/de\/wp-json\/wp\/v2\/product_tag?post=3620"}],"curies":[{"name":"wp","href":"https:\/\/api.w.org\/{rel}","templated":true}]}}