{"id":3621,"date":"2025-10-09T00:00:00","date_gmt":"2025-10-08T22:00:00","guid":{"rendered":"https:\/\/yotavis.ch\/product\/sdm4055a-sc\/"},"modified":"2026-04-24T13:27:46","modified_gmt":"2026-04-24T11:27:46","slug":"sdm4055a-sc","status":"publish","type":"product","link":"https:\/\/yotavis.ch\/de\/produkt\/sdm4055a-sc\/","title":{"rendered":"SDM4055A-SC"},"content":{"rendered":"<p>Der SDM4055A-SC ist ein Produkt von Siglent, das den SDM4055 zusammen mit einer Scannerkarte (SC1016) enth\u00e4lt. Es verf\u00fcgt \u00fcber ein 5,5-stelliges Display, das pr\u00e4zise Messfunktionen bietet. Das Ger\u00e4t unterst\u00fctzt eine maximale DC-Spannung von 1000 Volt und einen maximalen DC-Strom von 7 Ampere, so dass es f\u00fcr Hochspannungs- und Hochstromanwendungen geeignet ist. Bei Wechselstrommessungen kann es bis zu 750 Volt verarbeiten. Die Widerstandsmessf\u00e4higkeit reicht bis zu 100 Megaohm. Dieses Modell verf\u00fcgt \u00fcber eine True-RMS-Funktionalit\u00e4t, die unabh\u00e4ngig von der Wellenform genaue Messwerte von Wechselstromsignalen gew\u00e4hrleistet. Die Scannerkarte erm\u00f6glicht eine Abtastgeschwindigkeit von 50 Kan\u00e4len pro Sekunde, was effiziente Mehrkanalmessungen erleichtert.<\/p>","protected":false},"excerpt":{"rendered":"<p>SDM4055+Scanner-Karte \uff08SC1016\uff09<\/p>","protected":false},"featured_media":5128,"comment_status":"closed","ping_status":"closed","template":"","meta":{"_acf_changed":false,"slim_seo":{"title":"SDM4055A-SC - YOTAVIS AG","description":"SDM4055+Scanner-Karte \uff08SC1016\uff09"}},"product_brand":[506],"product_cat":[1191,519,518],"product_tag":[],"class_list":{"0":"post-3621","1":"product","2":"type-product","3":"status-publish","4":"has-post-thumbnail","6":"product_brand-siglent","7":"product_cat-datalogger","8":"product_cat-desktop-meters-en","9":"product_cat-meters","10":"pa_channels-419","11":"pa_digits-5-5","12":"pa_imax-dc-a-160","13":"pa_resistance-max-m-162","14":"pa_scan-speed-ch-s-420","15":"pa_true-rms-yes","16":"pa_vmax-ac-v-161","17":"pa_vmax-dc-v-159","19":"first","20":"instock","21":"taxable","22":"shipping-taxable","23":"purchasable","24":"product-type-simple"},"acf":[],"_links":{"self":[{"href":"https:\/\/yotavis.ch\/de\/wp-json\/wp\/v2\/product\/3621","targetHints":{"allow":["GET"]}}],"collection":[{"href":"https:\/\/yotavis.ch\/de\/wp-json\/wp\/v2\/product"}],"about":[{"href":"https:\/\/yotavis.ch\/de\/wp-json\/wp\/v2\/types\/product"}],"replies":[{"embeddable":true,"href":"https:\/\/yotavis.ch\/de\/wp-json\/wp\/v2\/comments?post=3621"}],"wp:featuredmedia":[{"embeddable":true,"href":"https:\/\/yotavis.ch\/de\/wp-json\/wp\/v2\/media\/5128"}],"wp:attachment":[{"href":"https:\/\/yotavis.ch\/de\/wp-json\/wp\/v2\/media?parent=3621"}],"wp:term":[{"taxonomy":"product_brand","embeddable":true,"href":"https:\/\/yotavis.ch\/de\/wp-json\/wp\/v2\/product_brand?post=3621"},{"taxonomy":"product_cat","embeddable":true,"href":"https:\/\/yotavis.ch\/de\/wp-json\/wp\/v2\/product_cat?post=3621"},{"taxonomy":"product_tag","embeddable":true,"href":"https:\/\/yotavis.ch\/de\/wp-json\/wp\/v2\/product_tag?post=3621"}],"curies":[{"name":"wp","href":"https:\/\/api.w.org\/{rel}","templated":true}]}}