{"id":3622,"date":"2025-10-09T00:00:00","date_gmt":"2025-10-08T22:00:00","guid":{"rendered":"https:\/\/yotavis.ch\/product\/sdm4065a\/"},"modified":"2026-04-24T13:27:47","modified_gmt":"2026-04-24T11:27:47","slug":"sdm4065a","status":"publish","type":"product","link":"https:\/\/yotavis.ch\/de\/produkt\/sdm4065a\/","title":{"rendered":"SDM4065A"},"content":{"rendered":"<p>Das SDM4065A von Siglent verf\u00fcgt \u00fcber eine 6\u00bd-stellige Aufl\u00f6sung und bietet eine Abtastgeschwindigkeit von 50.000 Messwerten pro Sekunde. Es ist mit einem 5-Zoll-TFT-LCD-Farbbildschirm mit einer Aufl\u00f6sung von 800 x 480 Pixeln ausgestattet, der klare und detaillierte Messanzeigen liefert. Das Ger\u00e4t unterst\u00fctzt True-RMS-Messungen sowohl f\u00fcr Wechselspannung als auch f\u00fcr Wechselstrom und gew\u00e4hrleistet so genaue Messwerte in verschiedenen elektrischen Umgebungen. Die maximale Gleichspannung, die es verarbeiten kann, betr\u00e4gt 1000 Volt, w\u00e4hrend die maximale Wechselspannung auf 750 Volt ausgelegt ist. Es kann Gleichstr\u00f6me bis zu 7 Ampere messen und hat eine maximale Widerstandsmessf\u00e4higkeit von 100 Megaohm. Die True-RMS-Funktionalit\u00e4t sorgt f\u00fcr pr\u00e4zise Wechselstrommessungen bei verschiedenen Anwendungen.<\/p>","protected":false},"excerpt":{"rendered":"<p>6\u00bd-stellig; 50000rdgs\/s Abtastgeschwindigkeit; 5 Zoll (800*480) Echtfarb-TFT-LCD-Bildschirm; Echteffektiv-Wechselspannung und Wechselstrommessungen<\/p>","protected":false},"featured_media":5140,"comment_status":"closed","ping_status":"closed","template":"","meta":{"_acf_changed":false,"slim_seo":{"title":"SDM4065A - YOTAVIS AG","description":"6\u00bd-stellig; 50000rdgs\/s Abtastgeschwindigkeit; 5 Zoll (800*480) Echtfarb-TFT-LCD-Bildschirm; Echteffektiv-Wechselspannung und Wechselstrommessungen"}},"product_brand":[506],"product_cat":[519,518],"product_tag":[],"class_list":{"0":"post-3622","1":"product","2":"type-product","3":"status-publish","4":"has-post-thumbnail","6":"product_brand-siglent","7":"product_cat-desktop-meters-en","8":"product_cat-meters","9":"pa_digits-6-5","10":"pa_imax-dc-a-160","11":"pa_resistance-max-m-162","12":"pa_true-rms-yes","13":"pa_vmax-ac-v-161","14":"pa_vmax-dc-v-159","16":"first","17":"instock","18":"taxable","19":"shipping-taxable","20":"purchasable","21":"product-type-simple"},"acf":[],"_links":{"self":[{"href":"https:\/\/yotavis.ch\/de\/wp-json\/wp\/v2\/product\/3622","targetHints":{"allow":["GET"]}}],"collection":[{"href":"https:\/\/yotavis.ch\/de\/wp-json\/wp\/v2\/product"}],"about":[{"href":"https:\/\/yotavis.ch\/de\/wp-json\/wp\/v2\/types\/product"}],"replies":[{"embeddable":true,"href":"https:\/\/yotavis.ch\/de\/wp-json\/wp\/v2\/comments?post=3622"}],"wp:featuredmedia":[{"embeddable":true,"href":"https:\/\/yotavis.ch\/de\/wp-json\/wp\/v2\/media\/5140"}],"wp:attachment":[{"href":"https:\/\/yotavis.ch\/de\/wp-json\/wp\/v2\/media?parent=3622"}],"wp:term":[{"taxonomy":"product_brand","embeddable":true,"href":"https:\/\/yotavis.ch\/de\/wp-json\/wp\/v2\/product_brand?post=3622"},{"taxonomy":"product_cat","embeddable":true,"href":"https:\/\/yotavis.ch\/de\/wp-json\/wp\/v2\/product_cat?post=3622"},{"taxonomy":"product_tag","embeddable":true,"href":"https:\/\/yotavis.ch\/de\/wp-json\/wp\/v2\/product_tag?post=3622"}],"curies":[{"name":"wp","href":"https:\/\/api.w.org\/{rel}","templated":true}]}}