{"id":3623,"date":"2025-10-09T00:00:00","date_gmt":"2025-10-08T22:00:00","guid":{"rendered":"https:\/\/yotavis.ch\/product\/sdm4065a-sc\/"},"modified":"2026-04-24T13:27:47","modified_gmt":"2026-04-24T11:27:47","slug":"sdm4065a-sc","status":"publish","type":"product","link":"https:\/\/yotavis.ch\/de\/produkt\/sdm4065a-sc\/","title":{"rendered":"SDM4065A-SC"},"content":{"rendered":"<p>Der SDM4065A-SC ist ein Produkt von Siglent, das den SDM4065A und eine Scannerkarte (SC1016) umfasst. Es verf\u00fcgt \u00fcber eine 6,5-stellige Aufl\u00f6sung und bietet pr\u00e4zise Messm\u00f6glichkeiten. Das Ger\u00e4t unterst\u00fctzt eine maximale Gleichspannung von 1000 Volt und einen maximalen Gleichstrom von 7 Ampere. Bei Wechselstrommessungen kann es bis zu 750 Volt verarbeiten. Der maximale Widerstand, der mit diesem Produkt gemessen werden kann, betr\u00e4gt 100 Megaohm. Es ist mit True RMS-Funktionalit\u00e4t ausgestattet, die genaue Messwerte von Wechselstromsignalen gew\u00e4hrleistet. Die mitgelieferte Scannerkarte erm\u00f6glicht eine Scangeschwindigkeit von 50 Kan\u00e4len pro Sekunde, was eine effiziente Datenerfassung \u00fcber mehrere Eing\u00e4nge hinweg erm\u00f6glicht.<\/p>","protected":false},"excerpt":{"rendered":"<p>SDM4065A+Scanner-Karte \uff08SC1016\uff09<\/p>","protected":false},"featured_media":5140,"comment_status":"closed","ping_status":"closed","template":"","meta":{"_acf_changed":false,"slim_seo":{"title":"SDM4065A-SC - YOTAVIS AG","description":"SDM4065A+Scanner-Karte \uff08SC1016\uff09"}},"product_brand":[506],"product_cat":[1191,519,518],"product_tag":[],"class_list":{"0":"post-3623","1":"product","2":"type-product","3":"status-publish","4":"has-post-thumbnail","6":"product_brand-siglent","7":"product_cat-datalogger","8":"product_cat-desktop-meters-en","9":"product_cat-meters","10":"pa_channels-419","11":"pa_digits-6-5","12":"pa_imax-dc-a-160","13":"pa_resistance-max-m-162","14":"pa_scan-speed-ch-s-420","15":"pa_true-rms-yes","16":"pa_vmax-ac-v-161","17":"pa_vmax-dc-v-159","19":"first","20":"instock","21":"taxable","22":"shipping-taxable","23":"purchasable","24":"product-type-simple"},"acf":[],"_links":{"self":[{"href":"https:\/\/yotavis.ch\/de\/wp-json\/wp\/v2\/product\/3623","targetHints":{"allow":["GET"]}}],"collection":[{"href":"https:\/\/yotavis.ch\/de\/wp-json\/wp\/v2\/product"}],"about":[{"href":"https:\/\/yotavis.ch\/de\/wp-json\/wp\/v2\/types\/product"}],"replies":[{"embeddable":true,"href":"https:\/\/yotavis.ch\/de\/wp-json\/wp\/v2\/comments?post=3623"}],"wp:featuredmedia":[{"embeddable":true,"href":"https:\/\/yotavis.ch\/de\/wp-json\/wp\/v2\/media\/5140"}],"wp:attachment":[{"href":"https:\/\/yotavis.ch\/de\/wp-json\/wp\/v2\/media?parent=3623"}],"wp:term":[{"taxonomy":"product_brand","embeddable":true,"href":"https:\/\/yotavis.ch\/de\/wp-json\/wp\/v2\/product_brand?post=3623"},{"taxonomy":"product_cat","embeddable":true,"href":"https:\/\/yotavis.ch\/de\/wp-json\/wp\/v2\/product_cat?post=3623"},{"taxonomy":"product_tag","embeddable":true,"href":"https:\/\/yotavis.ch\/de\/wp-json\/wp\/v2\/product_tag?post=3623"}],"curies":[{"name":"wp","href":"https:\/\/api.w.org\/{rel}","templated":true}]}}