{"id":3624,"date":"2025-10-09T00:00:00","date_gmt":"2025-10-08T22:00:00","guid":{"rendered":"https:\/\/yotavis.ch\/product\/ssg3021x\/"},"modified":"2026-04-24T13:27:48","modified_gmt":"2026-04-24T11:27:48","slug":"ssg3021x","status":"publish","type":"product","link":"https:\/\/yotavis.ch\/de\/produkt\/ssg3021x\/","title":{"rendered":"SSG3021X"},"content":{"rendered":"<p>Der Siglent SSG3021X arbeitet bei einer Frequenz von ca. 2,1 GHz mit einer Frequenzaufl\u00f6sung von 0,01 Hz. Er weist einen Phasenrauschpegel von -110 dBc\/Hz bei 1 GHz mit einem Offset von 20 kHz auf, was eine pr\u00e4zise Signalerzeugung gew\u00e4hrleistet. Das Ger\u00e4t unterst\u00fctzt einen Amplitudenbereich von -110 dBm bis +13 dBm, mit einer maximalen Amplitude von 20 dBm. Es ist mit einem 5-Zoll-TFT-Touchscreen ausgestattet, der eine interaktive Schnittstelle f\u00fcr die Benutzersteuerung bietet. Das Produkt ist so konzipiert, dass es innerhalb seiner spezifizierten Frequenz- und Amplitudenparameter eine zuverl\u00e4ssige Leistung erbringt. Seine detaillierten Spezifikationen unterstreichen seine F\u00e4higkeit zur genauen Frequenz- und Amplitudenausgabe, die f\u00fcr verschiedene Anwendungen der Signalerzeugung geeignet ist. Die Kombination aus hoher Frequenzaufl\u00f6sung und geringem Phasenrauschen tr\u00e4gt zu seiner Effektivit\u00e4t bei pr\u00e4zisen Signaltests und Messaufgaben bei.<\/p>","protected":false},"excerpt":{"rendered":"<p>9 K ~2,1 GHz; -110 dBm ~ +13 dBm; 0,01Hz Frequenzaufl\u00f6sung\uff0c-110 dBc\/Hz @1 Ghz, 20 kHz Offset; 5 Zoll TFT-Touchscreen<\/p>","protected":false},"featured_media":5153,"comment_status":"closed","ping_status":"closed","template":"","meta":{"_acf_changed":false,"slim_seo":{"title":"SSG3021X - YOTAVIS AG","description":"9 K ~2,1 GHz; -110 dBm ~ +13 dBm; 0,01Hz Frequenzaufl\u00f6sung\uff0c-110 dBc\/Hz @1 Ghz, 20 kHz Offset; 5 Zoll TFT-Touchscreen"}},"product_brand":[506],"product_cat":[513,521],"product_tag":[],"class_list":{"0":"post-3624","1":"product","2":"type-product","3":"status-publish","4":"has-post-thumbnail","6":"product_brand-siglent","7":"product_cat-generator","8":"product_cat-rf-generator","9":"pa_amplitude-dbm-170","10":"pa_channels-384","11":"pa_frequency-mhz-169","13":"first","14":"instock","15":"taxable","16":"shipping-taxable","17":"purchasable","18":"product-type-simple"},"acf":[],"_links":{"self":[{"href":"https:\/\/yotavis.ch\/de\/wp-json\/wp\/v2\/product\/3624","targetHints":{"allow":["GET"]}}],"collection":[{"href":"https:\/\/yotavis.ch\/de\/wp-json\/wp\/v2\/product"}],"about":[{"href":"https:\/\/yotavis.ch\/de\/wp-json\/wp\/v2\/types\/product"}],"replies":[{"embeddable":true,"href":"https:\/\/yotavis.ch\/de\/wp-json\/wp\/v2\/comments?post=3624"}],"wp:featuredmedia":[{"embeddable":true,"href":"https:\/\/yotavis.ch\/de\/wp-json\/wp\/v2\/media\/5153"}],"wp:attachment":[{"href":"https:\/\/yotavis.ch\/de\/wp-json\/wp\/v2\/media?parent=3624"}],"wp:term":[{"taxonomy":"product_brand","embeddable":true,"href":"https:\/\/yotavis.ch\/de\/wp-json\/wp\/v2\/product_brand?post=3624"},{"taxonomy":"product_cat","embeddable":true,"href":"https:\/\/yotavis.ch\/de\/wp-json\/wp\/v2\/product_cat?post=3624"},{"taxonomy":"product_tag","embeddable":true,"href":"https:\/\/yotavis.ch\/de\/wp-json\/wp\/v2\/product_tag?post=3624"}],"curies":[{"name":"wp","href":"https:\/\/api.w.org\/{rel}","templated":true}]}}