{"id":3626,"date":"2025-10-09T00:00:00","date_gmt":"2025-10-08T22:00:00","guid":{"rendered":"https:\/\/yotavis.ch\/product\/ssg3032x\/"},"modified":"2026-04-24T13:27:48","modified_gmt":"2026-04-24T11:27:48","slug":"ssg3032x","status":"publish","type":"product","link":"https:\/\/yotavis.ch\/de\/produkt\/ssg3032x\/","title":{"rendered":"SSG3032X"},"content":{"rendered":"<p>Der Siglent SSG3032X arbeitet mit einer maximalen Frequenz von 3,2 GHz und bietet eine Frequenzaufl\u00f6sung von 0,01 Hz. Er bietet ein Phasenrauschen von -110 dBc\/Hz bei 1 GHz mit einem Offset von 20 kHz und gew\u00e4hrleistet so eine pr\u00e4zise Signalerzeugung. Das Ger\u00e4t unterst\u00fctzt einen Amplitudenbereich von -110 dBm bis +13 dBm, mit einer maximalen Amplitude von 20 dBm. Es ist mit einem 5-Zoll-TFT-Touchscreen ausgestattet, der eine intuitive Schnittstelle f\u00fcr die Benutzerinteraktion bietet. Der Frequenzbereich beginnt bei 9 kHz und erm\u00f6glicht ein breites Spektrum an Signalerzeugungsanwendungen. Der SSG3032X ist so konzipiert, dass er \u00fcber seine gesamte Betriebsbandbreite genaue und stabile Ausgangssignale liefert.<\/p>","protected":false},"excerpt":{"rendered":"<p>9 K ~3,2 GHz; -110 dBm ~ +13 dBm; 0,01Hz Frequenzaufl\u00f6sung\uff0c-110 dBc\/Hz @1 Ghz, 20 kHz Offset; 5 Zoll TFT-Touchscreen<\/p>","protected":false},"featured_media":5156,"comment_status":"closed","ping_status":"closed","template":"","meta":{"_acf_changed":false,"slim_seo":{"title":"SSG3032X - YOTAVIS AG","description":"9 K ~3,2 GHz; -110 dBm ~ +13 dBm; 0,01Hz Frequenzaufl\u00f6sung\uff0c-110 dBc\/Hz @1 Ghz, 20 kHz Offset; 5 Zoll TFT-Touchscreen"}},"product_brand":[506],"product_cat":[513,521],"product_tag":[],"class_list":{"0":"post-3626","1":"product","2":"type-product","3":"status-publish","4":"has-post-thumbnail","6":"product_brand-siglent","7":"product_cat-generator","8":"product_cat-rf-generator","9":"pa_amplitude-dbm-170","10":"pa_channels-384","11":"pa_frequency-mhz-173","13":"first","14":"instock","15":"taxable","16":"shipping-taxable","17":"purchasable","18":"product-type-simple"},"acf":[],"_links":{"self":[{"href":"https:\/\/yotavis.ch\/de\/wp-json\/wp\/v2\/product\/3626","targetHints":{"allow":["GET"]}}],"collection":[{"href":"https:\/\/yotavis.ch\/de\/wp-json\/wp\/v2\/product"}],"about":[{"href":"https:\/\/yotavis.ch\/de\/wp-json\/wp\/v2\/types\/product"}],"replies":[{"embeddable":true,"href":"https:\/\/yotavis.ch\/de\/wp-json\/wp\/v2\/comments?post=3626"}],"wp:featuredmedia":[{"embeddable":true,"href":"https:\/\/yotavis.ch\/de\/wp-json\/wp\/v2\/media\/5156"}],"wp:attachment":[{"href":"https:\/\/yotavis.ch\/de\/wp-json\/wp\/v2\/media?parent=3626"}],"wp:term":[{"taxonomy":"product_brand","embeddable":true,"href":"https:\/\/yotavis.ch\/de\/wp-json\/wp\/v2\/product_brand?post=3626"},{"taxonomy":"product_cat","embeddable":true,"href":"https:\/\/yotavis.ch\/de\/wp-json\/wp\/v2\/product_cat?post=3626"},{"taxonomy":"product_tag","embeddable":true,"href":"https:\/\/yotavis.ch\/de\/wp-json\/wp\/v2\/product_tag?post=3626"}],"curies":[{"name":"wp","href":"https:\/\/api.w.org\/{rel}","templated":true}]}}