{"id":3627,"date":"2025-10-09T00:00:00","date_gmt":"2025-10-08T22:00:00","guid":{"rendered":"https:\/\/yotavis.ch\/product\/ssg3032x-iqe\/"},"modified":"2026-04-24T13:27:49","modified_gmt":"2026-04-24T11:27:49","slug":"ssg3032x-iqe","status":"publish","type":"product","link":"https:\/\/yotavis.ch\/de\/produkt\/ssg3032x-iqe\/","title":{"rendered":"SSG3032X-IQE"},"content":{"rendered":"<p>Der SSG3032X-IQE von Siglent arbeitet in einem Frequenzbereich bis ca. 3,2 GHz und bietet eine Frequenzaufl\u00f6sung von 0,01 Hz. Er bietet eine Phasenrauschleistung von -110 dBc\/Hz bei 1 GHz mit einem Offset von 20 kHz, was eine pr\u00e4zise Signalerzeugung gew\u00e4hrleistet. Das Ger\u00e4t unterst\u00fctzt einen Amplitudenbereich von -110 dBm bis +13 dBm, mit einer maximalen Amplitude von 20 dBm. Es ist mit einem 5-Zoll-TFT-Touchscreen f\u00fcr die Benutzerinteraktion ausgestattet und verf\u00fcgt \u00fcber die EIQ-Funktion f\u00fcr eine verbesserte Signalanalyse. Die IQ-Bandbreite dieses Modells betr\u00e4gt 100 MHz und erm\u00f6glicht eine detaillierte Modulations- und Signalcharakterisierung. Dieses Produkt wurde von Siglent entwickelt, einer Marke, die f\u00fcr ihre elektronischen Testger\u00e4te bekannt ist.<\/p>","protected":false},"excerpt":{"rendered":"<p>9 K ~3,2 GHz; -110 dBm ~ +13 dBm; 0,01Hz Frequenzaufl\u00f6sung, 110 dBc\/Hz @1 Ghz, 20 kHz Offset; 5 Zoll TFT-Touchscreen; mit EIQ-Funktion<\/p>","protected":false},"featured_media":5159,"comment_status":"closed","ping_status":"closed","template":"","meta":{"_acf_changed":false,"slim_seo":{"title":"SSG3032X-IQE - YOTAVIS AG","description":"9 K ~3,2 GHz; -110 dBm ~ +13 dBm; 0,01Hz Frequenzaufl\u00f6sung, 110 dBc\/Hz @1 Ghz, 20 kHz Offset; 5 Zoll TFT-Touchscreen; mit EIQ-Funktion"}},"product_brand":[506],"product_cat":[513,522],"product_tag":[],"class_list":{"0":"post-3627","1":"product","2":"type-product","3":"status-publish","4":"has-post-thumbnail","6":"product_brand-siglent","7":"product_cat-generator","8":"product_cat-rf-vector-generator","9":"pa_amplitude-dbm-170","10":"pa_channels-384","11":"pa_frequency-mhz-173","12":"pa_iq-bandwidth-mhz-423","14":"first","15":"instock","16":"taxable","17":"shipping-taxable","18":"purchasable","19":"product-type-simple"},"acf":[],"_links":{"self":[{"href":"https:\/\/yotavis.ch\/de\/wp-json\/wp\/v2\/product\/3627","targetHints":{"allow":["GET"]}}],"collection":[{"href":"https:\/\/yotavis.ch\/de\/wp-json\/wp\/v2\/product"}],"about":[{"href":"https:\/\/yotavis.ch\/de\/wp-json\/wp\/v2\/types\/product"}],"replies":[{"embeddable":true,"href":"https:\/\/yotavis.ch\/de\/wp-json\/wp\/v2\/comments?post=3627"}],"wp:featuredmedia":[{"embeddable":true,"href":"https:\/\/yotavis.ch\/de\/wp-json\/wp\/v2\/media\/5159"}],"wp:attachment":[{"href":"https:\/\/yotavis.ch\/de\/wp-json\/wp\/v2\/media?parent=3627"}],"wp:term":[{"taxonomy":"product_brand","embeddable":true,"href":"https:\/\/yotavis.ch\/de\/wp-json\/wp\/v2\/product_brand?post=3627"},{"taxonomy":"product_cat","embeddable":true,"href":"https:\/\/yotavis.ch\/de\/wp-json\/wp\/v2\/product_cat?post=3627"},{"taxonomy":"product_tag","embeddable":true,"href":"https:\/\/yotavis.ch\/de\/wp-json\/wp\/v2\/product_tag?post=3627"}],"curies":[{"name":"wp","href":"https:\/\/api.w.org\/{rel}","templated":true}]}}