{"id":3628,"date":"2025-10-09T00:00:00","date_gmt":"2025-10-08T22:00:00","guid":{"rendered":"https:\/\/yotavis.ch\/product\/ssg5040x\/"},"modified":"2026-04-24T13:27:50","modified_gmt":"2026-04-24T11:27:50","slug":"ssg5040x","status":"publish","type":"product","link":"https:\/\/yotavis.ch\/de\/produkt\/ssg5040x\/","title":{"rendered":"SSG5040X"},"content":{"rendered":"<p>Das Siglent SSG5040X arbeitet in einem Frequenzbereich von 9 kHz bis 4 GHz und bietet eine maximale Frequenz von 4000 MHz. Er bietet eine Frequenzaufl\u00f6sung von 0,001 Hz, was eine pr\u00e4zise Signalerzeugung und -analyse erm\u00f6glicht. Die Spezifikation des Phasenrauschens von -120 dBc\/Hz bei 1 GHz mit einem Offset von 20 kHz gew\u00e4hrleistet eine stabile und rauscharme Ausgabe. Der Amplitudenbereich reicht von -140 dBm bis +26 dBm, mit einer maximalen Amplitude von 26 dBm. Das SSG5040X ist mit einem 5-Zoll-TFT-Touchscreen ausgestattet, der eine intuitive Benutzeroberfl\u00e4che f\u00fcr die Interaktion bietet. Dieses Modell wurde von Siglent entwickelt und ist durch den Produktcode SSG5040X gekennzeichnet.<\/p>","protected":false},"excerpt":{"rendered":"<p>9 k &#8211; 4 GHz; -140 dBm ~ +26 dBm; 0.001Hz frequency resolution, Phase noise -120 dBc\/Hz @1 GHz, 20 kHz offset; 5 inch TFT touch-screen<\/p>","protected":false},"featured_media":5172,"comment_status":"closed","ping_status":"closed","template":"","meta":{"_acf_changed":false,"slim_seo":{"title":"SSG5040X - YOTAVIS AG","description":"9 k - 4 GHz; -140 dBm ~ +26 dBm; 0,001Hz Frequenzaufl\u00f6sung, Phasenrauschen -120 dBc\/Hz @1 GHz, 20 kHz Offset; 5 Zoll TFT-Touch-Screen"}},"product_brand":[506],"product_cat":[513,521],"product_tag":[],"class_list":{"0":"post-3628","1":"product","2":"type-product","3":"status-publish","4":"has-post-thumbnail","6":"product_brand-siglent","7":"product_cat-generator","8":"product_cat-rf-generator","9":"pa_amplitude-dbm-175","10":"pa_channels-384","11":"pa_frequency-mhz-174","13":"first","14":"instock","15":"taxable","16":"shipping-taxable","17":"purchasable","18":"product-type-simple"},"acf":[],"_links":{"self":[{"href":"https:\/\/yotavis.ch\/de\/wp-json\/wp\/v2\/product\/3628","targetHints":{"allow":["GET"]}}],"collection":[{"href":"https:\/\/yotavis.ch\/de\/wp-json\/wp\/v2\/product"}],"about":[{"href":"https:\/\/yotavis.ch\/de\/wp-json\/wp\/v2\/types\/product"}],"replies":[{"embeddable":true,"href":"https:\/\/yotavis.ch\/de\/wp-json\/wp\/v2\/comments?post=3628"}],"wp:featuredmedia":[{"embeddable":true,"href":"https:\/\/yotavis.ch\/de\/wp-json\/wp\/v2\/media\/5172"}],"wp:attachment":[{"href":"https:\/\/yotavis.ch\/de\/wp-json\/wp\/v2\/media?parent=3628"}],"wp:term":[{"taxonomy":"product_brand","embeddable":true,"href":"https:\/\/yotavis.ch\/de\/wp-json\/wp\/v2\/product_brand?post=3628"},{"taxonomy":"product_cat","embeddable":true,"href":"https:\/\/yotavis.ch\/de\/wp-json\/wp\/v2\/product_cat?post=3628"},{"taxonomy":"product_tag","embeddable":true,"href":"https:\/\/yotavis.ch\/de\/wp-json\/wp\/v2\/product_tag?post=3628"}],"curies":[{"name":"wp","href":"https:\/\/api.w.org\/{rel}","templated":true}]}}