{"id":3630,"date":"2025-10-09T00:00:00","date_gmt":"2025-10-08T22:00:00","guid":{"rendered":"https:\/\/yotavis.ch\/product\/ssg5040x-v\/"},"modified":"2026-04-24T13:27:50","modified_gmt":"2026-04-24T11:27:50","slug":"ssg5040x-v","status":"publish","type":"product","link":"https:\/\/yotavis.ch\/de\/produkt\/ssg5040x-v\/","title":{"rendered":"SSG5040X-V"},"content":{"rendered":"<p>Der SSG5040X-V von Siglent arbeitet in einem Frequenzbereich von 9 kHz bis 4 GHz und bietet eine maximale Frequenz von 4000 MHz. Er bietet eine Frequenzaufl\u00f6sung von 0,001 Hz und einen Phasenrauschpegel von -120 dBc\/Hz bei 1 GHz mit einem Offset von 20 kHz. Das Ger\u00e4t unterst\u00fctzt einen Amplitudenbereich von -140 dBm bis +26 dBm, mit einer maximalen Amplitude von 26 dBm. Es verf\u00fcgt \u00fcber einen 5-Zoll-TFT-Touchscreen f\u00fcr die Benutzerinteraktion und ist mit einer internen IQ-Modulation von 60 MHz ausgestattet. Die IQ-Bandbreite ist mit 150 MHz spezifiziert und erm\u00f6glicht eine detaillierte Signalanalyse. Mit dieser Kombination von Merkmalen eignet sich der SSG5040X-V f\u00fcr pr\u00e4zise Frequenzgenerierungs- und Modulationsaufgaben.<\/p>","protected":false},"excerpt":{"rendered":"<p>9 k &#8211; 4 GHz; -140 dBm ~ +26 dBm; 0.001Hz frequency resolution, Phase noise -120 dBc\/Hz @1 GHz, 20 kHz offset; 5 inch TFT touch-screen; with 60 MHz internal IQ modulation<\/p>","protected":false},"featured_media":5165,"comment_status":"closed","ping_status":"closed","template":"","meta":{"_acf_changed":false,"slim_seo":{"title":"SSG5040X-V - YOTAVIS AG","description":"9 k - 4 GHz; -140 dBm ~ +26 dBm; 0.001Hz frequency resolution, Phase noise -120 dBc\/Hz @1 GHz, 20 kHz offset; 5 inch TFT touch-screen; with 60 MHz internal IQ m"}},"product_brand":[506],"product_cat":[513,522],"product_tag":[],"class_list":{"0":"post-3630","1":"product","2":"type-product","3":"status-publish","4":"has-post-thumbnail","6":"product_brand-siglent","7":"product_cat-generator","8":"product_cat-rf-vector-generator","9":"pa_amplitude-dbm-175","10":"pa_channels-384","11":"pa_frequency-mhz-174","12":"pa_iq-bandwidth-mhz-425","14":"first","15":"instock","16":"taxable","17":"shipping-taxable","18":"purchasable","19":"product-type-simple"},"acf":[],"_links":{"self":[{"href":"https:\/\/yotavis.ch\/de\/wp-json\/wp\/v2\/product\/3630","targetHints":{"allow":["GET"]}}],"collection":[{"href":"https:\/\/yotavis.ch\/de\/wp-json\/wp\/v2\/product"}],"about":[{"href":"https:\/\/yotavis.ch\/de\/wp-json\/wp\/v2\/types\/product"}],"replies":[{"embeddable":true,"href":"https:\/\/yotavis.ch\/de\/wp-json\/wp\/v2\/comments?post=3630"}],"wp:featuredmedia":[{"embeddable":true,"href":"https:\/\/yotavis.ch\/de\/wp-json\/wp\/v2\/media\/5165"}],"wp:attachment":[{"href":"https:\/\/yotavis.ch\/de\/wp-json\/wp\/v2\/media?parent=3630"}],"wp:term":[{"taxonomy":"product_brand","embeddable":true,"href":"https:\/\/yotavis.ch\/de\/wp-json\/wp\/v2\/product_brand?post=3630"},{"taxonomy":"product_cat","embeddable":true,"href":"https:\/\/yotavis.ch\/de\/wp-json\/wp\/v2\/product_cat?post=3630"},{"taxonomy":"product_tag","embeddable":true,"href":"https:\/\/yotavis.ch\/de\/wp-json\/wp\/v2\/product_tag?post=3630"}],"curies":[{"name":"wp","href":"https:\/\/api.w.org\/{rel}","templated":true}]}}