{"id":3631,"date":"2025-10-09T00:00:00","date_gmt":"2025-10-08T22:00:00","guid":{"rendered":"https:\/\/yotavis.ch\/product\/ssg5060x-v\/"},"modified":"2026-04-24T13:27:51","modified_gmt":"2026-04-24T11:27:51","slug":"ssg5060x-v","status":"publish","type":"product","link":"https:\/\/yotavis.ch\/de\/produkt\/ssg5060x-v\/","title":{"rendered":"SSG5060X-V"},"content":{"rendered":"<p>Der Siglent SSG5060X-V arbeitet in einem Frequenzbereich von 9 kHz bis 6 GHz und bietet eine Frequenzaufl\u00f6sung von 0,001 Hz. Er weist ein Phasenrauschen von -120 dBc\/Hz bei 1 GHz mit einem Offset von 20 kHz auf und gew\u00e4hrleistet eine pr\u00e4zise Signalerzeugung. Das Ger\u00e4t unterst\u00fctzt einen Amplitudenbereich von -140 dBm bis +26 dBm, mit einer maximalen Amplitudenleistung von 26 dBm. Es ist mit einem 5-Zoll-TFT-Touchscreen f\u00fcr die Benutzerinteraktion und -steuerung ausgestattet. Dar\u00fcber hinaus verf\u00fcgt der SSG5060X-V \u00fcber eine interne IQ-Modulationsf\u00e4higkeit von 60 MHz und eine IQ-Bandbreite von 150 MHz. Durch diese Kombination von Merkmalen eignet er sich f\u00fcr verschiedene Signalerzeugungsanwendungen, die eine hohe Genauigkeit und Flexibilit\u00e4t erfordern.<\/p>","protected":false},"excerpt":{"rendered":"<p>9 k &#8211; 6 GHz; -140 dBm ~ +26 dBm; 0.001Hz frequency resolution, Phase noise -120 dBc\/Hz @1 GHz, 20 kHz offset; 5 inch TFT touch-screen; with 60 MHz internal IQ modulation<\/p>","protected":false},"featured_media":5165,"comment_status":"closed","ping_status":"closed","template":"","meta":{"_acf_changed":false,"slim_seo":{"title":"SSG5060X-V - YOTAVIS AG","description":"9 k - 6 GHz; -140 dBm ~ +26 dBm; 0.001Hz frequency resolution, Phase noise -120 dBc\/Hz @1 GHz, 20 kHz offset; 5 inch TFT touch-screen; with 60 MHz internal IQ m"}},"product_brand":[506],"product_cat":[513,522],"product_tag":[],"class_list":{"0":"post-3631","1":"product","2":"type-product","3":"status-publish","4":"has-post-thumbnail","6":"product_brand-siglent","7":"product_cat-generator","8":"product_cat-rf-vector-generator","9":"pa_amplitude-dbm-175","10":"pa_channels-384","11":"pa_frequency-mhz-176","12":"pa_iq-bandwidth-mhz-425","14":"first","15":"instock","16":"taxable","17":"shipping-taxable","18":"purchasable","19":"product-type-simple"},"acf":[],"_links":{"self":[{"href":"https:\/\/yotavis.ch\/de\/wp-json\/wp\/v2\/product\/3631","targetHints":{"allow":["GET"]}}],"collection":[{"href":"https:\/\/yotavis.ch\/de\/wp-json\/wp\/v2\/product"}],"about":[{"href":"https:\/\/yotavis.ch\/de\/wp-json\/wp\/v2\/types\/product"}],"replies":[{"embeddable":true,"href":"https:\/\/yotavis.ch\/de\/wp-json\/wp\/v2\/comments?post=3631"}],"wp:featuredmedia":[{"embeddable":true,"href":"https:\/\/yotavis.ch\/de\/wp-json\/wp\/v2\/media\/5165"}],"wp:attachment":[{"href":"https:\/\/yotavis.ch\/de\/wp-json\/wp\/v2\/media?parent=3631"}],"wp:term":[{"taxonomy":"product_brand","embeddable":true,"href":"https:\/\/yotavis.ch\/de\/wp-json\/wp\/v2\/product_brand?post=3631"},{"taxonomy":"product_cat","embeddable":true,"href":"https:\/\/yotavis.ch\/de\/wp-json\/wp\/v2\/product_cat?post=3631"},{"taxonomy":"product_tag","embeddable":true,"href":"https:\/\/yotavis.ch\/de\/wp-json\/wp\/v2\/product_tag?post=3631"}],"curies":[{"name":"wp","href":"https:\/\/api.w.org\/{rel}","templated":true}]}}