{"id":3632,"date":"2025-10-09T00:00:00","date_gmt":"2025-10-08T22:00:00","guid":{"rendered":"https:\/\/yotavis.ch\/product\/ssa3021x\/"},"modified":"2026-04-24T13:27:56","modified_gmt":"2026-04-24T11:27:56","slug":"ssa3021x","status":"publish","type":"product","link":"https:\/\/yotavis.ch\/de\/produkt\/ssa3021x\/","title":{"rendered":"SSA3021X"},"content":{"rendered":"<p>Das Siglent SSA3021X arbeitet in einem Frequenzbereich von 9 kHz bis 2,1 GHz und bietet vielseitige M\u00f6glichkeiten zur Spektrumanalyse. Er zeichnet sich durch ein Phasenrauschen von weniger als -98 dBc\/Hz aus, was eine pr\u00e4zise Signalmessung gew\u00e4hrleistet. Die Aufl\u00f6sungsbandbreite (RBW) kann zwischen 10 Hz und 1 MHz eingestellt werden und erm\u00f6glicht eine detaillierte Frequenzanalyse. Das Ger\u00e4t erreicht einen minimalen angezeigten mittleren Rauschpegel (DANL) von -161 dBm\/Hz, was die Erfassung von Signalen mit sehr niedrigem Pegel unterst\u00fctzt. Die Gesamtamplitudengenauigkeit liegt bei weniger als 0,7 dB, was zu zuverl\u00e4ssigen Amplitudenmessungen beitr\u00e4gt. Das SSA3021X ist mit einem 10,1-Zoll-WVGA-Display mit einer Aufl\u00f6sung von 1024 x 600 Pixeln ausgestattet, das eine klare Visualisierung der Spektrumsdaten erm\u00f6glicht. Es ist als Nicht-Handheld-Ger\u00e4t konzipiert und verf\u00fcgt \u00fcber eine Analysebandbreite von 1 MHz. Die maximale Frequenzkapazit\u00e4t betr\u00e4gt 2,1 GHz, w\u00e4hrend die minimale Frequenz 9 kHz betr\u00e4gt und damit einen breiten Bereich von Signalfrequenzen f\u00fcr verschiedene Anwendungen abdeckt.<\/p>","protected":false},"excerpt":{"rendered":"<p>9KHz-2.1GHz, Phasenrauschen&lt;-98dBc\/Hz, RBW 10Hz-1MHz, Min. DANL -161dBm\/Hz, Gesamtamplitudengenauigkeit&lt;0,7dB, 10,1 lnch WVGA\uff081024x600\uff09Display\n<\/p>","protected":false},"featured_media":5185,"comment_status":"closed","ping_status":"closed","template":"","meta":{"_acf_changed":false,"slim_seo":{"title":"SSA3021X - YOTAVIS AG","description":"9KHz-2.1GHz, Phasenrauschen&lt;-98dBc\/Hz, RBW 10Hz-1MHz, Min. DANL -161dBm\/Hz, Gesamtamplitudengenauigkeit&lt;0,7dB, 10,1 lnch WVGA\uff081024x600\uff09Display"}},"product_brand":[506],"product_cat":[523,524],"product_tag":[],"class_list":{"0":"post-3632","1":"product","2":"type-product","3":"status-publish","4":"has-post-thumbnail","6":"product_brand-siglent","7":"product_cat-analyser","8":"product_cat-signal-spectrum-analyser","9":"pa_analysis-bandwidth-mhz-178","10":"pa_danl-dbm-hz-179","11":"pa_frequency-max-mhz-426","12":"pa_frequency-min-hz-177","13":"pa_handheld-no","14":"pa_rtsa-no","16":"first","17":"instock","18":"taxable","19":"shipping-taxable","20":"purchasable","21":"product-type-simple"},"acf":[],"_links":{"self":[{"href":"https:\/\/yotavis.ch\/de\/wp-json\/wp\/v2\/product\/3632","targetHints":{"allow":["GET"]}}],"collection":[{"href":"https:\/\/yotavis.ch\/de\/wp-json\/wp\/v2\/product"}],"about":[{"href":"https:\/\/yotavis.ch\/de\/wp-json\/wp\/v2\/types\/product"}],"replies":[{"embeddable":true,"href":"https:\/\/yotavis.ch\/de\/wp-json\/wp\/v2\/comments?post=3632"}],"wp:featuredmedia":[{"embeddable":true,"href":"https:\/\/yotavis.ch\/de\/wp-json\/wp\/v2\/media\/5185"}],"wp:attachment":[{"href":"https:\/\/yotavis.ch\/de\/wp-json\/wp\/v2\/media?parent=3632"}],"wp:term":[{"taxonomy":"product_brand","embeddable":true,"href":"https:\/\/yotavis.ch\/de\/wp-json\/wp\/v2\/product_brand?post=3632"},{"taxonomy":"product_cat","embeddable":true,"href":"https:\/\/yotavis.ch\/de\/wp-json\/wp\/v2\/product_cat?post=3632"},{"taxonomy":"product_tag","embeddable":true,"href":"https:\/\/yotavis.ch\/de\/wp-json\/wp\/v2\/product_tag?post=3632"}],"curies":[{"name":"wp","href":"https:\/\/api.w.org\/{rel}","templated":true}]}}