{"id":3634,"date":"2025-10-09T00:00:00","date_gmt":"2025-10-08T22:00:00","guid":{"rendered":"https:\/\/yotavis.ch\/product\/ssa3015x-plus\/"},"modified":"2026-04-24T13:27:59","modified_gmt":"2026-04-24T11:27:59","slug":"ssa3015x-plus","status":"publish","type":"product","link":"https:\/\/yotavis.ch\/de\/produkt\/ssa3015x-plus\/","title":{"rendered":"SSA3015X Plus"},"content":{"rendered":"<p>Der SSA3015X Plus von Siglent arbeitet in einem Frequenzbereich von 9 kHz bis 1,5 GHz und bietet eine maximale Frequenz von 1500 MHz und eine minimale Frequenz von 9000 Hz. Er zeichnet sich durch ein Phasenrauschen von weniger als -98 dBc\/Hz aus, mit einem spezifizierten Phasenrauschen von -99 dBc\/Hz, was eine pr\u00e4zise Signalanalyse gew\u00e4hrleistet. Das Ger\u00e4t bietet eine Aufl\u00f6sungsbandbreite (RBW), die von 1 Hz bis 1 MHz einstellbar ist, und einen minimalen angezeigten mittleren Rauschpegel (DANL) von -161 dBm\/Hz, der eine detaillierte Signalerkennung unterst\u00fctzt. Die Gesamtamplitudengenauigkeit liegt unter 0,7 dB und tr\u00e4gt so zu zuverl\u00e4ssigen Messergebnissen bei. Der SSA3015X Plus verf\u00fcgt \u00fcber einen 10,1-Zoll-WVGA-Touchscreen mit einer Aufl\u00f6sung von 1024\u00d7600, der die Interaktion und Steuerung durch den Anwender erleichtert. Die Analysebandbreite ist auf 1 MHz festgelegt, und das Ger\u00e4t ist nicht handgef\u00fchrt, was auf eine station\u00e4re Ausf\u00fchrung hindeutet. Der angezeigte DANL-Wert betr\u00e4gt -156 dBm\/Hz, was die Empfindlichkeit des Ger\u00e4ts unterstreicht.<\/p>","protected":false},"excerpt":{"rendered":"<p>9KHz-1,5 GHz, Phasenrauschen&lt;-98dBc\/Hz, RBW 1Hz-1MHz, Min. DANL -161dBm\/Hz, Gesamtamplitudengenauigkeit&lt;0,7dB, 10,1 lnch WVGA(1024x600) Touchscreen\n<\/p>","protected":false},"featured_media":5190,"comment_status":"closed","ping_status":"closed","template":"","meta":{"_acf_changed":false,"slim_seo":{"title":"SSA3015X Plus - YOTAVIS AG","description":"9KHz-1,5 GHz, Phasenrauschen&lt;-98dBc\/Hz, RBW 1Hz-1MHz, Min. DANL -161dBm\/Hz, Gesamtamplitudengenauigkeit&lt;0,7dB, 10,1 lnch WVGA(1024x600) Touchscreen"}},"product_brand":[506],"product_cat":[523,524],"product_tag":[],"class_list":{"0":"post-3634","1":"product","2":"type-product","3":"status-publish","4":"has-post-thumbnail","6":"product_brand-siglent","7":"product_cat-analyser","8":"product_cat-signal-spectrum-analyser","9":"pa_analysis-bandwidth-mhz-178","10":"pa_danl-dbm-hz-183","11":"pa_frequency-max-mhz-430","12":"pa_frequency-min-hz-177","13":"pa_handheld-no","14":"pa_rtsa-no","16":"first","17":"instock","18":"taxable","19":"shipping-taxable","20":"purchasable","21":"product-type-simple"},"acf":[],"_links":{"self":[{"href":"https:\/\/yotavis.ch\/de\/wp-json\/wp\/v2\/product\/3634","targetHints":{"allow":["GET"]}}],"collection":[{"href":"https:\/\/yotavis.ch\/de\/wp-json\/wp\/v2\/product"}],"about":[{"href":"https:\/\/yotavis.ch\/de\/wp-json\/wp\/v2\/types\/product"}],"replies":[{"embeddable":true,"href":"https:\/\/yotavis.ch\/de\/wp-json\/wp\/v2\/comments?post=3634"}],"wp:featuredmedia":[{"embeddable":true,"href":"https:\/\/yotavis.ch\/de\/wp-json\/wp\/v2\/media\/5190"}],"wp:attachment":[{"href":"https:\/\/yotavis.ch\/de\/wp-json\/wp\/v2\/media?parent=3634"}],"wp:term":[{"taxonomy":"product_brand","embeddable":true,"href":"https:\/\/yotavis.ch\/de\/wp-json\/wp\/v2\/product_brand?post=3634"},{"taxonomy":"product_cat","embeddable":true,"href":"https:\/\/yotavis.ch\/de\/wp-json\/wp\/v2\/product_cat?post=3634"},{"taxonomy":"product_tag","embeddable":true,"href":"https:\/\/yotavis.ch\/de\/wp-json\/wp\/v2\/product_tag?post=3634"}],"curies":[{"name":"wp","href":"https:\/\/api.w.org\/{rel}","templated":true}]}}