{"id":3637,"date":"2025-10-09T00:00:00","date_gmt":"2025-10-08T22:00:00","guid":{"rendered":"https:\/\/yotavis.ch\/product\/ssa3075x-plus\/"},"modified":"2026-04-24T13:28:00","modified_gmt":"2026-04-24T11:28:00","slug":"ssa3075x-plus","status":"publish","type":"product","link":"https:\/\/yotavis.ch\/de\/produkt\/ssa3075x-plus\/","title":{"rendered":"SSA3075X Plus"},"content":{"rendered":"<p>Der SSA3075X Plus von Siglent arbeitet in einem Frequenzbereich von 9 kHz bis 7,5 GHz und bietet eine maximale Frequenz von 7.500 MHz und eine minimale Frequenz von 9.000 Hz. Es zeichnet sich durch ein Phasenrauschen von weniger als -98 dBc\/Hz aus und gew\u00e4hrleistet eine pr\u00e4zise Signalanalyse. Das Ger\u00e4t bietet eine Aufl\u00f6sungsbandbreite (RBW), die von 1 Hz bis 1 MHz einstellbar ist und eine detaillierte Frequenzaufl\u00f6sung erm\u00f6glicht. Der minimale angezeigte mittlere Rauschpegel (DANL) betr\u00e4gt -165 dBm\/Hz, was die Erkennung von Signalen mit sehr niedrigem Pegel unterst\u00fctzt. Die Gesamtamplitudengenauigkeit wird unter 0,7 dB gehalten, was zu zuverl\u00e4ssigen Amplitudenmessungen beitr\u00e4gt. Das Ger\u00e4t ist mit einem 10,1-Zoll-WVGA-Touchscreen mit einer Aufl\u00f6sung von 1024 x 600 Pixeln ausgestattet, der die Interaktion und Steuerung durch den Benutzer erleichtert. Dar\u00fcber hinaus ist die Analysebandbreite auf 1 MHz eingestellt, wodurch verschiedene Signalanalyseanwendungen unterst\u00fctzt werden. Dieses Modell ist kein Handheld und verf\u00fcgt nicht \u00fcber Echtzeit-Spektrumanalysefunktionen.<\/p>","protected":false},"excerpt":{"rendered":"<p>9KHz-7.5GHz, Phasenrauschen&lt;-98dBc\/Hz, RBW 1Hz-1MHz, Min. DANL -165dBm\/Hz, Gesamtamplitudengenauigkeit&lt;0,7dB, 10,1 lnch WVGA\uff081024x600\uff09Touchscreen\n<\/p>","protected":false},"featured_media":5197,"comment_status":"closed","ping_status":"closed","template":"","meta":{"_acf_changed":false,"slim_seo":{"title":"SSA3075X Plus - YOTAVIS AG","description":"9KHz-7.5GHz, Phasenrauschen&lt;-98dBc\/Hz, RBW 1Hz-1MHz, Min. DANL -165dBm\/Hz, Gesamtamplitudengenauigkeit&lt;0,7dB, 10,1 lnch WVGA\uff081024x600\uff09Touchscreen"}},"product_brand":[506],"product_cat":[523,524],"product_tag":[],"class_list":{"0":"post-3637","1":"product","2":"type-product","3":"status-publish","4":"has-post-thumbnail","6":"product_brand-siglent","7":"product_cat-analyser","8":"product_cat-signal-spectrum-analyser","9":"pa_analysis-bandwidth-mhz-178","10":"pa_danl-dbm-hz-184","11":"pa_frequency-max-mhz-431","12":"pa_frequency-min-hz-177","13":"pa_handheld-no","14":"pa_rtsa-no","16":"first","17":"instock","18":"taxable","19":"shipping-taxable","20":"purchasable","21":"product-type-simple"},"acf":[],"_links":{"self":[{"href":"https:\/\/yotavis.ch\/de\/wp-json\/wp\/v2\/product\/3637","targetHints":{"allow":["GET"]}}],"collection":[{"href":"https:\/\/yotavis.ch\/de\/wp-json\/wp\/v2\/product"}],"about":[{"href":"https:\/\/yotavis.ch\/de\/wp-json\/wp\/v2\/types\/product"}],"replies":[{"embeddable":true,"href":"https:\/\/yotavis.ch\/de\/wp-json\/wp\/v2\/comments?post=3637"}],"wp:featuredmedia":[{"embeddable":true,"href":"https:\/\/yotavis.ch\/de\/wp-json\/wp\/v2\/media\/5197"}],"wp:attachment":[{"href":"https:\/\/yotavis.ch\/de\/wp-json\/wp\/v2\/media?parent=3637"}],"wp:term":[{"taxonomy":"product_brand","embeddable":true,"href":"https:\/\/yotavis.ch\/de\/wp-json\/wp\/v2\/product_brand?post=3637"},{"taxonomy":"product_cat","embeddable":true,"href":"https:\/\/yotavis.ch\/de\/wp-json\/wp\/v2\/product_cat?post=3637"},{"taxonomy":"product_tag","embeddable":true,"href":"https:\/\/yotavis.ch\/de\/wp-json\/wp\/v2\/product_tag?post=3637"}],"curies":[{"name":"wp","href":"https:\/\/api.w.org\/{rel}","templated":true}]}}