{"id":3638,"date":"2025-10-09T00:00:00","date_gmt":"2025-10-08T22:00:00","guid":{"rendered":"https:\/\/yotavis.ch\/product\/ssa3032x-r\/"},"modified":"2026-04-24T13:28:04","modified_gmt":"2026-04-24T11:28:04","slug":"ssa3032x-r","status":"publish","type":"product","link":"https:\/\/yotavis.ch\/de\/produkt\/ssa3032x-r\/","title":{"rendered":"SSA3032X-R"},"content":{"rendered":"<p>Der SSA3032X-R von Siglent arbeitet in einem Frequenzbereich von 9 kHz bis 3,2 GHz und bietet vielseitige Messm\u00f6glichkeiten. Er verf\u00fcgt \u00fcber eine VNA-Funktion (Vector Network Analyzer), die 100 kHz bis 3,2 GHz abdeckt und eine detaillierte Netzwerkanalyse erm\u00f6glicht. Die Aufl\u00f6sungsbandbreite (RBW) kann von 1 Hz bis 3 MHz eingestellt werden, was eine pr\u00e4zise Signalaufl\u00f6sung erm\u00f6glicht. Das Ger\u00e4t bietet einen angezeigten mittleren Rauschpegel (DANL) von -165 dBm\/Hz, wodurch die Empfindlichkeit f\u00fcr Signale mit niedrigem Pegel gew\u00e4hrleistet wird. Das Phasenrauschen wird mit weniger als -98 dBc\/Hz angegeben und tr\u00e4gt zur Signalklarheit bei. Die Echtzeit-Bandbreite liegt bei 25 MHz und kann optional auf 40 MHz erweitert werden, was eine umfassende Echtzeit-Spektrumanalyse erm\u00f6glicht. Die Messmodi des Echtzeit-Spektrumanalysators (RTSA) umfassen Dichte, Spektrogramm, 3D und PvT und verbessern die Signalvisualisierung. Dar\u00fcber hinaus unterst\u00fctzt das Ger\u00e4t die Standardfunktionen VNA und Distance-to-Fault (DTF) und erweitert damit seinen Anwendungsbereich. Die maximale Frequenzkapazit\u00e4t liegt bei 3,2 GHz, die minimale Frequenz bei 9 kHz. Dieses Modell ist nicht handgef\u00fchrt und verf\u00fcgt \u00fcber eine Analysebandbreite von 40 MHz.<\/p>","protected":false},"excerpt":{"rendered":"<p>SA 9 kHz &#8211; 3.2 GHz; VNA 100kHz~3.2GHz; RBW 1 Hz &#8211; 3 MHz; DANL -165 dBm\/Hz; Phase Noise &lt;-98 dBc\/Hz; Echtzeit-Bandbreite 25 MHz (Option 40 MHz); RTSA-Messung: Dichte, Spektrogramm, 3D, PvT\uff0c Standard VNA und DTF Funktion\n<\/p>","protected":false},"featured_media":5202,"comment_status":"closed","ping_status":"closed","template":"","meta":{"_acf_changed":false,"slim_seo":{"title":"SSA3032X-R - YOTAVIS AG","description":"SA 9 kHz - 3,2 GHz; VNA 100kHz~3,2GHz; RBW 1 Hz - 3 MHz; DANL -165 dBm\/Hz; Phasenrauschen <-98 dBc\/Hz; Real Time Band Width 25 MHz(Option 40 MHz); RTSA Measurement"}},"product_brand":[506],"product_cat":[523,524],"product_tag":[],"class_list":{"0":"post-3638","1":"product","2":"type-product","3":"status-publish","4":"has-post-thumbnail","6":"product_brand-siglent","7":"product_cat-analyser","8":"product_cat-signal-spectrum-analyser","9":"pa_analysis-bandwidth-mhz-185","10":"pa_danl-dbm-hz-184","11":"pa_frequency-max-mhz-429","12":"pa_frequency-min-hz-177","13":"pa_handheld-no","14":"pa_rtsa-opt","16":"first","17":"instock","18":"taxable","19":"shipping-taxable","20":"purchasable","21":"product-type-simple"},"acf":[],"_links":{"self":[{"href":"https:\/\/yotavis.ch\/de\/wp-json\/wp\/v2\/product\/3638","targetHints":{"allow":["GET"]}}],"collection":[{"href":"https:\/\/yotavis.ch\/de\/wp-json\/wp\/v2\/product"}],"about":[{"href":"https:\/\/yotavis.ch\/de\/wp-json\/wp\/v2\/types\/product"}],"replies":[{"embeddable":true,"href":"https:\/\/yotavis.ch\/de\/wp-json\/wp\/v2\/comments?post=3638"}],"wp:featuredmedia":[{"embeddable":true,"href":"https:\/\/yotavis.ch\/de\/wp-json\/wp\/v2\/media\/5202"}],"wp:attachment":[{"href":"https:\/\/yotavis.ch\/de\/wp-json\/wp\/v2\/media?parent=3638"}],"wp:term":[{"taxonomy":"product_brand","embeddable":true,"href":"https:\/\/yotavis.ch\/de\/wp-json\/wp\/v2\/product_brand?post=3638"},{"taxonomy":"product_cat","embeddable":true,"href":"https:\/\/yotavis.ch\/de\/wp-json\/wp\/v2\/product_cat?post=3638"},{"taxonomy":"product_tag","embeddable":true,"href":"https:\/\/yotavis.ch\/de\/wp-json\/wp\/v2\/product_tag?post=3638"}],"curies":[{"name":"wp","href":"https:\/\/api.w.org\/{rel}","templated":true}]}}