{"id":3640,"date":"2025-10-09T00:00:00","date_gmt":"2025-10-08T22:00:00","guid":{"rendered":"https:\/\/yotavis.ch\/product\/ssa3075x-r\/"},"modified":"2026-04-24T13:28:05","modified_gmt":"2026-04-24T11:28:05","slug":"ssa3075x-r","status":"publish","type":"product","link":"https:\/\/yotavis.ch\/de\/produkt\/ssa3075x-r\/","title":{"rendered":"SSA3075X-R"},"content":{"rendered":"<p>Der SSA3075X-R von Siglent arbeitet in einem Frequenzbereich von 9 kHz bis 7,5 GHz und bietet eine Aufl\u00f6sebandbreite (RBW), die zwischen 1 Hz und 3 MHz einstellbar ist. Der angezeigte mittlere Rauschpegel (DANL) von -165 dBm\/Hz sorgt f\u00fcr ein niedriges Grundrauschen bei der Signalanalyse. Das Phasenrauschen ist mit weniger als -98 dBc\/Hz spezifiziert und tr\u00e4gt zur Signalklarheit w\u00e4hrend der Messungen bei. Dieses Modell unterst\u00fctzt Echtzeit-Bandbreitenoptionen von 25 MHz und 40 MHz, die eine detaillierte Signalerfassung und -analyse erm\u00f6glichen. Zu den Messfunktionen des Echtzeit-Spektrumanalysators (RTSA) geh\u00f6ren Dichte-, Spektrogramm-, 3D- und PvT-Messungen sowie Standard-Vektornetzwerkanalysator- (VNA) und Distance-to-Fault- (DTF) Funktionen. Die maximale unterst\u00fctzte Frequenz liegt bei 7,5 GHz, die minimale Frequenz bei 9 kHz. Die Analysebandbreite betr\u00e4gt 40 MHz und erm\u00f6glicht eine umfassende Untersuchung der Signaleigenschaften \u00fcber ein breites Spektrum. Dieses Ger\u00e4t ist nicht tragbar, sondern f\u00fcr den Tisch- oder station\u00e4ren Einsatz konzipiert.<\/p>","protected":false},"excerpt":{"rendered":"<p>SA 9 kHz &#8211; 7.5 GHz; RBW 1 Hz &#8211; 3 MHz; DANL -165 dBm\/Hz; Phase Noise &lt;-98 dBc\/Hz; Echtzeit-Bandbreite 25 MHz, 40 MHz; RTSA-Messung: Dichte, Spektrogramm, 3D, PvT, Standard-VNA und DTF-Funktion\n<\/p>","protected":false},"featured_media":5205,"comment_status":"closed","ping_status":"closed","template":"","meta":{"_acf_changed":false,"slim_seo":{"title":"SSA3075X-R - YOTAVIS AG","description":"SA 9 kHz - 7,5 GHz; RBW 1 Hz - 3 MHz; DANL -165 dBm\/Hz; Phasenrauschen <-98 dBc\/Hz; Real Time Band Width 25 MHz, 40 MHz; RTSA Measurement: Density, Spectrogram, 3D"}},"product_brand":[506],"product_cat":[523,524],"product_tag":[],"class_list":{"0":"post-3640","1":"product","2":"type-product","3":"status-publish","4":"has-post-thumbnail","6":"product_brand-siglent","7":"product_cat-analyser","8":"product_cat-signal-spectrum-analyser","9":"pa_analysis-bandwidth-mhz-185","10":"pa_danl-dbm-hz-184","11":"pa_frequency-max-mhz-431","12":"pa_frequency-min-hz-177","13":"pa_handheld-no","14":"pa_rtsa-opt","16":"first","17":"instock","18":"taxable","19":"shipping-taxable","20":"purchasable","21":"product-type-simple"},"acf":[],"_links":{"self":[{"href":"https:\/\/yotavis.ch\/de\/wp-json\/wp\/v2\/product\/3640","targetHints":{"allow":["GET"]}}],"collection":[{"href":"https:\/\/yotavis.ch\/de\/wp-json\/wp\/v2\/product"}],"about":[{"href":"https:\/\/yotavis.ch\/de\/wp-json\/wp\/v2\/types\/product"}],"replies":[{"embeddable":true,"href":"https:\/\/yotavis.ch\/de\/wp-json\/wp\/v2\/comments?post=3640"}],"wp:featuredmedia":[{"embeddable":true,"href":"https:\/\/yotavis.ch\/de\/wp-json\/wp\/v2\/media\/5205"}],"wp:attachment":[{"href":"https:\/\/yotavis.ch\/de\/wp-json\/wp\/v2\/media?parent=3640"}],"wp:term":[{"taxonomy":"product_brand","embeddable":true,"href":"https:\/\/yotavis.ch\/de\/wp-json\/wp\/v2\/product_brand?post=3640"},{"taxonomy":"product_cat","embeddable":true,"href":"https:\/\/yotavis.ch\/de\/wp-json\/wp\/v2\/product_cat?post=3640"},{"taxonomy":"product_tag","embeddable":true,"href":"https:\/\/yotavis.ch\/de\/wp-json\/wp\/v2\/product_tag?post=3640"}],"curies":[{"name":"wp","href":"https:\/\/api.w.org\/{rel}","templated":true}]}}