{"id":3641,"date":"2025-10-09T00:00:00","date_gmt":"2025-10-08T22:00:00","guid":{"rendered":"https:\/\/yotavis.ch\/product\/sva1015x\/"},"modified":"2026-04-24T13:28:06","modified_gmt":"2026-04-24T11:28:06","slug":"sva1015x","status":"publish","type":"product","link":"https:\/\/yotavis.ch\/de\/produkt\/sva1015x\/","title":{"rendered":"SVA1015X"},"content":{"rendered":"<p>Der Siglent SVA1015X arbeitet in einem Frequenzbereich von 9 kHz bis 1,5 GHz und kombiniert einen Spektrumanalysator und einen Vektor-Netzwerkanalysator mit einem Frequenzbereich von 10 MHz bis 1,5 GHz. Das Phasenrauschen liegt bei weniger als -98 dBc\/Hz und gew\u00e4hrleistet eine pr\u00e4zise Signalanalyse. Die Aufl\u00f6sungsbandbreite (RBW) kann von 1 Hz bis 1 MHz eingestellt werden und erm\u00f6glicht eine detaillierte Frequenzaufl\u00f6sung. Das Ger\u00e4t bietet einen minimalen angezeigten mittleren Rauschpegel (DANL) von -156 dBm\/Hz, was die Erkennung von Signalen mit sehr niedrigem Pegel unterst\u00fctzt. Die Gesamtamplitudengenauigkeit liegt unter 1,2 dB und tr\u00e4gt so zu zuverl\u00e4ssigen Amplitudenmessungen bei. Der SVA1015X unterst\u00fctzt einen Mitlaufgenerator (TG) und erweitert damit seine Pr\u00fcfm\u00f6glichkeiten. Er verf\u00fcgt \u00fcber zwei Anschl\u00fcsse und hat einen Dynamikbereich von 90 dB. Dieses Modell ist nicht handgef\u00fchrt und hat eine maximale Frequenz von 1,5 GHz.<\/p>","protected":false},"excerpt":{"rendered":"<p>9 KHz &#8211; 1.5 GHz SA, 10MHz &#8211; 1.5GHz VNA, Phase Noise &lt; -98 dBc\/Hz, RBW 1 Hz - 1 MHz, Min. DANL -156 dBm\/Hz, Gesamtamplitudengenauigkeit&lt;1,2 dB, Unterst\u00fctzung TG;\n<\/p>","protected":false},"featured_media":5219,"comment_status":"closed","ping_status":"closed","template":"","meta":{"_acf_changed":false,"slim_seo":{"title":"SVA1015X - YOTAVIS AG","description":"9 KHz - 1,5 GHz SA, 10MHz - 1,5GHz VNA, Phasenrauschen &lt; -98 dBc\/Hz, RBW 1 Hz - 1 MHz, Min. DANL -156 dBm\/Hz, Gesamtamplitudengenauigkeit&lt;1,2 dB, Unterst\u00fctzung TG;"}},"product_brand":[506],"product_cat":[523,525],"product_tag":[],"class_list":{"0":"post-3641","1":"product","2":"type-product","3":"status-publish","4":"has-post-thumbnail","6":"product_brand-siglent","7":"product_cat-analyser","8":"product_cat-vna","9":"pa_dynamic-range-db-187","10":"pa_frequency-max-mhz-430","11":"pa_frequency-min-hz-177","12":"pa_handheld-no","13":"pa_ports-188","15":"first","16":"instock","17":"taxable","18":"shipping-taxable","19":"purchasable","20":"product-type-simple"},"acf":[],"_links":{"self":[{"href":"https:\/\/yotavis.ch\/de\/wp-json\/wp\/v2\/product\/3641","targetHints":{"allow":["GET"]}}],"collection":[{"href":"https:\/\/yotavis.ch\/de\/wp-json\/wp\/v2\/product"}],"about":[{"href":"https:\/\/yotavis.ch\/de\/wp-json\/wp\/v2\/types\/product"}],"replies":[{"embeddable":true,"href":"https:\/\/yotavis.ch\/de\/wp-json\/wp\/v2\/comments?post=3641"}],"wp:featuredmedia":[{"embeddable":true,"href":"https:\/\/yotavis.ch\/de\/wp-json\/wp\/v2\/media\/5219"}],"wp:attachment":[{"href":"https:\/\/yotavis.ch\/de\/wp-json\/wp\/v2\/media?parent=3641"}],"wp:term":[{"taxonomy":"product_brand","embeddable":true,"href":"https:\/\/yotavis.ch\/de\/wp-json\/wp\/v2\/product_brand?post=3641"},{"taxonomy":"product_cat","embeddable":true,"href":"https:\/\/yotavis.ch\/de\/wp-json\/wp\/v2\/product_cat?post=3641"},{"taxonomy":"product_tag","embeddable":true,"href":"https:\/\/yotavis.ch\/de\/wp-json\/wp\/v2\/product_tag?post=3641"}],"curies":[{"name":"wp","href":"https:\/\/api.w.org\/{rel}","templated":true}]}}