{"id":3642,"date":"2025-10-09T00:00:00","date_gmt":"2025-10-08T22:00:00","guid":{"rendered":"https:\/\/yotavis.ch\/product\/sva1032x\/"},"modified":"2026-04-24T13:28:06","modified_gmt":"2026-04-24T11:28:06","slug":"sva1032x","status":"publish","type":"product","link":"https:\/\/yotavis.ch\/de\/produkt\/sva1032x\/","title":{"rendered":"SVA1032X"},"content":{"rendered":"<p>Der Siglent SVA1032X arbeitet in einem Frequenzbereich von 9 kHz bis 3,2 GHz und kombiniert einen Spektrumanalysator und einen Vektor-Netzwerkanalysator mit einem Frequenzbereich von 100 kHz bis 3,2 GHz. Er zeichnet sich durch ein Phasenrauschen von weniger als -98 dBc\/Hz aus und bietet eine Aufl\u00f6sebandbreite (RBW), die von 1 Hz bis 1 MHz einstellbar ist. Das Ger\u00e4t erreicht einen minimalen angezeigten mittleren Rauschpegel (DANL) von -161 dBm\/Hz und gew\u00e4hrleistet damit eine hohe Empfindlichkeit bei der Signalerkennung. Seine Gesamtamplitudengenauigkeit liegt unter 0,7 dB, was pr\u00e4zise Amplitudenmessungen erm\u00f6glicht. Der Analysator unterst\u00fctzt eine Mitlaufgenerator (TG)-Funktion, die seine Pr\u00fcfm\u00f6glichkeiten erweitert. Mit einem Dynamikbereich von 90 dB und zwei verf\u00fcgbaren Anschl\u00fcssen ist der SVA1032X f\u00fcr vielseitige Signalanalyseanwendungen konzipiert. Dieses Modell ist nicht handgehalten und deckt eine maximale Frequenz von 3,2 GHz ab, wodurch es sich f\u00fcr eine Vielzahl von HF-Testszenarien eignet.<\/p>","protected":false},"excerpt":{"rendered":"<p>9 KHz &#8211; 3.2 GHz SA, 100kHz-3.2GHz VNA, Phase Noise &lt; -98 dBc\/Hz, RBW 1 Hz - 1 MHz, Min. DANL -161 dBm\/Hz, Gesamtamplitudengenauigkeit&lt;0,7 dB, Unterst\u00fctzung TG;\n<\/p>","protected":false},"featured_media":5210,"comment_status":"closed","ping_status":"closed","template":"","meta":{"_acf_changed":false,"slim_seo":{"title":"SVA1032X - YOTAVIS AG","description":"9 KHz - 3,2 GHz SA, 100kHz-3,2GHz VNA, Phasenrauschen &lt; -98 dBc\/Hz, RBW 1 Hz - 1 MHz, Min. DANL -161 dBm\/Hz, Gesamtamplitudengenauigkeit&lt;0,7 dB, Unterst\u00fctzung TG;"}},"product_brand":[506],"product_cat":[523,525],"product_tag":[],"class_list":{"0":"post-3642","1":"product","2":"type-product","3":"status-publish","4":"has-post-thumbnail","6":"product_brand-siglent","7":"product_cat-analyser","8":"product_cat-vna","9":"pa_dynamic-range-db-187","10":"pa_frequency-max-mhz-429","11":"pa_frequency-min-hz-177","12":"pa_handheld-no","13":"pa_ports-188","15":"first","16":"instock","17":"taxable","18":"shipping-taxable","19":"purchasable","20":"product-type-simple"},"acf":[],"_links":{"self":[{"href":"https:\/\/yotavis.ch\/de\/wp-json\/wp\/v2\/product\/3642","targetHints":{"allow":["GET"]}}],"collection":[{"href":"https:\/\/yotavis.ch\/de\/wp-json\/wp\/v2\/product"}],"about":[{"href":"https:\/\/yotavis.ch\/de\/wp-json\/wp\/v2\/types\/product"}],"replies":[{"embeddable":true,"href":"https:\/\/yotavis.ch\/de\/wp-json\/wp\/v2\/comments?post=3642"}],"wp:featuredmedia":[{"embeddable":true,"href":"https:\/\/yotavis.ch\/de\/wp-json\/wp\/v2\/media\/5210"}],"wp:attachment":[{"href":"https:\/\/yotavis.ch\/de\/wp-json\/wp\/v2\/media?parent=3642"}],"wp:term":[{"taxonomy":"product_brand","embeddable":true,"href":"https:\/\/yotavis.ch\/de\/wp-json\/wp\/v2\/product_brand?post=3642"},{"taxonomy":"product_cat","embeddable":true,"href":"https:\/\/yotavis.ch\/de\/wp-json\/wp\/v2\/product_cat?post=3642"},{"taxonomy":"product_tag","embeddable":true,"href":"https:\/\/yotavis.ch\/de\/wp-json\/wp\/v2\/product_tag?post=3642"}],"curies":[{"name":"wp","href":"https:\/\/api.w.org\/{rel}","templated":true}]}}