{"id":3643,"date":"2025-10-09T00:00:00","date_gmt":"2025-10-08T22:00:00","guid":{"rendered":"https:\/\/yotavis.ch\/product\/sva1075x\/"},"modified":"2026-04-24T13:28:07","modified_gmt":"2026-04-24T11:28:07","slug":"sva1075x","status":"publish","type":"product","link":"https:\/\/yotavis.ch\/de\/produkt\/sva1075x\/","title":{"rendered":"SVA1075X"},"content":{"rendered":"<p>Der Siglent SVA1075X arbeitet in einem Frequenzbereich von 9 kHz bis 7,5 GHz und kombiniert einen Spektrumanalysator und einen Vektor-Netzwerkanalysator mit einem Frequenzbereich von 100 kHz bis 7,5 GHz. Das Phasenrauschen liegt bei weniger als -98 dBc\/Hz und gew\u00e4hrleistet eine pr\u00e4zise Signalanalyse. Die Aufl\u00f6sungsbandbreite (RBW) kann von 1 Hz bis 1 MHz eingestellt werden und erm\u00f6glicht eine detaillierte Frequenzaufl\u00f6sung. Das Ger\u00e4t erreicht einen minimalen angezeigten mittleren Rauschpegel (DANL) von -165 dBm\/Hz, was zu seiner Empfindlichkeit bei der Erkennung schwacher Signale beitr\u00e4gt. Die Gesamtamplitudengenauigkeit liegt bei weniger als 0,7 dB, was zuverl\u00e4ssige Amplitudenmessungen erm\u00f6glicht. Der SVA1075X unterst\u00fctzt einen Mitlaufgenerator (TG) und erweitert damit seine F\u00e4higkeiten f\u00fcr Pr\u00fcf- und Messanwendungen. Er verf\u00fcgt \u00fcber zwei Anschl\u00fcsse und bietet einen Dynamikbereich von 90 dB, der f\u00fcr eine Vielzahl von Signalanalyseaufgaben geeignet ist. Dieses Modell ist nicht handgef\u00fchrt und deckt einen Frequenzbereich von 9.000 Hz bis 7.500 MHz ab.<\/p>","protected":false},"excerpt":{"rendered":"<p>9 KHz &#8211; 7.5 GHz SA, 100kHz-7.5GHz VNA, Phase Noise &lt; -98 dBc\/Hz, RBW 1 Hz - 1 MHz, Min. DANL -165 dBm\/Hz, Gesamtamplitudengenauigkeit&lt;0,7 dB, Unterst\u00fctzung TG;\n<\/p>","protected":false},"featured_media":5216,"comment_status":"closed","ping_status":"closed","template":"","meta":{"_acf_changed":false,"slim_seo":{"title":"SVA1075X - YOTAVIS AG","description":"9 KHz - 7,5 GHz SA, 100kHz-7,5GHz VNA, Phasenrauschen &lt; -98 dBc\/Hz, RBW 1 Hz - 1 MHz, Min. DANL -165 dBm\/Hz, Gesamtamplitudengenauigkeit&lt;0,7 dB, Unterst\u00fctzung TG;"}},"product_brand":[506],"product_cat":[523,525],"product_tag":[],"class_list":{"0":"post-3643","1":"product","2":"type-product","3":"status-publish","4":"has-post-thumbnail","6":"product_brand-siglent","7":"product_cat-analyser","8":"product_cat-vna","9":"pa_dynamic-range-db-187","10":"pa_frequency-max-mhz-431","11":"pa_frequency-min-hz-177","12":"pa_handheld-no","13":"pa_ports-188","15":"first","16":"instock","17":"taxable","18":"shipping-taxable","19":"purchasable","20":"product-type-simple"},"acf":[],"_links":{"self":[{"href":"https:\/\/yotavis.ch\/de\/wp-json\/wp\/v2\/product\/3643","targetHints":{"allow":["GET"]}}],"collection":[{"href":"https:\/\/yotavis.ch\/de\/wp-json\/wp\/v2\/product"}],"about":[{"href":"https:\/\/yotavis.ch\/de\/wp-json\/wp\/v2\/types\/product"}],"replies":[{"embeddable":true,"href":"https:\/\/yotavis.ch\/de\/wp-json\/wp\/v2\/comments?post=3643"}],"wp:featuredmedia":[{"embeddable":true,"href":"https:\/\/yotavis.ch\/de\/wp-json\/wp\/v2\/media\/5216"}],"wp:attachment":[{"href":"https:\/\/yotavis.ch\/de\/wp-json\/wp\/v2\/media?parent=3643"}],"wp:term":[{"taxonomy":"product_brand","embeddable":true,"href":"https:\/\/yotavis.ch\/de\/wp-json\/wp\/v2\/product_brand?post=3643"},{"taxonomy":"product_cat","embeddable":true,"href":"https:\/\/yotavis.ch\/de\/wp-json\/wp\/v2\/product_cat?post=3643"},{"taxonomy":"product_tag","embeddable":true,"href":"https:\/\/yotavis.ch\/de\/wp-json\/wp\/v2\/product_tag?post=3643"}],"curies":[{"name":"wp","href":"https:\/\/api.w.org\/{rel}","templated":true}]}}