{"id":3644,"date":"2025-10-09T00:00:00","date_gmt":"2025-10-08T22:00:00","guid":{"rendered":"https:\/\/yotavis.ch\/product\/sha851a\/"},"modified":"2026-04-24T13:28:08","modified_gmt":"2026-04-24T11:28:08","slug":"sha851a","status":"publish","type":"product","link":"https:\/\/yotavis.ch\/de\/produkt\/sha851a\/","title":{"rendered":"SHA851A"},"content":{"rendered":"<p>Der SHA851A von Siglent ist ein handgehaltener Spektrumanalysator, der in einem Frequenzbereich von 9 kHz bis 3,6 GHz arbeitet. Er funktioniert auch als Kabel- und Antennenanalysator f\u00fcr Frequenzen von 100 kHz bis 3,6 GHz. Das Ger\u00e4t weist einen angezeigten durchschnittlichen Rauschpegel von -165 dBm\/Hz auf, was eine empfindliche Signalerkennung erm\u00f6glicht. Das Phasenrauschen liegt bei -104 dBc\/Hz, was zu seiner Messgenauigkeit beitr\u00e4gt. Die maximale Frequenz, die der Analysator unterst\u00fctzt, betr\u00e4gt 3600 MHz, w\u00e4hrend die minimale Frequenz 9000 Hz betr\u00e4gt. Die Analysebandbreite betr\u00e4gt 3 MHz, was den Bereich der Frequenzen definiert, die gleichzeitig analysiert werden k\u00f6nnen. Der SHA851A ist tragbar und eignet sich f\u00fcr den Einsatz im Feld und f\u00fcr Pr\u00fcfungen vor Ort, ohne dass zus\u00e4tzliche Ger\u00e4te erforderlich sind.<\/p>","protected":false},"excerpt":{"rendered":"<p>9 kHz~3,6 GHz Handheld-Spektrumanalysator, 100 kHz~3,6 GHz Kabel- und Antennenanalysator, -165 dBm\/Hz Angezeigter Mittelwert<\/p>","protected":false},"featured_media":14327,"comment_status":"closed","ping_status":"closed","template":"","meta":{"_acf_changed":false,"slim_seo":{"title":"SHA851A - YOTAVIS AG","description":"9 kHz~3,6 GHz Handheld-Spektrumanalysator, 100 kHz~3,6 GHz Kabel- und Antennenanalysator, -165 dBm\/Hz Angezeigter Mittelwert"}},"product_brand":[506],"product_cat":[523,524],"product_tag":[],"class_list":{"0":"post-3644","1":"product","2":"type-product","3":"status-publish","4":"has-post-thumbnail","6":"product_brand-siglent","7":"product_cat-analyser","8":"product_cat-signal-spectrum-analyser","9":"pa_analysis-bandwidth-mhz-191","10":"pa_danl-dbm-hz-184","11":"pa_frequency-max-mhz-434","12":"pa_frequency-min-hz-177","13":"pa_handheld-yes","14":"pa_rtsa-no","16":"first","17":"instock","18":"taxable","19":"shipping-taxable","20":"purchasable","21":"product-type-simple"},"acf":[],"_links":{"self":[{"href":"https:\/\/yotavis.ch\/de\/wp-json\/wp\/v2\/product\/3644","targetHints":{"allow":["GET"]}}],"collection":[{"href":"https:\/\/yotavis.ch\/de\/wp-json\/wp\/v2\/product"}],"about":[{"href":"https:\/\/yotavis.ch\/de\/wp-json\/wp\/v2\/types\/product"}],"replies":[{"embeddable":true,"href":"https:\/\/yotavis.ch\/de\/wp-json\/wp\/v2\/comments?post=3644"}],"wp:featuredmedia":[{"embeddable":true,"href":"https:\/\/yotavis.ch\/de\/wp-json\/wp\/v2\/media\/14327"}],"wp:attachment":[{"href":"https:\/\/yotavis.ch\/de\/wp-json\/wp\/v2\/media?parent=3644"}],"wp:term":[{"taxonomy":"product_brand","embeddable":true,"href":"https:\/\/yotavis.ch\/de\/wp-json\/wp\/v2\/product_brand?post=3644"},{"taxonomy":"product_cat","embeddable":true,"href":"https:\/\/yotavis.ch\/de\/wp-json\/wp\/v2\/product_cat?post=3644"},{"taxonomy":"product_tag","embeddable":true,"href":"https:\/\/yotavis.ch\/de\/wp-json\/wp\/v2\/product_tag?post=3644"}],"curies":[{"name":"wp","href":"https:\/\/api.w.org\/{rel}","templated":true}]}}