{"id":3645,"date":"2025-10-09T00:00:00","date_gmt":"2025-10-08T22:00:00","guid":{"rendered":"https:\/\/yotavis.ch\/product\/sha852a\/"},"modified":"2026-04-24T13:28:10","modified_gmt":"2026-04-24T11:28:10","slug":"sha852a","status":"publish","type":"product","link":"https:\/\/yotavis.ch\/de\/produkt\/sha852a\/","title":{"rendered":"SHA852A"},"content":{"rendered":"<p>Der Siglent SHA852A ist ein tragbarer Spektrumanalysator, der in einem Frequenzbereich von 9 kHz bis 7,5 GHz arbeitet und vielseitige Analysem\u00f6glichkeiten f\u00fcr verschiedene Signaltypen bietet. Er funktioniert auch als Kabel- und Antennenanalysator, der Frequenzen von 100 kHz bis 7,5 GHz abdeckt. Das Ger\u00e4t weist einen angezeigten mittleren Rauschpegel von -165 dBm\/Hz auf und erm\u00f6glicht so eine empfindliche Signaldetektion. Sein Phasenrauschen liegt bei -104 dBc\/Hz und tr\u00e4gt zu genauen Frequenzmessungen bei. Der Analysator unterst\u00fctzt eine Analysebandbreite von 3 MHz, was eine detaillierte Untersuchung der Signaleigenschaften erm\u00f6glicht. Der SHA852A ist tragbar und eignet sich daher f\u00fcr den Einsatz vor Ort. Die maximale Frequenz, die er messen kann, betr\u00e4gt 7,5 GHz, w\u00e4hrend die minimale Frequenz 9 kHz betr\u00e4gt. Diese Kombination von Merkmalen macht den SHA852A zu einem umfassenden Werkzeug f\u00fcr Spektrum- und Kabelanalyseaufgaben.<\/p>","protected":false},"excerpt":{"rendered":"<p>9 kHz~7,5 GHz Handheld-Spektrumanalysator, 100 kHz~7,5 GHz Kabel- und Antennenanalysator, -165 dBm\/Hz Angezeigter Mittelwert<\/p>","protected":false},"featured_media":5224,"comment_status":"closed","ping_status":"closed","template":"","meta":{"_acf_changed":false,"slim_seo":{"title":"SHA852A - YOTAVIS AG","description":"9 kHz~7,5 GHz Handheld-Spektrumanalysator, 100 kHz~7,5 GHz Kabel- und Antennenanalysator, -165 dBm\/Hz Angezeigter Mittelwert"}},"product_brand":[506],"product_cat":[523,524],"product_tag":[],"class_list":{"0":"post-3645","1":"product","2":"type-product","3":"status-publish","4":"has-post-thumbnail","6":"product_brand-siglent","7":"product_cat-analyser","8":"product_cat-signal-spectrum-analyser","9":"pa_analysis-bandwidth-mhz-191","10":"pa_danl-dbm-hz-184","11":"pa_frequency-max-mhz-431","12":"pa_frequency-min-hz-177","13":"pa_handheld-yes","14":"pa_rtsa-no","16":"first","17":"instock","18":"taxable","19":"shipping-taxable","20":"purchasable","21":"product-type-simple"},"acf":[],"_links":{"self":[{"href":"https:\/\/yotavis.ch\/de\/wp-json\/wp\/v2\/product\/3645","targetHints":{"allow":["GET"]}}],"collection":[{"href":"https:\/\/yotavis.ch\/de\/wp-json\/wp\/v2\/product"}],"about":[{"href":"https:\/\/yotavis.ch\/de\/wp-json\/wp\/v2\/types\/product"}],"replies":[{"embeddable":true,"href":"https:\/\/yotavis.ch\/de\/wp-json\/wp\/v2\/comments?post=3645"}],"wp:featuredmedia":[{"embeddable":true,"href":"https:\/\/yotavis.ch\/de\/wp-json\/wp\/v2\/media\/5224"}],"wp:attachment":[{"href":"https:\/\/yotavis.ch\/de\/wp-json\/wp\/v2\/media?parent=3645"}],"wp:term":[{"taxonomy":"product_brand","embeddable":true,"href":"https:\/\/yotavis.ch\/de\/wp-json\/wp\/v2\/product_brand?post=3645"},{"taxonomy":"product_cat","embeddable":true,"href":"https:\/\/yotavis.ch\/de\/wp-json\/wp\/v2\/product_cat?post=3645"},{"taxonomy":"product_tag","embeddable":true,"href":"https:\/\/yotavis.ch\/de\/wp-json\/wp\/v2\/product_tag?post=3645"}],"curies":[{"name":"wp","href":"https:\/\/api.w.org\/{rel}","templated":true}]}}