{"id":3646,"date":"2025-10-09T00:00:00","date_gmt":"2025-10-08T22:00:00","guid":{"rendered":"https:\/\/yotavis.ch\/product\/ant-gps1\/"},"modified":"2026-04-24T13:28:13","modified_gmt":"2026-04-24T11:28:13","slug":"ant-gps1","status":"publish","type":"product","link":"https:\/\/yotavis.ch\/de\/produkt\/ant-gps1\/","title":{"rendered":"ANT-GPS1"},"content":{"rendered":"<p>Die ANT-GPS1 ist eine GPS-Antenne des Herstellers Siglent mit einem SMA-Stecker und einer Kabell\u00e4nge von 100 Zentimetern. Diese Antenne wurde f\u00fcr den Empfang von GPS-Signalen entwickelt und ist mit einer Standard-SMA(M)-Schnittstelle ausgestattet, die Kompatibilit\u00e4t mit verschiedenen GPS-Ger\u00e4ten und -Empf\u00e4ngern gew\u00e4hrleistet. Die Kabell\u00e4nge von 100 cm bietet Flexibilit\u00e4t bei der Positionierung der Antenne f\u00fcr einen optimalen Signalempfang. Das Produkt tr\u00e4gt die Modellnummer ANT-GPS1 und ist Teil des Siglent-Sortiments an elektronischen Komponenten. F\u00fcr diese Antenne werden keine zus\u00e4tzlichen elektrischen Spezifikationen wie Leistung, Spannung oder Stromst\u00e4rke angegeben. Das Design konzentriert sich auf Konnektivit\u00e4t und Signalerfassung durch den SMA-Stecker, der \u00fcblicherweise in GPS- und RF-Anwendungen verwendet wird. Diese Antenne eignet sich f\u00fcr die Integration in Systeme, die GPS-Signalempfang mit einem zuverl\u00e4ssigen und standardisierten Steckertyp erfordern.<\/p>","protected":false},"excerpt":{"rendered":"<p>GPS-Antenne, SMA(M), 100cm<\/p>","protected":false},"featured_media":5230,"comment_status":"closed","ping_status":"closed","template":"","meta":{"_acf_changed":false,"slim_seo":{"title":"ANT-GPS1 - YOTAVIS AG","description":"GPS-Antenne, SMA(M), 100cm"}},"product_brand":[506],"product_cat":[526,527],"product_tag":[],"class_list":{"0":"post-3646","1":"product","2":"type-product","3":"status-publish","4":"has-post-thumbnail","6":"product_brand-siglent","7":"product_cat-accessories","8":"product_cat-antenna-en","10":"first","11":"instock","12":"taxable","13":"shipping-taxable","14":"purchasable","15":"product-type-simple"},"acf":[],"_links":{"self":[{"href":"https:\/\/yotavis.ch\/de\/wp-json\/wp\/v2\/product\/3646","targetHints":{"allow":["GET"]}}],"collection":[{"href":"https:\/\/yotavis.ch\/de\/wp-json\/wp\/v2\/product"}],"about":[{"href":"https:\/\/yotavis.ch\/de\/wp-json\/wp\/v2\/types\/product"}],"replies":[{"embeddable":true,"href":"https:\/\/yotavis.ch\/de\/wp-json\/wp\/v2\/comments?post=3646"}],"wp:featuredmedia":[{"embeddable":true,"href":"https:\/\/yotavis.ch\/de\/wp-json\/wp\/v2\/media\/5230"}],"wp:attachment":[{"href":"https:\/\/yotavis.ch\/de\/wp-json\/wp\/v2\/media?parent=3646"}],"wp:term":[{"taxonomy":"product_brand","embeddable":true,"href":"https:\/\/yotavis.ch\/de\/wp-json\/wp\/v2\/product_brand?post=3646"},{"taxonomy":"product_cat","embeddable":true,"href":"https:\/\/yotavis.ch\/de\/wp-json\/wp\/v2\/product_cat?post=3646"},{"taxonomy":"product_tag","embeddable":true,"href":"https:\/\/yotavis.ch\/de\/wp-json\/wp\/v2\/product_tag?post=3646"}],"curies":[{"name":"wp","href":"https:\/\/api.w.org\/{rel}","templated":true}]}}