{"id":3649,"date":"2025-10-09T00:00:00","date_gmt":"2025-10-08T22:00:00","guid":{"rendered":"https:\/\/yotavis.ch\/product\/ant-da12\/"},"modified":"2026-04-24T13:28:14","modified_gmt":"2026-04-24T11:28:14","slug":"ant-da12","status":"publish","type":"product","link":"https:\/\/yotavis.ch\/de\/produkt\/ant-da12\/","title":{"rendered":"ANT-DA12"},"content":{"rendered":"<p>Das ANT-DA12 von Siglent verf\u00fcgt \u00fcber einen Verst\u00e4rkergriff und eine Antenne, die im Frequenzbereich von 200MHz bis 500MHz arbeitet. Sie bietet einen typischen Antennengewinn von 10dB und ein Stehwellenverh\u00e4ltnis (SWR) von weniger als 1:1,9, was eine effiziente Signal\u00fcbertragung gew\u00e4hrleistet. Die Antenne ist mit einer Impedanz von 50\u03a9 ausgelegt und verwendet eine N-Buchse. Sie unterst\u00fctzt sowohl horizontale als auch vertikale Polarisationsrichtungen und erm\u00f6glicht so vielseitige Signalempfangs- und -\u00fcbertragungskonfigurationen.<\/p>","protected":false},"excerpt":{"rendered":"<p>Enth\u00e4lt Verst\u00e4rkerhandgriff und 200MHz ~ 500MHz Antenne. Antennengewinn 10dB (typischer Wert); SWR &lt;1_1,9 (typischer Wert); Typ 50\u03a9\/N, Buchse; Polarisationsrichtung horizontal und vertikal\n<\/p>","protected":false},"featured_media":5238,"comment_status":"closed","ping_status":"closed","template":"","meta":{"_acf_changed":false,"slim_seo":{"title":"ANT-DA12 - YOTAVIS AG","description":"Enth\u00e4lt Verst\u00e4rkerhandgriff und 200MHz ~ 500MHz Antenne. Antennengewinn 10dB (typischer Wert); SWR <1_1.9 (typical value); 50\u03a9\/N type, female; polarization direction"}},"product_brand":[506],"product_cat":[526,527],"product_tag":[],"class_list":{"0":"post-3649","1":"product","2":"type-product","3":"status-publish","4":"has-post-thumbnail","6":"product_brand-siglent","7":"product_cat-accessories","8":"product_cat-antenna-en","10":"first","11":"instock","12":"taxable","13":"shipping-taxable","14":"purchasable","15":"product-type-simple"},"acf":[],"_links":{"self":[{"href":"https:\/\/yotavis.ch\/de\/wp-json\/wp\/v2\/product\/3649","targetHints":{"allow":["GET"]}}],"collection":[{"href":"https:\/\/yotavis.ch\/de\/wp-json\/wp\/v2\/product"}],"about":[{"href":"https:\/\/yotavis.ch\/de\/wp-json\/wp\/v2\/types\/product"}],"replies":[{"embeddable":true,"href":"https:\/\/yotavis.ch\/de\/wp-json\/wp\/v2\/comments?post=3649"}],"wp:featuredmedia":[{"embeddable":true,"href":"https:\/\/yotavis.ch\/de\/wp-json\/wp\/v2\/media\/5238"}],"wp:attachment":[{"href":"https:\/\/yotavis.ch\/de\/wp-json\/wp\/v2\/media?parent=3649"}],"wp:term":[{"taxonomy":"product_brand","embeddable":true,"href":"https:\/\/yotavis.ch\/de\/wp-json\/wp\/v2\/product_brand?post=3649"},{"taxonomy":"product_cat","embeddable":true,"href":"https:\/\/yotavis.ch\/de\/wp-json\/wp\/v2\/product_cat?post=3649"},{"taxonomy":"product_tag","embeddable":true,"href":"https:\/\/yotavis.ch\/de\/wp-json\/wp\/v2\/product_tag?post=3649"}],"curies":[{"name":"wp","href":"https:\/\/api.w.org\/{rel}","templated":true}]}}