{"id":3651,"date":"2025-10-09T00:00:00","date_gmt":"2025-10-08T22:00:00","guid":{"rendered":"https:\/\/yotavis.ch\/product\/f503me\/"},"modified":"2026-04-24T13:28:17","modified_gmt":"2026-04-24T11:28:17","slug":"f503me","status":"publish","type":"product","link":"https:\/\/yotavis.ch\/de\/produkt\/f503me\/","title":{"rendered":"F503ME"},"content":{"rendered":"<p>Das Siglent F503ME mechanische Kalibrierungs-Kit wurde f\u00fcr die OSLT-Kalibrierung entwickelt und arbeitet in einem Frequenzbereich von DC bis 4,5 GHz. Es verf\u00fcgt \u00fcber einen N-Male-Stecker, der die Kompatibilit\u00e4t mit einer Vielzahl von Testger\u00e4ten gew\u00e4hrleistet. Dieses Kalibrierungs-Kit ist f\u00fcr die pr\u00e4zise mechanische Kalibrierung von Ger\u00e4ten gedacht, die genaue Frequenz- und Signalmessungen erfordern. Das Kit unterst\u00fctzt Kalibrierungsaufgaben, die offene, kurze, Last- und Durchgangsstandards beinhalten, die f\u00fcr die Kalibrierung von Vektornetzwerkanalysatoren unerl\u00e4sslich sind. Mit einem Frequenzbereich bis zu 4,5 GHz ist es f\u00fcr eine Vielzahl von HF-Anwendungen geeignet. Der N-Male-Steckertyp wird h\u00e4ufig in HF-Testumgebungen verwendet und bietet zuverl\u00e4ssige und konsistente Verbindungen. Dieses Produkt ist Teil der Siglent-Produktlinie von Kalibrierungswerkzeugen, die f\u00fcr ihre Anwendung in professionellen Test- und Messaufbauten bekannt sind.<\/p>","protected":false},"excerpt":{"rendered":"<p>Mechanical Calibration Kit: OSLT, DC &#8211; 4.5 GHz, N-Male connector<\/p>","protected":false},"featured_media":5246,"comment_status":"closed","ping_status":"closed","template":"","meta":{"_acf_changed":false,"slim_seo":{"title":"F503ME - YOTAVIS AG","description":"Mechanisches Kalibrierungs-Kit: OSLT, DC - 4,5 GHz, N-Stecker"}},"product_brand":[506],"product_cat":[526,528],"product_tag":[],"class_list":{"0":"post-3651","1":"product","2":"type-product","3":"status-publish","4":"has-post-thumbnail","6":"product_brand-siglent","7":"product_cat-accessories","8":"product_cat-calibration-kits","9":"pa_connector-type-n","11":"first","12":"instock","13":"taxable","14":"shipping-taxable","15":"purchasable","16":"product-type-simple"},"acf":[],"_links":{"self":[{"href":"https:\/\/yotavis.ch\/de\/wp-json\/wp\/v2\/product\/3651","targetHints":{"allow":["GET"]}}],"collection":[{"href":"https:\/\/yotavis.ch\/de\/wp-json\/wp\/v2\/product"}],"about":[{"href":"https:\/\/yotavis.ch\/de\/wp-json\/wp\/v2\/types\/product"}],"replies":[{"embeddable":true,"href":"https:\/\/yotavis.ch\/de\/wp-json\/wp\/v2\/comments?post=3651"}],"wp:featuredmedia":[{"embeddable":true,"href":"https:\/\/yotavis.ch\/de\/wp-json\/wp\/v2\/media\/5246"}],"wp:attachment":[{"href":"https:\/\/yotavis.ch\/de\/wp-json\/wp\/v2\/media?parent=3651"}],"wp:term":[{"taxonomy":"product_brand","embeddable":true,"href":"https:\/\/yotavis.ch\/de\/wp-json\/wp\/v2\/product_brand?post=3651"},{"taxonomy":"product_cat","embeddable":true,"href":"https:\/\/yotavis.ch\/de\/wp-json\/wp\/v2\/product_cat?post=3651"},{"taxonomy":"product_tag","embeddable":true,"href":"https:\/\/yotavis.ch\/de\/wp-json\/wp\/v2\/product_tag?post=3651"}],"curies":[{"name":"wp","href":"https:\/\/api.w.org\/{rel}","templated":true}]}}