{"id":3653,"date":"2025-10-09T00:00:00","date_gmt":"2025-10-08T22:00:00","guid":{"rendered":"https:\/\/yotavis.ch\/product\/f603me\/"},"modified":"2026-04-24T13:28:18","modified_gmt":"2026-04-24T11:28:18","slug":"f603me","status":"publish","type":"product","link":"https:\/\/yotavis.ch\/de\/produkt\/f603me\/","title":{"rendered":"F603ME"},"content":{"rendered":"<p>Das mechanische Kalibrierungs-Kit F603ME von Siglent wurde f\u00fcr die OSLT-Kalibrierung entwickelt und arbeitet in einem Frequenzbereich von DC bis 4,5 GHz. Es verf\u00fcgt \u00fcber einen 3,5-mm-SMA-Male-Stecker, der die Kompatibilit\u00e4t mit einer Vielzahl von Testger\u00e4ten gew\u00e4hrleistet. Dieses Kalibrierungsset dient der pr\u00e4zisen mechanischen Kalibrierung von Ger\u00e4ten, die genaue Signalmessungen bis zu 4,5 GHz ben\u00f6tigen. Die Verwendung eines 3,5-mm-Steckertyps unterst\u00fctzt zuverl\u00e4ssige und stabile Verbindungen w\u00e4hrend der Kalibrierungsprozesse. Das Kit eignet sich f\u00fcr Anwendungen, die konsistente und wiederholbare Kalibrierstandards \u00fcber den angegebenen Frequenzbereich erfordern. Sein Design konzentriert sich auf mechanische Kalibrierungsaufgaben und macht es zu einem Spezialwerkzeug f\u00fcr die Aufrechterhaltung der Messgenauigkeit in HF-Testumgebungen. Der F603ME ist Teil der Produktpalette von Siglent, die f\u00fcr technische Ger\u00e4te f\u00fcr elektronische Tests und Messungen bekannt ist.<\/p>","protected":false},"excerpt":{"rendered":"<p>Mechanical Calibration Kit: OSLT, DC &#8211; 4.5 GHz, 3.5mm SMA-Male connector<\/p>","protected":false},"featured_media":5253,"comment_status":"closed","ping_status":"closed","template":"","meta":{"_acf_changed":false,"slim_seo":{"title":"F603ME - YOTAVIS AG","description":"Mechanisches Kalibrierungs-Kit: OSLT, DC - 4,5 GHz, 3,5 mm SMA-Male-Stecker"}},"product_brand":[506],"product_cat":[526,528],"product_tag":[],"class_list":{"0":"post-3653","1":"product","2":"type-product","3":"status-publish","4":"has-post-thumbnail","6":"product_brand-siglent","7":"product_cat-accessories","8":"product_cat-calibration-kits","9":"pa_connector-35mm","11":"first","12":"instock","13":"taxable","14":"shipping-taxable","15":"purchasable","16":"product-type-simple"},"acf":[],"_links":{"self":[{"href":"https:\/\/yotavis.ch\/de\/wp-json\/wp\/v2\/product\/3653","targetHints":{"allow":["GET"]}}],"collection":[{"href":"https:\/\/yotavis.ch\/de\/wp-json\/wp\/v2\/product"}],"about":[{"href":"https:\/\/yotavis.ch\/de\/wp-json\/wp\/v2\/types\/product"}],"replies":[{"embeddable":true,"href":"https:\/\/yotavis.ch\/de\/wp-json\/wp\/v2\/comments?post=3653"}],"wp:featuredmedia":[{"embeddable":true,"href":"https:\/\/yotavis.ch\/de\/wp-json\/wp\/v2\/media\/5253"}],"wp:attachment":[{"href":"https:\/\/yotavis.ch\/de\/wp-json\/wp\/v2\/media?parent=3653"}],"wp:term":[{"taxonomy":"product_brand","embeddable":true,"href":"https:\/\/yotavis.ch\/de\/wp-json\/wp\/v2\/product_brand?post=3653"},{"taxonomy":"product_cat","embeddable":true,"href":"https:\/\/yotavis.ch\/de\/wp-json\/wp\/v2\/product_cat?post=3653"},{"taxonomy":"product_tag","embeddable":true,"href":"https:\/\/yotavis.ch\/de\/wp-json\/wp\/v2\/product_tag?post=3653"}],"curies":[{"name":"wp","href":"https:\/\/api.w.org\/{rel}","templated":true}]}}