{"id":3654,"date":"2025-10-09T00:00:00","date_gmt":"2025-10-08T22:00:00","guid":{"rendered":"https:\/\/yotavis.ch\/product\/f603fe\/"},"modified":"2026-04-24T13:28:19","modified_gmt":"2026-04-24T11:28:19","slug":"f603fe","status":"publish","type":"product","link":"https:\/\/yotavis.ch\/de\/produkt\/f603fe\/","title":{"rendered":"F603FE"},"content":{"rendered":"<p>Das mechanische Kalibrierkit F603FE von Siglent ist f\u00fcr die OSLT-Kalibrierung in einem Frequenzbereich von DC bis 4,5 GHz konzipiert. Es verf\u00fcgt \u00fcber einen 3,5-mm-SMA-Buchsenstecker, der die Kompatibilit\u00e4t mit einer Vielzahl von Testger\u00e4ten gew\u00e4hrleistet. Dieses Kalibrierungsset dient der pr\u00e4zisen mechanischen Kalibrierung von Ger\u00e4ten, die innerhalb des angegebenen Frequenzbereichs arbeiten. Die SMA-Buchse erm\u00f6glicht eine sichere und zuverl\u00e4ssige Verbindung w\u00e4hrend der Kalibrierungsvorg\u00e4nge. Das Kit unterst\u00fctzt Messungen und Einstellungen, die f\u00fcr die Aufrechterhaltung der Genauigkeit in HF-Testumgebungen erforderlich sind. Sein Design ist auf Anwendungen ausgerichtet, die eine Kalibrierung bei Frequenzen bis zu 4,5 GHz erfordern, und eignet sich somit f\u00fcr eine Reihe von elektronischen Testszenarien. Das Produkt ist Teil der Siglent-Produktreihe von Kalibrierungswerkzeugen und unterstreicht seine Rolle bei der Gew\u00e4hrleistung der Messintegrit\u00e4t in den relevanten Frequenzb\u00e4ndern.<\/p>","protected":false},"excerpt":{"rendered":"<p>Mechanical Calibration Kit: OSLT, DC &#8211; 4.5 GHz, 3.5mm SMA-Female connector<\/p>","protected":false},"featured_media":5255,"comment_status":"closed","ping_status":"closed","template":"","meta":{"_acf_changed":false,"slim_seo":{"title":"F603FE - YOTAVIS AG","description":"Mechanisches Kalibrierungs-Kit: OSLT, DC - 4,5 GHz, 3,5 mm SMA-Buchse"}},"product_brand":[506],"product_cat":[526,528],"product_tag":[],"class_list":{"0":"post-3654","1":"product","2":"type-product","3":"status-publish","4":"has-post-thumbnail","6":"product_brand-siglent","7":"product_cat-accessories","8":"product_cat-calibration-kits","9":"pa_connector-35mm","11":"first","12":"instock","13":"taxable","14":"shipping-taxable","15":"purchasable","16":"product-type-simple"},"acf":[],"_links":{"self":[{"href":"https:\/\/yotavis.ch\/de\/wp-json\/wp\/v2\/product\/3654","targetHints":{"allow":["GET"]}}],"collection":[{"href":"https:\/\/yotavis.ch\/de\/wp-json\/wp\/v2\/product"}],"about":[{"href":"https:\/\/yotavis.ch\/de\/wp-json\/wp\/v2\/types\/product"}],"replies":[{"embeddable":true,"href":"https:\/\/yotavis.ch\/de\/wp-json\/wp\/v2\/comments?post=3654"}],"wp:featuredmedia":[{"embeddable":true,"href":"https:\/\/yotavis.ch\/de\/wp-json\/wp\/v2\/media\/5255"}],"wp:attachment":[{"href":"https:\/\/yotavis.ch\/de\/wp-json\/wp\/v2\/media?parent=3654"}],"wp:term":[{"taxonomy":"product_brand","embeddable":true,"href":"https:\/\/yotavis.ch\/de\/wp-json\/wp\/v2\/product_brand?post=3654"},{"taxonomy":"product_cat","embeddable":true,"href":"https:\/\/yotavis.ch\/de\/wp-json\/wp\/v2\/product_cat?post=3654"},{"taxonomy":"product_tag","embeddable":true,"href":"https:\/\/yotavis.ch\/de\/wp-json\/wp\/v2\/product_tag?post=3654"}],"curies":[{"name":"wp","href":"https:\/\/api.w.org\/{rel}","templated":true}]}}