{"id":3655,"date":"2025-10-09T00:00:00","date_gmt":"2025-10-08T22:00:00","guid":{"rendered":"https:\/\/yotavis.ch\/product\/f504ms\/"},"modified":"2026-04-24T13:28:20","modified_gmt":"2026-04-24T11:28:20","slug":"f504ms","status":"publish","type":"product","link":"https:\/\/yotavis.ch\/de\/produkt\/f504ms\/","title":{"rendered":"F504MS"},"content":{"rendered":"<p>Das F504MS ist ein mechanisches Kalibrierungsset, das f\u00fcr die OSLT-Kalibrierung f\u00fcr Frequenzen von DC bis 9 GHz entwickelt wurde. Es verf\u00fcgt \u00fcber einen N-Male-Stecker, der die Kompatibilit\u00e4t mit verschiedenen Testaufbauten gew\u00e4hrleistet. Dieses von Siglent hergestellte Kit ist f\u00fcr pr\u00e4zise Kalibrierungsaufgaben innerhalb des spezifizierten Frequenzbereichs vorgesehen. Das mechanische Design unterst\u00fctzt zuverl\u00e4ssige und wiederholbare Verbindungen, die f\u00fcr genaue Kalibrierungsergebnisse unerl\u00e4sslich sind. Dieser Kalibriersatz eignet sich f\u00fcr den Einsatz in Umgebungen, in denen die Aufrechterhaltung der Signalintegrit\u00e4t \u00fcber ein breites Frequenzspektrum erforderlich ist. Seine Konstruktion und sein Steckertyp machen es zu einer praktischen Wahl f\u00fcr Fachleute, die mit Hochfrequenzmessungen arbeiten. Das F504MS bietet eine standardisierte L\u00f6sung f\u00fcr Kalibrierungsanforderungen bis zu 9 GHz.<\/p>","protected":false},"excerpt":{"rendered":"<p>Mechanical Calibration Kit: OSLT, DC &#8211; 9 GHz, N-Male connector<\/p>","protected":false},"featured_media":5256,"comment_status":"closed","ping_status":"closed","template":"","meta":{"_acf_changed":false,"slim_seo":{"title":"F504MS - YOTAVIS AG","description":"Mechanischer Kalibrierungssatz: OSLT, DC - 9 GHz, N-Male-Stecker"}},"product_brand":[506],"product_cat":[526,528],"product_tag":[],"class_list":{"0":"post-3655","1":"product","2":"type-product","3":"status-publish","4":"has-post-thumbnail","6":"product_brand-siglent","7":"product_cat-accessories","8":"product_cat-calibration-kits","9":"pa_connector-type-n","11":"first","12":"instock","13":"taxable","14":"shipping-taxable","15":"purchasable","16":"product-type-simple"},"acf":[],"_links":{"self":[{"href":"https:\/\/yotavis.ch\/de\/wp-json\/wp\/v2\/product\/3655","targetHints":{"allow":["GET"]}}],"collection":[{"href":"https:\/\/yotavis.ch\/de\/wp-json\/wp\/v2\/product"}],"about":[{"href":"https:\/\/yotavis.ch\/de\/wp-json\/wp\/v2\/types\/product"}],"replies":[{"embeddable":true,"href":"https:\/\/yotavis.ch\/de\/wp-json\/wp\/v2\/comments?post=3655"}],"wp:featuredmedia":[{"embeddable":true,"href":"https:\/\/yotavis.ch\/de\/wp-json\/wp\/v2\/media\/5256"}],"wp:attachment":[{"href":"https:\/\/yotavis.ch\/de\/wp-json\/wp\/v2\/media?parent=3655"}],"wp:term":[{"taxonomy":"product_brand","embeddable":true,"href":"https:\/\/yotavis.ch\/de\/wp-json\/wp\/v2\/product_brand?post=3655"},{"taxonomy":"product_cat","embeddable":true,"href":"https:\/\/yotavis.ch\/de\/wp-json\/wp\/v2\/product_cat?post=3655"},{"taxonomy":"product_tag","embeddable":true,"href":"https:\/\/yotavis.ch\/de\/wp-json\/wp\/v2\/product_tag?post=3655"}],"curies":[{"name":"wp","href":"https:\/\/api.w.org\/{rel}","templated":true}]}}