{"id":3656,"date":"2025-10-09T00:00:00","date_gmt":"2025-10-08T22:00:00","guid":{"rendered":"https:\/\/yotavis.ch\/product\/f504fs\/"},"modified":"2026-04-24T13:28:21","modified_gmt":"2026-04-24T11:28:21","slug":"f504fs","status":"publish","type":"product","link":"https:\/\/yotavis.ch\/de\/produkt\/f504fs\/","title":{"rendered":"F504FS"},"content":{"rendered":"<p>Das mechanische Kalibrierungs-Kit F504FS von Siglent ist f\u00fcr die OSLT-Kalibrierung im Frequenzbereich von DC bis 9 GHz konzipiert. Es verf\u00fcgt \u00fcber eine N-Buchse, die die Kompatibilit\u00e4t mit verschiedenen Testaufbauten gew\u00e4hrleistet. Dieses Kalibrierungs-Kit dient der pr\u00e4zisen mechanischen Kalibrierung von Messger\u00e4ten innerhalb des angegebenen Frequenzbereichs. Die OSLT-Kalibrierungsf\u00e4higkeit weist auf die Verwendung bei Leerlauf-, Kurzschluss-, Last- und Durchgangskalibrierungsverfahren hin. Das Produkt wurde entwickelt, um genaue und zuverl\u00e4ssige Kalibrierungsprozesse zu unterst\u00fctzen, die f\u00fcr die Aufrechterhaltung der Messintegrit\u00e4t in HF-Testumgebungen unerl\u00e4sslich sind. Durch sein Design und den Steckertyp eignet es sich f\u00fcr die Integration in Ger\u00e4te, die N-Female-Anschl\u00fcsse erfordern. Die Frequenzabdeckung bis zu 9 GHz erm\u00f6glicht den Einsatz in einem breiten Spektrum von Anwendungen, die Hochfrequenzsignalmessungen beinhalten.<\/p>","protected":false},"excerpt":{"rendered":"<p>Mechanical Calibration Kit: OSLT, DC &#8211; 9 GHz, N-Female connector<\/p>","protected":false},"featured_media":5257,"comment_status":"closed","ping_status":"closed","template":"","meta":{"_acf_changed":false,"slim_seo":{"title":"F504FS - YOTAVIS AG","description":"Mechanischer Kalibrierungssatz: OSLT, DC - 9 GHz, N-Buchse"}},"product_brand":[506],"product_cat":[526,528],"product_tag":[],"class_list":{"0":"post-3656","1":"product","2":"type-product","3":"status-publish","4":"has-post-thumbnail","6":"product_brand-siglent","7":"product_cat-accessories","8":"product_cat-calibration-kits","9":"pa_connector-type-n","11":"first","12":"instock","13":"taxable","14":"shipping-taxable","15":"purchasable","16":"product-type-simple"},"acf":[],"_links":{"self":[{"href":"https:\/\/yotavis.ch\/de\/wp-json\/wp\/v2\/product\/3656","targetHints":{"allow":["GET"]}}],"collection":[{"href":"https:\/\/yotavis.ch\/de\/wp-json\/wp\/v2\/product"}],"about":[{"href":"https:\/\/yotavis.ch\/de\/wp-json\/wp\/v2\/types\/product"}],"replies":[{"embeddable":true,"href":"https:\/\/yotavis.ch\/de\/wp-json\/wp\/v2\/comments?post=3656"}],"wp:featuredmedia":[{"embeddable":true,"href":"https:\/\/yotavis.ch\/de\/wp-json\/wp\/v2\/media\/5257"}],"wp:attachment":[{"href":"https:\/\/yotavis.ch\/de\/wp-json\/wp\/v2\/media?parent=3656"}],"wp:term":[{"taxonomy":"product_brand","embeddable":true,"href":"https:\/\/yotavis.ch\/de\/wp-json\/wp\/v2\/product_brand?post=3656"},{"taxonomy":"product_cat","embeddable":true,"href":"https:\/\/yotavis.ch\/de\/wp-json\/wp\/v2\/product_cat?post=3656"},{"taxonomy":"product_tag","embeddable":true,"href":"https:\/\/yotavis.ch\/de\/wp-json\/wp\/v2\/product_tag?post=3656"}],"curies":[{"name":"wp","href":"https:\/\/api.w.org\/{rel}","templated":true}]}}