{"id":3658,"date":"2025-10-09T00:00:00","date_gmt":"2025-10-08T22:00:00","guid":{"rendered":"https:\/\/yotavis.ch\/product\/f604fs\/"},"modified":"2026-04-24T13:28:22","modified_gmt":"2026-04-24T11:28:22","slug":"f604fs","status":"publish","type":"product","link":"https:\/\/yotavis.ch\/de\/produkt\/f604fs\/","title":{"rendered":"F604FS"},"content":{"rendered":"<p>Das Siglent F604FS Mechanische Kalibrierungs-Kit ist f\u00fcr die Verwendung mit OSLT-Kalibrierung von DC bis 9 GHz konzipiert. Es verf\u00fcgt \u00fcber einen 3,5-mm-SMA-Buchsenstecker, der die Kompatibilit\u00e4t mit einer Reihe von Testger\u00e4ten gew\u00e4hrleistet. Dieses Kalibrierungs-Kit dient der pr\u00e4zisen mechanischen Kalibrierung von Ger\u00e4ten, die innerhalb des angegebenen Frequenzbereichs arbeiten. Das Kit unterst\u00fctzt Messungen und Einstellungen, die f\u00fcr die Aufrechterhaltung der Genauigkeit bei Hochfrequenzanwendungen erforderlich sind. Aufgrund seiner Konstruktion und des Steckertyps eignet es sich f\u00fcr die Integration in verschiedene Testaufbauten, die zuverl\u00e4ssige Kalibrierungsstandards erfordern. Die Frequenzabdeckung von DC bis 9 GHz erm\u00f6glicht den Einsatz in verschiedenen Szenarien der Hochfrequenz- und Mikrowellenpr\u00fcfung. Das mechanische Kalibrierungsset ist eine Komponente, die bei der \u00dcberpr\u00fcfung und Kalibrierung von Messinstrumenten hilft, um eine gleichbleibende Leistung \u00fcber einen l\u00e4ngeren Zeitraum zu gew\u00e4hrleisten.<\/p>","protected":false},"excerpt":{"rendered":"<p>Mechanical Calibration Kit: OSLT, DC &#8211; 9 GHz, 3.5mm SMA-Female connector<\/p>","protected":false},"featured_media":5260,"comment_status":"closed","ping_status":"closed","template":"","meta":{"_acf_changed":false,"slim_seo":{"title":"F604FS - YOTAVIS AG","description":"Mechanisches Kalibrierungs-Kit: OSLT, DC - 9 GHz, 3,5 mm SMA-Buchse"}},"product_brand":[506],"product_cat":[526,528],"product_tag":[],"class_list":{"0":"post-3658","1":"product","2":"type-product","3":"status-publish","4":"has-post-thumbnail","6":"product_brand-siglent","7":"product_cat-accessories","8":"product_cat-calibration-kits","9":"pa_connector-35mm","11":"first","12":"instock","13":"taxable","14":"shipping-taxable","15":"purchasable","16":"product-type-simple"},"acf":[],"_links":{"self":[{"href":"https:\/\/yotavis.ch\/de\/wp-json\/wp\/v2\/product\/3658","targetHints":{"allow":["GET"]}}],"collection":[{"href":"https:\/\/yotavis.ch\/de\/wp-json\/wp\/v2\/product"}],"about":[{"href":"https:\/\/yotavis.ch\/de\/wp-json\/wp\/v2\/types\/product"}],"replies":[{"embeddable":true,"href":"https:\/\/yotavis.ch\/de\/wp-json\/wp\/v2\/comments?post=3658"}],"wp:featuredmedia":[{"embeddable":true,"href":"https:\/\/yotavis.ch\/de\/wp-json\/wp\/v2\/media\/5260"}],"wp:attachment":[{"href":"https:\/\/yotavis.ch\/de\/wp-json\/wp\/v2\/media?parent=3658"}],"wp:term":[{"taxonomy":"product_brand","embeddable":true,"href":"https:\/\/yotavis.ch\/de\/wp-json\/wp\/v2\/product_brand?post=3658"},{"taxonomy":"product_cat","embeddable":true,"href":"https:\/\/yotavis.ch\/de\/wp-json\/wp\/v2\/product_cat?post=3658"},{"taxonomy":"product_tag","embeddable":true,"href":"https:\/\/yotavis.ch\/de\/wp-json\/wp\/v2\/product_tag?post=3658"}],"curies":[{"name":"wp","href":"https:\/\/api.w.org\/{rel}","templated":true}]}}